{"id":5,"date":"2010-11-26T11:57:04","date_gmt":"2010-11-26T15:57:04","guid":{"rendered":"http:\/\/ciepo.org\/web\/?page_id=5"},"modified":"2020-06-17T20:00:25","modified_gmt":"2020-06-18T00:00:25","slug":"proyectos","status":"publish","type":"page","link":"https:\/\/ciepo.org\/web\/proyectos\/","title":{"rendered":"Programas y Proyectos"},"content":{"rendered":"<p>[vc_row][vc_column width=&#8221;1\/2&#8243;][vc_column_text]<\/p>\n<h3>L\u00cdNEAS DE TRABAJO APOYA CIEPO<\/h3>\n<p><span style=\"color: #000000;\">Los programas que ejecutamos son los siguientes:&nbsp; Programa Econ\u00f3mico Productivo, que consiste en una Unidad de Cr\u00e9dito que beneficia a cientos de productores agropecuarios y microempresas; Unidad de Proyectos Productivos, Apoyo a las Empresas Asociativas, y una Unidad de Preservaci\u00f3n de los Recursos Naturales.&nbsp; Programa de Capacitaci\u00f3n y Acci\u00f3n Comunitaria, consistente en acompa\u00f1amiento sistem\u00e1tico a los grupos de Base, Fortalecimiento a las Capacidades Locales, y una Unidad de Gesti\u00f3n de Riesgo y Respuesta a Emergencia.<\/span><\/p>\n<p><span style=\"color: #000000;\">El trabajo de CIEPO es financiado por diferentes institucionales que reconocen nuestro trabajo, nacionales e internacionales, dentro de los cuales esta: Interm\u00f3n Oxfam, la Agencia Espa\u00f1ola de Cooperaci\u00f3n Internacional, (AECI), Veterinarios Sin Fronteras, (VSF), Educaci\u00f3n Sin Fronteras, (ESF), la Cooperaci\u00f3n T\u00e9cnica Alemana, (GTZ), la Uni\u00f3n Europea, la ONFED, el Programa de Peque\u00f1os Subsidios (PPS\/PNUD), la Agencia Canadiense Plan Nagua, entre otras.&nbsp;<\/span><\/p>\n<h4><span style=\"color: #000000;\"><strong><u>Pol\u00edtica de G\u00e9nero<\/u><\/strong><\/span><\/h4>\n<p><span style=\"color: #000000;\">CIEPO tiene definida una pol\u00edtica de trabajar por la igualdad de hombres y mujeres.&nbsp; Sus miembros\/as, y su personal operativo, t\u00e9cnicos y promotores han participado en procesos de formaci\u00f3n en la tem\u00e1tica de g\u00e9nero.&nbsp; El trabajo de acompa\u00f1amiento y promoci\u00f3n en los grupos de base est\u00e1 dirigido a que sus miembros\/as tengan igual oportunidad ante el cr\u00e9dito y la capacitaci\u00f3n.&nbsp;&nbsp; En la actualidad trabajamos de manera sistem\u00e1tica un total de 12 grupos de mujeres, los cuales se aglutinan en la Federaci\u00f3n de Mujeres Microempresarias de la Provincia Independencia, Inc.<\/span>[\/vc_column_text][\/vc_column][vc_column width=&#8221;1\/2&#8243;][vc_column_text]<\/p>\n<h3>Proyectos<\/h3>\n<p>[\/vc_column_text][vc_single_image image=&#8221;25075&#8243; img_size=&#8221;full&#8221; onclick=&#8221;custom_link&#8221; css_animation=&#8221;fadeIn&#8221; link=&#8221;http:\/\/ciepo.org\/web\/proyectos\/proyecto-saneamiento-ambiental-3-municipios-independencia\/&#8221;][vc_toggle title=&#8221;Informes Finales de Proyectos&#8221; style=&#8221;square&#8221; css_animation=&#8221;fadeIn&#8221;]<a href=\"http:\/\/ciepo.org\/web\/wp-content\/uploads\/2019\/10\/CIEPO-Informe-Final-con-apoyo-financiero-de-MAMDIPROI.pdf\">Informe Final con Apoyo Financiero de MAMDIPROI<\/a><\/p>\n<p><a href=\"http:\/\/ciepo.org\/web\/wp-content\/uploads\/2019\/10\/Inf.-Final-de-Evaluacion-Proyecto-3896-CIEPO-Intermon-Oxfam-1.pdf\">Informe Final de Evaluacion Proyecto 3896 &#8211; Intermon Oxfam<\/a>[\/vc_toggle][vc_toggle title=&#8221;Licitaciones&#8221; style=&#8221;square&#8221; css_animation=&#8221;fadeIn&#8221;]<a href=\"http:\/\/ciepo.org\/web\/wp-content\/uploads\/2020\/02\/CIEPO-Licitaci\u00f3n-Contrataci\u00f3n-Especialista-Revision-de-Diagnostico.pdf\">Contrataci\u00f3n Especialista Revisi\u00f3n de Diagnostico<\/a><\/p>\n<p><a href=\"http:\/\/ciepo.org\/web\/wp-content\/uploads\/2020\/02\/CIEPO-Licitaci\u00f3n-Planes-Municipales-de-Gesti\u00f3n-de-Residuos-Solidos.pdf\">Planes Municipales de Gesti\u00f3n de Residuos S\u00f3lidos<\/a><\/p>\n<p><a href=\"http:\/\/ciepo.org\/web\/wp-content\/uploads\/2020\/06\/CIEPO-Licitaci\u00f3n-Talleres-sobre-Residuos-Solidos.pdf\">Talleres sobre Residuos S\u00f3lidos<\/a>[\/vc_toggle][\/vc_column][\/vc_row][vc_row][vc_column][vc_column_text]<\/p>\n<div style=\"text-align: justify;\">\n<h4><span style=\"color: #000000;\"><strong><u>Pol\u00edtica de Manejo de los Recursos Naturales.<\/u><\/strong><\/span><\/h4>\n<p><span style=\"color: #000000;\">El CIEPO promueve el manejo racional del bosque seco, la agricultura sostenible y desde una perspectiva medioambiental, aboga por un manejo de las \u00e1reas monta\u00f1osas donde realiza su trabajo de acompa\u00f1amiento productivo.<\/span><\/p>\n<p><span style=\"color: #000000;\">Se busca desarrollar acciones para la conservaci\u00f3n y uso sostenible de los recursos naturales, reducir los efectos negativos en los sistemas de producci\u00f3n agr\u00edcola y el cambio clim\u00e1tico, a trav\u00e9s de la conservaci\u00f3n de suelo, la recuperaci\u00f3n de suelo, la recuperaci\u00f3n forestal y la instalaci\u00f3n de sistemas de energ\u00eda solar.<\/span><\/p>\n<h4><span style=\"color: #000000;\"><strong><u>Pol\u00edtica de Fomento y Diversificaci\u00f3n Agropecuaria<\/u><\/strong><\/span><\/h4>\n<p><span style=\"color: #000000;\">Con la dotaci\u00f3n de cr\u00e9ditos a intereses blandos CIEPO orienta la formaci\u00f3n de los campesinos y las campesinas para que implementen proyectos agr\u00edcolas y pecuarios no degradantes y econ\u00f3micamente rentables.<\/span><\/p>\n<h4><span style=\"color: #000000;\"><strong><u>Pol\u00edtica de Reducci\u00f3n del Desempleo<\/u><\/strong><\/span><\/h4>\n<p><span style=\"color: #000000;\">Por medio del Fondo Rotatorio CIEPO desarrolla de manera asociativa e individual proyectos agropecuarios, industriales y de comercializaci\u00f3n que generan empleo familiar y elevan el ingreso de los asociados (as) y de un peque\u00f1o segmento de la poblaci\u00f3n no asociada<em>.<\/em><\/span><\/p>\n<p><span style=\"color: #000000;\">En cada una de las acciones llevadas a cabo con miras a la reducci\u00f3n del desempleo, est\u00e1 concebida equilibrar la participaci\u00f3n de hombres y mujeres.&nbsp; Con esto buscamos que las mujeres asociadas tengan sus propias iniciativas econ\u00f3micas, que rompan con los lazos hist\u00f3ricos de dependencia.&nbsp;<\/span><\/p>\n<p><span style=\"color: #000000;\">El rol que habr\u00e1 de ocupar los hombres y las mujeres en las diferentes iniciativas de proyectos puestas en marcha les permitir\u00e1 la generaci\u00f3n de ingresos y con ello la consolidaci\u00f3n de sus organizaciones de base, como entes de desarrollo en el interior de sus comunidades y en el seno de sus familias.<\/span><\/p>\n<\/div>\n<p>[\/vc_column_text][\/vc_column][\/vc_row][vc_row][vc_column][\/vc_column][\/vc_row]<\/p>\n","protected":false},"excerpt":{"rendered":"<p>[vc_row][vc_column width=&#8221;1\/2&#8243;][vc_column_text] L\u00cdNEAS DE TRABAJO APOYA CIEPO Los programas que ejecutamos son los siguientes:&nbsp; Programa Econ\u00f3mico Productivo, que consiste en una Unidad de Cr\u00e9dito que beneficia a cientos de productores agropecuarios y microempresas; Unidad de Proyectos Productivos, Apoyo a las Empresas Asociativas, y una Unidad de Preservaci\u00f3n de los Recursos Naturales.&nbsp; Programa de Capacitaci\u00f3n y [&hellip;]<\/p>\n","protected":false},"author":1,"featured_media":0,"parent":0,"menu_order":1,"comment_status":"closed","ping_status":"open","template":"","meta":{"footnotes":""},"_links":{"self":[{"href":"https:\/\/ciepo.org\/web\/wp-json\/wp\/v2\/pages\/5"}],"collection":[{"href":"https:\/\/ciepo.org\/web\/wp-json\/wp\/v2\/pages"}],"about":[{"href":"https:\/\/ciepo.org\/web\/wp-json\/wp\/v2\/types\/page"}],"author":[{"embeddable":true,"href":"https:\/\/ciepo.org\/web\/wp-json\/wp\/v2\/users\/1"}],"replies":[{"embeddable":true,"href":"https:\/\/ciepo.org\/web\/wp-json\/wp\/v2\/comments?post=5"}],"version-history":[{"count":26,"href":"https:\/\/ciepo.org\/web\/wp-json\/wp\/v2\/pages\/5\/revisions"}],"predecessor-version":[{"id":24761,"href":"https:\/\/ciepo.org\/web\/wp-json\/wp\/v2\/pages\/5\/revisions\/24761"}],"wp:attachment":[{"href":"https:\/\/ciepo.org\/web\/wp-json\/wp\/v2\/media?parent=5"}],"curies":[{"name":"wp","href":"https:\/\/api.w.org\/{rel}","templated":true}]}}