{"id":25333,"date":"2021-09-30T18:45:35","date_gmt":"2021-09-30T18:45:35","guid":{"rendered":"https:\/\/ciepo.org\/nbsime\/?page_id=489"},"modified":"2024-02-21T13:57:35","modified_gmt":"2024-02-21T17:57:35","slug":"programas-y-proyectos","status":"publish","type":"page","link":"https:\/\/ciepo.org\/web\/programas-y-proyectos\/","title":{"rendered":"PROGRAMAS Y PROYECTOS"},"content":{"rendered":"<div class='flex_column av-ofd0h-03d4601cfbfb968a61f83948c0e8e999 av_one_full  avia-builder-el-0  el_before_av_three_fifth  avia-builder-el-first  first flex_column_div '   ><p>\n<style type=\"text\/css\" data-created_by=\"avia_inline_auto\" id=\"style-css-av-ku79e5rg-9d67ea6b75cca69ff7a743be3b1f2045\">\n#top .av-special-heading.av-ku79e5rg-9d67ea6b75cca69ff7a743be3b1f2045{\npadding-bottom:10px;\n}\n<\/style>\n<div  class='av-special-heading av-ku79e5rg-9d67ea6b75cca69ff7a743be3b1f2045 av-special-heading-h2 blockquote elegant-quote elegant-centered  avia-builder-el-1  el_before_av_hr  avia-builder-el-first  '><h2 class='av-special-heading-tag '  itemprop=\"headline\"  ><span class=\"heading-wrap\">Programas y Proyectos<\/span><\/h2><div class='special-heading-border'><div class='special-heading-inner-border'><\/div><\/div><\/div><br \/>\n\n<style type=\"text\/css\" data-created_by=\"avia_inline_auto\" id=\"style-css-av-k6mk1-ad2f2d0bb83518705694fb24815f0d67\">\n#top .hr.hr-invisible.av-k6mk1-ad2f2d0bb83518705694fb24815f0d67{\nheight:30px;\n}\n<\/style>\n<div  class='hr av-k6mk1-ad2f2d0bb83518705694fb24815f0d67 hr-invisible  avia-builder-el-2  el_after_av_heading  avia-builder-el-last  '><span class='hr-inner '><span class=\"hr-inner-style\"><\/span><\/span><\/div><\/p><\/div>\n<div class='flex_column av-djccx-4ac9680e4489cfdfaac472f6447a0203 av_three_fifth  avia-builder-el-3  el_after_av_one_full  el_before_av_two_fifth  first flex_column_div column-top-margin'   ><section class=\"av_textblock_section \"  itemscope=\"itemscope\" itemtype=\"https:\/\/schema.org\/CreativeWork\" ><div class='avia_textblock  '   itemprop=\"text\" ><h3>L\u00cdNEAS DE TRABAJO APOYA CIEPO<\/h3>\n<p><span style=\"color: #000000;\">Los programas que ejecutamos son los siguientes:\u00a0 Programa Econ\u00f3mico Productivo, que consiste en una Unidad de Cr\u00e9dito que beneficia a cientos de productores agropecuarios y microempresas; Unidad de Proyectos Productivos, Apoyo a las Empresas Asociativas, y una Unidad de Preservaci\u00f3n de los Recursos Naturales.\u00a0 Programa de Capacitaci\u00f3n y Acci\u00f3n Comunitaria, consistente en acompa\u00f1amiento sistem\u00e1tico a los grupos de Base, Fortalecimiento a las Capacidades Locales, y una Unidad de Gesti\u00f3n de Riesgo y Respuesta a Emergencia.<\/span><\/p>\n<p><span style=\"color: #000000;\">El trabajo de CIEPO es financiado por diferentes institucionales que reconocen nuestro trabajo, nacionales e internacionales, dentro de los cuales esta: Interm\u00f3n Oxfam, la Agencia Espa\u00f1ola de Cooperaci\u00f3n Internacional, (AECI), Veterinarios Sin Fronteras, (VSF), Educaci\u00f3n Sin Fronteras, (ESF), la Cooperaci\u00f3n T\u00e9cnica Alemana, (GTZ), la Uni\u00f3n Europea, la ONFED, el Programa de Peque\u00f1os Subsidios (PPS\/PNUD), la Agencia Canadiense Plan Nagua, entre otras.\u00a0<\/span><\/p>\n<h4><span style=\"color: #000000;\"><strong><u>Pol\u00edtica de G\u00e9nero<\/u><\/strong><\/span><\/h4>\n<p><span style=\"color: #000000;\">CIEPO tiene definida una pol\u00edtica de trabajar por la igualdad de hombres y mujeres.\u00a0 Sus miembros\/as, y su personal operativo, t\u00e9cnicos y promotores han participado en procesos de formaci\u00f3n en la tem\u00e1tica de g\u00e9nero.\u00a0 El trabajo de acompa\u00f1amiento y promoci\u00f3n en los grupos de base est\u00e1 dirigido a que sus miembros\/as tengan igual oportunidad ante el cr\u00e9dito y la capacitaci\u00f3n.\u00a0\u00a0 En la actualidad trabajamos de manera sistem\u00e1tica un total de 12 grupos de mujeres, los cuales se aglutinan en la Federaci\u00f3n de Mujeres Microempresarias de la Provincia Independencia, Inc.<\/span><\/p>\n<\/div><\/section><br \/>\n<section class=\"av_textblock_section \"  itemscope=\"itemscope\" itemtype=\"https:\/\/schema.org\/CreativeWork\" ><div class='avia_textblock  '   itemprop=\"text\" ><div style=\"text-align: justify;\">\n<h4><span style=\"color: #000000;\"><strong><u>Pol\u00edtica de Manejo de los Recursos Naturales.<\/u><\/strong><\/span><\/h4>\n<p><span style=\"color: #000000;\">El CIEPO promueve el manejo racional del bosque seco, la agricultura sostenible y desde una perspectiva medioambiental, aboga por un manejo de las \u00e1reas monta\u00f1osas donde realiza su trabajo de acompa\u00f1amiento productivo.<\/span><\/p>\n<p><span style=\"color: #000000;\">Se busca desarrollar acciones para la conservaci\u00f3n y uso sostenible de los recursos naturales, reducir los efectos negativos en los sistemas de producci\u00f3n agr\u00edcola y el cambio clim\u00e1tico, a trav\u00e9s de la conservaci\u00f3n de suelo, la recuperaci\u00f3n de suelo, la recuperaci\u00f3n forestal y la instalaci\u00f3n de sistemas de energ\u00eda solar.<\/span><\/p>\n<h4><span style=\"color: #000000;\"><strong><u>Pol\u00edtica de Fomento y Diversificaci\u00f3n Agropecuaria<\/u><\/strong><\/span><\/h4>\n<p><span style=\"color: #000000;\">Con la dotaci\u00f3n de cr\u00e9ditos a intereses blandos CIEPO orienta la formaci\u00f3n de los campesinos y las campesinas para que implementen proyectos agr\u00edcolas y pecuarios no degradantes y econ\u00f3micamente rentables.<\/span><\/p>\n<h4><span style=\"color: #000000;\"><strong><u>Pol\u00edtica de Reducci\u00f3n del Desempleo<\/u><\/strong><\/span><\/h4>\n<p><span style=\"color: #000000;\">Por medio del Fondo Rotatorio CIEPO desarrolla de manera asociativa e individual proyectos agropecuarios, industriales y de comercializaci\u00f3n que generan empleo familiar y elevan el ingreso de los asociados (as) y de un peque\u00f1o segmento de la poblaci\u00f3n no asociada<em>.<\/em><\/span><\/p>\n<p><span style=\"color: #000000;\">En cada una de las acciones llevadas a cabo con miras a la reducci\u00f3n del desempleo, est\u00e1 concebida equilibrar la participaci\u00f3n de hombres y mujeres.\u00a0 Con esto buscamos que las mujeres asociadas tengan sus propias iniciativas econ\u00f3micas, que rompan con los lazos hist\u00f3ricos de dependencia.\u00a0<\/span><\/p>\n<p><span style=\"color: #000000;\">El rol que habr\u00e1 de ocupar los hombres y las mujeres en las diferentes iniciativas de proyectos puestas en marcha les permitir\u00e1 la generaci\u00f3n de ingresos y con ello la consolidaci\u00f3n de sus organizaciones de base, como entes de desarrollo en el interior de sus comunidades y en el seno de sus familias.<\/span><\/p>\n<\/div>\n<\/div><\/section><\/p><\/div>\n<div class='flex_column av-7qbo1-ff4152d956aa09a258d6f71e02daf244 av_two_fifth  avia-builder-el-6  el_after_av_three_fifth  avia-builder-el-last  flex_column_div column-top-margin'   ><section class=\"av_textblock_section \"  itemscope=\"itemscope\" itemtype=\"https:\/\/schema.org\/CreativeWork\" ><div class='avia_textblock  '   itemprop=\"text\" ><h3>PROYECTOS<\/h3>\n<p><a href=\"https:\/\/ciepo.org\/web\/proyecto-de-saneamiento-ambiental-de-3-municipios-en-la-provincia-independencia\/\"><img loading=\"lazy\" decoding=\"async\" class=\"aligncenter wp-image-25231 size-full\" src=\"https:\/\/ciepo.org\/web\/wp-content\/uploads\/2021\/09\/Banner-Proyecto-Saneamiento-Enriquillo-2.png\" alt=\"\" width=\"1024\" height=\"746\" srcset=\"https:\/\/ciepo.org\/web\/wp-content\/uploads\/2021\/09\/Banner-Proyecto-Saneamiento-Enriquillo-2.png 1024w, https:\/\/ciepo.org\/web\/wp-content\/uploads\/2021\/09\/Banner-Proyecto-Saneamiento-Enriquillo-2-300x219.png 300w, https:\/\/ciepo.org\/web\/wp-content\/uploads\/2021\/09\/Banner-Proyecto-Saneamiento-Enriquillo-2-768x560.png 768w, https:\/\/ciepo.org\/web\/wp-content\/uploads\/2021\/09\/Banner-Proyecto-Saneamiento-Enriquillo-2-705x514.png 705w\" sizes=\"(max-width: 1024px) 100vw, 1024px\" \/><\/a><\/p>\n<\/div><\/section><br \/>\n\n<style type=\"text\/css\" data-created_by=\"avia_inline_auto\" id=\"style-css-av-l2nq93u2-89d9302131f67429e16c77cb4855a7b0\">\n#top .av-special-heading.av-l2nq93u2-89d9302131f67429e16c77cb4855a7b0{\npadding-bottom:10px;\n}\n<\/style>\n<div  class='av-special-heading av-l2nq93u2-89d9302131f67429e16c77cb4855a7b0 av-special-heading-h3  avia-builder-el-8  el_after_av_textblock  el_before_av_textblock  '><h3 class='av-special-heading-tag '  itemprop=\"headline\"  >Informes finales de proyectos<\/h3><div class='special-heading-border'><div class='special-heading-inner-border'><\/div><\/div><\/div><br \/>\n<section class=\"av_textblock_section \"  itemscope=\"itemscope\" itemtype=\"https:\/\/schema.org\/CreativeWork\" ><div class='avia_textblock  '   itemprop=\"text\" ><ul>\n<li><a href=\"https:\/\/ciepo.org\/web\/wp-content\/uploads\/2024\/02\/106286-Acuerdo-SBV-CIEPO-2024-sig.pdf\"><b>N\u00famero de Proyecto y T\u00edtulo: 106286 Conservaci\u00f3n Efectiva de Bienes y Servicios Ecosist\u00e9micos en Paisajes de Montana Amenazados (UNDP\/GEF PIMS 5761)<\/b><\/a><\/li>\n<li><span style=\"color: #4c90cd;\"><a href=\"https:\/\/ciepo.org\/web\/wp-content\/uploads\/2022\/07\/Informe-Final-Diagnostico-Excelencia-Educativa-CIEPO.pdf\"><span style=\"color: #4c90cd;\"><strong>Informe Final Diagn\u00f3stico Excelencia Educativa.<\/strong><\/span><\/a><\/span><\/li>\n<li><span style=\"color: #4c90cd;\"><strong><a style=\"color: #4c90cd;\" href=\"https:\/\/ciepo.org\/web\/wp-content\/uploads\/2022\/03\/CIEPO-INFORME-EJECUTIVO-CONTENTIVO-DE-UN-RESUMEN-CRONOLOGICO-DE-LAS-ACCIONES-DEL-CENTRO-DE-INVESTIGACION-Y-EDUCACION-POPULAR-INC.-1.pdf\">CIEPO &#8211; Informe ejecutico contentivo de un resumen cronol\u00f3gico de las aciones del Centro de Investigaci\u00f3n y Educaci\u00f3n Pupular, Inc.<\/a><\/strong><\/span><\/li>\n<li><span style=\"color: #4c90cd;\"><strong><a style=\"color: #4c90cd;\" href=\"https:\/\/ciepo.org\/nbsime\/wp-content\/uploads\/2021\/09\/CIEPO-Informe-Final-con-apoyo-financiero-de-MAMDIPROI.pdf\">Informe final con apoyo financiero de MAMDIPROI<\/a> <\/strong><\/span><\/li>\n<li><span style=\"color: #4c90cd;\"><strong><a style=\"color: #4c90cd;\" href=\"https:\/\/ciepo.org\/nbsime\/wp-content\/uploads\/2021\/09\/Inf.-Final-de-Evaluacion-Proyecto-3896-CIEPO-Intermon-Oxfam-1.pdf\">Informe final de evaluaci\u00f3n de proyecto 3896 &#8211; Intermon Oxfam<\/a><\/strong><\/span><\/li>\n<li><strong><a style=\"color: #4c90cd;\" href=\"https:\/\/ciepo.org\/web\/wp-content\/uploads\/2022\/05\/CIEPO-MEMORIAS-DE-PROYECTOS-EJECUTADOS-EN-EL-ANO-2021.pdf\">CIEPO &#8211; Memorias de proyectos ejecutados en el a\u00f1o 2021<\/a><\/strong><\/li>\n<\/ul>\n<\/div><\/section><br \/>\n\n<style type=\"text\/css\" data-created_by=\"avia_inline_auto\" id=\"style-css-av-w2qrbp-082691f0c828257aa751ab28582c5087\">\n#top .av-special-heading.av-w2qrbp-082691f0c828257aa751ab28582c5087{\npadding-bottom:10px;\n}\n<\/style>\n<div  class='av-special-heading av-w2qrbp-082691f0c828257aa751ab28582c5087 av-special-heading-h3  avia-builder-el-10  el_after_av_textblock  el_before_av_textblock  '><h3 class='av-special-heading-tag '  itemprop=\"headline\"  >Licitaciones<\/h3><div class='special-heading-border'><div class='special-heading-inner-border'><\/div><\/div><\/div><br \/>\n<section class=\"av_textblock_section \"  itemscope=\"itemscope\" itemtype=\"https:\/\/schema.org\/CreativeWork\" ><div class='avia_textblock  '   itemprop=\"text\" ><ul>\n<li><span style=\"color: #4c90cd;\"><strong><a style=\"color: #4c90cd;\" href=\"https:\/\/ciepo.org\/nbsime\/licitaciones\/\">Ver licitaciones<\/a><\/strong><\/span><\/li>\n<\/ul>\n<\/div><\/section><\/p><\/div>\n","protected":false},"excerpt":{"rendered":"","protected":false},"author":2,"featured_media":0,"parent":0,"menu_order":0,"comment_status":"closed","ping_status":"closed","template":"","meta":{"footnotes":""},"_links":{"self":[{"href":"https:\/\/ciepo.org\/web\/wp-json\/wp\/v2\/pages\/25333"}],"collection":[{"href":"https:\/\/ciepo.org\/web\/wp-json\/wp\/v2\/pages"}],"about":[{"href":"https:\/\/ciepo.org\/web\/wp-json\/wp\/v2\/types\/page"}],"author":[{"embeddable":true,"href":"https:\/\/ciepo.org\/web\/wp-json\/wp\/v2\/users\/2"}],"replies":[{"embeddable":true,"href":"https:\/\/ciepo.org\/web\/wp-json\/wp\/v2\/comments?post=25333"}],"version-history":[{"count":9,"href":"https:\/\/ciepo.org\/web\/wp-json\/wp\/v2\/pages\/25333\/revisions"}],"predecessor-version":[{"id":25741,"href":"https:\/\/ciepo.org\/web\/wp-json\/wp\/v2\/pages\/25333\/revisions\/25741"}],"wp:attachment":[{"href":"https:\/\/ciepo.org\/web\/wp-json\/wp\/v2\/media?parent=25333"}],"curies":[{"name":"wp","href":"https:\/\/api.w.org\/{rel}","templated":true}]}}