{"id":24792,"date":"2019-10-31T15:20:08","date_gmt":"2019-10-31T19:20:08","guid":{"rendered":"http:\/\/ciepo.org\/web\/?page_id=24792"},"modified":"2019-10-31T15:20:10","modified_gmt":"2019-10-31T19:20:10","slug":"justificacion-del-proyecto","status":"publish","type":"page","link":"https:\/\/ciepo.org\/web\/proyectos\/proyecto-saneamiento-ambiental-3-municipios-independencia\/justificacion-del-proyecto\/","title":{"rendered":"Justificaci\u00f3n del Proyecto"},"content":{"rendered":"\n<p>El\nproyecto ser\u00e1 ejecutado en tres municipios de la provincia Independencia, ubicada en el suroeste del pa\u00eds\nen la frontera con Hait\u00ed, y que se extiende\nsobre una superficie estimada de 2,007.4 km\u00b2.<\/p>\n\n\n\n<p>La\nprovincia est\u00e1 dividida en 6 municipios con\nsus respectivos distritos municipales: Jiman\u00ed,\ncabecera de la provincia, y sus distritos Boca de Cach\u00f3n y El Lim\u00f3n; Duverg\u00e9 y\nsu distrito Vengan a Ver; La Descubierta; Crist\u00f3bal y su distrito Batey 8;\nMella y su distrito La Colonia; y Postrer R\u00edo con su distrito Guayabal. Seg\u00fan el Censo Nacional del\n2010 la provincia cuenta con 52,589\nhabitantes, 80% de los cuales concentrados en\nla zona urbana. <\/p>\n\n\n\n<p>Los municipios de inter\u00e9s de esta acci\u00f3n ser\u00e1n Postrer R\u00edo, La Descubierta\ny Jiman\u00ed con sus respectivos distritos municipales.<\/p>\n\n\n\n<p>El\nterritorio de la provincia es caracterizado por la presencia del Lago\nEnriquillo, el cuerpo de agua m\u00e1s grande de las Antillas, y alrededor del cual\nse ubican los 6 municipios de la provincia. Actualmente el Lago Enriquillo\ntiene una extensi\u00f3n de 209 km\u00b2, superficie\nvariable en la medida que aumenta o disminuye su caudal de agua producto de\ntormentas, ciclones o per\u00edodos de sequ\u00eda y por la evaporaci\u00f3n aguda que se\nproduce en la regi\u00f3n, este \u00faltimo fen\u00f3meno provocado por el alto nivel de\nsalinidad de las aguas del lago.<\/p>\n\n\n\n<p>El lago\nes un \u00e1rea rica de biodiversidad y es recurso natural y ecotur\u00edstico de sumo\nvalor para la provincia y sus pobladores, siendo reconocida como un \u00e1rea\nprotegida a distintos niveles: a) Parque Nacional (de aplicaci\u00f3n local); b) Humedal RAMSAR de Importancia Internacional (No.1178), y\nc) Reserva de la Biosfera (UNESCO). Por estas razones es imperativa la necesidad de mantener\nsu preservaci\u00f3n, la cual en la actualidad es amenazada por el vertido\nincontrolado de los residuos s\u00f3lidos en la provincia, que representan un riesgo\npor la contaminaci\u00f3n del lago y por la salud de los mismos pobladores de la\nprovincia. <\/p>\n\n\n\n<p>Ya en\nel 2010 el PNUD en el marco del \u201cPerfil Socioecon\u00f3mico y Medio Ambiental de la\nprovincia Independencia\u201d se\u00f1alaba los problemas relacionados con la gesti\u00f3n de\nlos residuos solidos en la provincia, en particular la acumulaci\u00f3n de basura depositada\nen vertederos improvisados, debido a la falta de recursos de los ayuntamientos\npara la recogida y tratamiento adecuado de la misma. &nbsp;Seg\u00fan el Censo\nNacional del 2010 en la provincia\nIndependencia el 65,2% de la basura producida en los hogares de la provincia\nIndependencia hab\u00eda sido recogida por los ayuntamientos contra un promedio del\n73,2% registrado a nivel nacional, siendo los municipios de La Descubierta\n(48,7%), de Jiman\u00ed (49,3%) y de Postrer R\u00edo (51,5%) los ayuntamientos con las\ntasas de recogida m\u00e1s bajas. <\/p>\n\n\n\n<p>La\nbasura no recogida por los ayuntamientos por lo general es quemada directamente\npor los pobladores o tirada a las calles, con todas las consecuencias que esto\npueda generar. <\/p>\n\n\n\n<p>En 2017 los miembros de la\nOficina T\u00e9cnica de Programaci\u00f3n y Planificaci\u00f3n (OTIPI) de la Mancomunidad de\nMunicipios y Distritos Municipales de la Provincia Independencia, Republica\nDominicana (MAMDIPROI) han llevado a cabo el \u201cDiagnostico sobre los Vertederos Municipales en la\nprovincia Independencia\u201d.<\/p>\n\n\n\n<p>El\ndiagnostico ha relevado en la provincia la presencia de 11 vertederos\nmunicipales reconocidos, todos a cielo abierto, y desprovistos de cualquier\ntipo de manejo t\u00e9cnico y de relleno sanitario. Se ha observado tambi\u00e9n la\npresencia de vertederos improvisados de menor tama\u00f1o donde la poblaci\u00f3n\ndeposita los residuos. En ambos tipos de vertederos la basura es quemada casi\nde inmediato, y los desechos depositados son de todos tipos incluyendo residuos\nbiom\u00e9dicos (como jeringuillas) y desechos incombustibles como latas y vidrios. <\/p>\n\n\n\n<p>En los\n3 municipios de inter\u00e9s del proyecto se encuentran 6 vertederos, la mayor\u00eda de\nlos cuales son ubicados a una distancia m\u00ednima del lago Enriquillo, destacando\nlos de Jiman\u00ed y La Descubierta, entre los mayores de la provincia, y que se\nencuentran a menos de 500 metros de la orilla del lago: en caso de lluvias los\nresiduos son arrastrados hasta el lago o sus inmediaciones. En algunos casos\ncomo en Boca de Cach\u00f3n y Postrer R\u00edo, los vertederos se encuentran al lado o\nmuy cercanos a r\u00edos que confluyen en el lago, aumentando el riesgo de\ncontaminaci\u00f3n de esto. &nbsp;La contaminaci\u00f3n\ndel lago representa un peligro por el equilibro medioambiental de la regi\u00f3n, ya\nque pone en riesgo de extinci\u00f3n la fauna local. <\/p>\n\n\n\n<p>Ning\u00fan\ntipo de acci\u00f3n de reciclaje se realiza en los 3 municipios de inter\u00e9s, ni en la\nentera provincia. <\/p>\n\n\n\n<p>El\nmismo diagnostico se\u00f1ala adem\u00e1s que dada la cercan\u00eda relativa entre ciudades y\nla baja generaci\u00f3n de los municipios y distritos municipales involucrados no se\njustifica la existencia de 11 vertederos municipales en la provincia, y que por\nlo tanto el numero podr\u00eda ser significativamente reducidos, permitiendo un\nmejor manejo de estos, reduciendo los potenciales focos de contaminaci\u00f3n y\nmejorando las condiciones paisaj\u00edsticas de la provincia. Como dicho el\ndiagnostico considera los municipios de la provincia como de baja generaci\u00f3n es\ndecir con una producci\u00f3n inferior a las 15 toneladas por d\u00eda, aunque en la\nactualidad no se cuenta con datos certeros sobre este asunto.<\/p>\n\n\n\n<p>Para la\nformulaci\u00f3n de la presente propuesta de proyecto se ha llevado a cabo un\nan\u00e1lisis del marco legal dominicano y de las pol\u00edticas publicas existentes en\ntema medioambiental y de gesti\u00f3n de residuos solidos. En particular han sido\nanalizadas:<\/p>\n\n\n\n<p>&#8211; Ley\nGeneral sobre Medio Ambiente y Recursos Naturales 64-00<\/p>\n\n\n\n<p>&#8211; Ley\nGeneral de Salud P\u00fablica y Asistencia Social 42-01<\/p>\n\n\n\n<p>&#8211; Ley\nsobre el Distrito Municipal y los Municipios 176-07<\/p>\n\n\n\n<p>&#8211; Ley\n120-99 sobre la prohibici\u00f3n de tirar desperdicios de todos tipos en espacio\np\u00fablicos<\/p>\n\n\n\n<p>&#8211; Estrategia Nacional de Desarrollo \u2013END, Ley 1-12<\/p>\n\n\n\n<p>Adem\u00e1s,\nva mencionado que en el 2014 el Ministerio de Medioambiente y Recursos\nNaturales de la Rep\u00fablica Dominicana ha lanzado la \u201cPol\u00edtica para la Gesti\u00f3n\nIntegral de Residuos S\u00f3lidos Municipales (RSM)\u201d con el prop\u00f3sito de trazar las\nl\u00edneas de intervenci\u00f3n para enfrentar la emergencia de la gesti\u00f3n de los\nresiduos solidos en las zonas urbanas que el proceso acelerado y desordenado de\nurbanizaci\u00f3n y m\u00e1s en general de desarrollo ha causado en el pa\u00eds. De manera\nespecial, esta pol\u00edtica ha sido tomada en cuenta a la hora de trazar las l\u00edneas\ndirectrices de la presente propuesta.<\/p>\n\n\n<p><!--EndFragment--><br \/><br \/><\/p>","protected":false},"excerpt":{"rendered":"<p>El proyecto ser\u00e1 ejecutado en tres municipios de la provincia Independencia, ubicada en el suroeste del pa\u00eds en la frontera con Hait\u00ed, y que se extiende sobre una superficie estimada de 2,007.4 km\u00b2. La provincia est\u00e1 dividida en 6 municipios con sus respectivos distritos municipales: Jiman\u00ed, cabecera de la provincia, y sus distritos Boca de [&hellip;]<\/p>\n","protected":false},"author":2,"featured_media":0,"parent":24768,"menu_order":0,"comment_status":"closed","ping_status":"closed","template":"","meta":{"footnotes":""},"_links":{"self":[{"href":"https:\/\/ciepo.org\/web\/wp-json\/wp\/v2\/pages\/24792"}],"collection":[{"href":"https:\/\/ciepo.org\/web\/wp-json\/wp\/v2\/pages"}],"about":[{"href":"https:\/\/ciepo.org\/web\/wp-json\/wp\/v2\/types\/page"}],"author":[{"embeddable":true,"href":"https:\/\/ciepo.org\/web\/wp-json\/wp\/v2\/users\/2"}],"replies":[{"embeddable":true,"href":"https:\/\/ciepo.org\/web\/wp-json\/wp\/v2\/comments?post=24792"}],"version-history":[{"count":2,"href":"https:\/\/ciepo.org\/web\/wp-json\/wp\/v2\/pages\/24792\/revisions"}],"predecessor-version":[{"id":24794,"href":"https:\/\/ciepo.org\/web\/wp-json\/wp\/v2\/pages\/24792\/revisions\/24794"}],"up":[{"embeddable":true,"href":"https:\/\/ciepo.org\/web\/wp-json\/wp\/v2\/pages\/24768"}],"wp:attachment":[{"href":"https:\/\/ciepo.org\/web\/wp-json\/wp\/v2\/media?parent=24792"}],"curies":[{"name":"wp","href":"https:\/\/api.w.org\/{rel}","templated":true}]}}