{"id":24768,"date":"2019-10-31T14:55:53","date_gmt":"2019-10-31T18:55:53","guid":{"rendered":"http:\/\/ciepo.org\/web\/?page_id=24768"},"modified":"2020-06-08T10:16:05","modified_gmt":"2020-06-08T14:16:05","slug":"proyecto-saneamiento-ambiental-3-municipios-independencia","status":"publish","type":"page","link":"https:\/\/ciepo.org\/web\/proyectos\/proyecto-saneamiento-ambiental-3-municipios-independencia\/","title":{"rendered":"Proyecto de saneamiento ambiental de 3 municipios en la provincia Independencia"},"content":{"rendered":"<p>[vc_row][vc_column css=&#8221;.vc_custom_1591623513759{margin-top: -10px !important;}&#8221;][vc_single_image image=&#8221;25072&#8243; img_size=&#8221;full&#8221; alignment=&#8221;center&#8221; css_animation=&#8221;fadeIn&#8221;][\/vc_column][\/vc_row][vc_row][vc_column width=&#8221;2\/3&#8243;][vc_column_text]<\/p>\n<h4><strong>Resumen Ejecutivo<\/strong><\/h4>\n<table>\n<tbody>\n<tr>\n<td colspan=\"2\" width=\"295\">\n<p><strong>Nombre Oficial de la Organizaci\u00f3n<\/strong>:&nbsp;<\/p>\n<p><strong>Centro de Investigaci\u00f3n y Educaci\u00f3n Popular, Inc. (CIEPO)<\/strong><\/td>\n<td colspan=\"3\" width=\"281\">\n<p><strong>Tipo de Organizaci\u00f3n<\/strong>:<\/p>\n<p>Organizaci\u00f3n sin fines de lucro<\/td>\n<\/tr>\n<tr>\n<td colspan=\"5\" width=\"576\">\n<p><strong>Breve descripci\u00f3n de la organizaci\u00f3n: <\/strong><\/p>\n<p>El Centro de Investigaci\u00f3n y Educaci\u00f3n Popular, Inc. (CIEPO) es una organizaci\u00f3n sin fines de lucro creada en 1988 en el municipio de La Descubierta, provincia Independencia, con la misi\u00f3n de contribuir a mejorar la calidad de vida de la poblaci\u00f3n provincial ejecutando proyectos para fomentar su desarrollo integral. CIEPO ha gestionado proyectos de donantes cuales la Agencia Espa\u00f1ola de Cooperaci\u00f3n Internacional para el Desarrollo (AECID), el Banco Alem\u00e1n para la Reconstrucci\u00f3n (KFW), el Programa de Naciones Unidas para el Desarrollo (PNUD) y distintos ministerios de la Rep\u00fablica Dominicana, ejecutando acciones en temas de educaci\u00f3n, desarrollo agr\u00edcola, gesti\u00f3n de residuos solidos y acceso a servicios y recursos financieros entre otros.<\/td>\n<\/tr>\n<tr>\n<td colspan=\"5\" width=\"576\"><strong>Nombre Corto de la Organizaci\u00f3n:<\/strong> CIEPO<\/td>\n<\/tr>\n<tr>\n<td colspan=\"5\" width=\"576\"><strong>Persona contacto principal y puesto:<\/strong> Nelson Cuevas Medina \u2013 Director Ejecutivo<\/td>\n<\/tr>\n<tr>\n<td colspan=\"5\" width=\"576\"><strong>Email:<\/strong>&nbsp; <a href=\"mailto:ciepo@claro.net.do\">ciepo@claro.net.do<\/a><\/td>\n<\/tr>\n<tr>\n<td colspan=\"5\" width=\"576\">Direcci\u00f3n: Calle Padre Billini No. 4, La Descubierta, Provincia Independencia, Rep\u00fablica Dominicana<\/td>\n<\/tr>\n<tr>\n<td colspan=\"5\" width=\"576\"><strong>N\u00famero de Tel\u00e9fono<\/strong>: 809-996-3096<\/td>\n<\/tr>\n<tr>\n<td colspan=\"5\" width=\"576\"><strong>P\u00e1gina Web<\/strong>: <a href=\"http:\/\/ciepo.org\/web\/\">http:\/\/ciepo.org\/web\/<\/a><\/td>\n<\/tr>\n<tr>\n<td colspan=\"5\" width=\"576\"><strong>Redes Sociales<\/strong> (Facebook: ciepo Provincia Independencia Twitter: @CIEPO1 etc.):<\/td>\n<\/tr>\n<tr>\n<td colspan=\"5\" width=\"576\">Nombre del Proyecto propuesto: <strong>\u201cContribuir al saneamiento ambiental de 3 municipios aleda\u00f1os al Lago Enriquillo en la provincia Independencia, Rep\u00fablica Dominicana\u201d.<\/strong><\/td>\n<\/tr>\n<tr>\n<td colspan=\"5\" width=\"576\">\n<p><strong>Prop\u00f3sito del Proyecto y Resultados esperados: <\/strong><\/p>\n<p><strong>&nbsp;<\/strong><\/p>\n<p><strong>Prop\u00f3sito:<\/strong> Mejorar las capacidades de las instituciones gubernamentales y de la poblaci\u00f3n para reducir el impacto ambiental de los desechos s\u00f3lidos en tres municipios de la provincia Independencia, Republica Dominicana.<\/p>\n<p>&nbsp;<\/p>\n<p><strong>Resultado 1:<\/strong> Fortalecidas las capacidades institucionales y t\u00e9cnicas de 3 municipios de la Provincia Independencia para la gesti\u00f3n de los residuos s\u00f3lidos.<\/p>\n<p>&nbsp;<\/p>\n<p><strong>Resultado 2:<\/strong> Mejorado el conocimiento de la poblaci\u00f3n de 3 municipios de la provincia sobre el impacto ambiental causado por los desechos s\u00f3lidos.<\/p>\n<p>&nbsp;<\/p>\n<p><strong>Resultado 3:<\/strong> Creado un sistema piloto para la recolecci\u00f3n, reutilizaci\u00f3n y reciclaje de residuos solidos en el municipio de La Descubierta<\/td>\n<\/tr>\n<tr>\n<td colspan=\"5\" width=\"576\">\n<p><strong>Poblaci\u00f3n Objetivo: <\/strong><\/p>\n<p>&#8211;&nbsp;&nbsp;&nbsp;&nbsp;&nbsp;&nbsp;&nbsp;&nbsp;&nbsp; 60 funcionarios (al menos 50% mujeres) de los 3 ayuntamientos involucrados<\/p>\n<p>&#8211;&nbsp;&nbsp;&nbsp;&nbsp;&nbsp;&nbsp;&nbsp;&nbsp;&nbsp; 30.488 pobladores de los 3 municipios de inter\u00e9s beneficiados por la campa\u00f1a de sensibilizaci\u00f3n, y el piloto sobre reciclaje (municipio de La Descubierta).<\/p>\n<p>&#8211;&nbsp;&nbsp;&nbsp;&nbsp;&nbsp;&nbsp;&nbsp;&nbsp;&nbsp; 650 estudiantes (50% mujeres) beneficiados por los encuentros de sensibilizaci\u00f3n ambiental<\/p>\n<p>&#8211;&nbsp;&nbsp;&nbsp;&nbsp;&nbsp;&nbsp;&nbsp;&nbsp;&nbsp; 180 pobladores del municipio de La Descubierta, capacitados sobre el proceso de reciclaje de desechos solidos.<\/td>\n<\/tr>\n<tr>\n<td width=\"196\">\n<p><strong>Monto Total Proyecto (US$):<\/strong><\/p>\n<p>56.583.33<\/td>\n<td colspan=\"3\" width=\"198\">\n<p><strong>Monto Solicitado Donaci\u00f3n (US$):<\/strong><\/p>\n<p>47.840<\/td>\n<td width=\"182\">\n<p><strong>Monto Contrapartida (US$):<\/strong><\/p>\n<p>8.743.33<\/td>\n<\/tr>\n<tr>\n<td colspan=\"3\" width=\"310\">\u00c1reas geogr\u00e1ficas de intervenci\u00f3n: Municipios de La Descubierta, Postrer Rio y su distrito de Guayabal y Jiman\u00ed y sus distritos de Boca de Cach\u00f3n y El Lim\u00f3n.<\/td>\n<td colspan=\"2\" width=\"267\">\n<p><strong>Duraci\u00f3n del Proyecto (En Meses):<\/strong><\/p>\n<p>12 Meses<\/td>\n<\/tr>\n<\/tbody>\n<\/table>\n<p>[\/vc_column_text][\/vc_column][vc_column parallax=&#8221;content-moving-fade&#8221; parallax_image=&#8221;24486&#8243; width=&#8221;1\/3&#8243;][vc_column_text]<\/p>\n<h3 style=\"color: #ffffff;\">PROPUESTA NARRATIVA<\/h3>\n<p>[\/vc_column_text][vc_btn title=&#8221;JUSTIFICACI\u00d3N DEL PROYECTO&#8221; style=&#8221;gradient-custom&#8221; gradient_custom_color_1=&#8221;#21d2e2&#8243; gradient_custom_color_2=&#8221;#7099e8&#8243; align=&#8221;left&#8221; css_animation=&#8221;fadeInDown&#8221; button_block=&#8221;true&#8221; link=&#8221;url:http%3A%2F%2Fciepo.org%2Fweb%2Fproyectos%2Fproyecto-saneamiento-ambiental-3-municipios-independencia%2Fjustificacion-del-proyecto%2F||target:%20_blank|&#8221;][vc_btn title=&#8221;OBJETIVO(S) ESPEC\u00cdFICO(S) DEL PROYECTO Y RESULTADOS ESPERADOS&#8221; style=&#8221;gradient-custom&#8221; gradient_custom_color_1=&#8221;#21d2e2&#8243; gradient_custom_color_2=&#8221;#7099e8&#8243; align=&#8221;left&#8221; css_animation=&#8221;fadeInDown&#8221; button_block=&#8221;true&#8221; link=&#8221;url:http%3A%2F%2Fciepo.org%2Fweb%2Fproyectos%2Fproyecto-saneamiento-ambiental-3-municipios-independencia%2Fobjetivos-especificos-del-proyecto-y-resultados-esperados%2F||target:%20_blank|&#8221;][vc_btn title=&#8221;EXPERIENCIA Y PLAN ESTRAT\u00c9GICO DE LA ORGANIZACI\u00d3N&#8221; style=&#8221;gradient-custom&#8221; gradient_custom_color_1=&#8221;#21d2e2&#8243; gradient_custom_color_2=&#8221;#7099e8&#8243; align=&#8221;left&#8221; css_animation=&#8221;fadeInDown&#8221; button_block=&#8221;true&#8221; link=&#8221;url:http%3A%2F%2Fciepo.org%2Fweb%2Fproyectos%2Fproyecto-saneamiento-ambiental-3-municipios-independencia%2Fexperiencia-y-plan-estrategico-de-la-organizacion%2F%20_blank||target:%20_blank|&#8221;][vc_btn title=&#8221;ESTRATEGIA DE INTERVENCI\u00d3N&#8221; style=&#8221;gradient-custom&#8221; gradient_custom_color_1=&#8221;#21d2e2&#8243; gradient_custom_color_2=&#8221;#7099e8&#8243; align=&#8221;left&#8221; css_animation=&#8221;fadeInDown&#8221; button_block=&#8221;true&#8221; link=&#8221;url:http%3A%2F%2Fciepo.org%2Fweb%2Fproyectos%2Fproyecto-saneamiento-ambiental-3-municipios-independencia%2Festrategia-de-intervencion%2F||target:%20_blank|&#8221;][vc_btn title=&#8221;PARTICIPACI\u00d3N EQUITATIVA E INCLUSI\u00d3N SOCIAL&#8221; style=&#8221;gradient-custom&#8221; gradient_custom_color_1=&#8221;#21d2e2&#8243; gradient_custom_color_2=&#8221;#7099e8&#8243; align=&#8221;left&#8221; css_animation=&#8221;fadeInDown&#8221; button_block=&#8221;true&#8221; link=&#8221;url:http%3A%2F%2Fciepo.org%2Fweb%2Fproyectos%2Fproyecto-saneamiento-ambiental-3-municipios-independencia%2Fparticipacion-equitativa-e-inclusion-social%2F||target:%20_blank|&#8221;][vc_btn title=&#8221;ACTORES CLAVES Y ALIANZAS ESTRAT\u00c9GICAS&#8221; style=&#8221;gradient-custom&#8221; gradient_custom_color_1=&#8221;#21d2e2&#8243; gradient_custom_color_2=&#8221;#7099e8&#8243; align=&#8221;left&#8221; css_animation=&#8221;fadeInDown&#8221; button_block=&#8221;true&#8221; link=&#8221;url:http%3A%2F%2Fciepo.org%2Fweb%2Fproyectos%2Fproyecto-saneamiento-ambiental-3-municipios-independencia%2Factores-claves-y-alianzas-estrategicas%2F||target:%20_blank|&#8221;][vc_btn title=&#8221;PAPELES Y RESPONSABILIDADES DEL PERSONAL PRINCIPAL PROPUESTO&#8221; style=&#8221;gradient-custom&#8221; gradient_custom_color_1=&#8221;#21d2e2&#8243; gradient_custom_color_2=&#8221;#7099e8&#8243; align=&#8221;left&#8221; css_animation=&#8221;fadeInDown&#8221; button_block=&#8221;true&#8221; link=&#8221;url:http%3A%2F%2Fciepo.org%2Fweb%2Fpapel-y-responsabilidades-del-personal-principal-propuesto%2F||target:%20_blank|&#8221;][vc_btn title=&#8221;PLAN DE MONITOREO Y SEGUIMIENTO&#8221; style=&#8221;gradient-custom&#8221; gradient_custom_color_1=&#8221;#21d2e2&#8243; gradient_custom_color_2=&#8221;#7099e8&#8243; align=&#8221;left&#8221; css_animation=&#8221;fadeInDown&#8221; button_block=&#8221;true&#8221; link=&#8221;url:http%3A%2F%2Fciepo.org%2Fweb%2Fproyectos%2Fproyecto-saneamiento-ambiental-3-municipios-independencia%2Fplan-de-monitoreo-y-seguimiento%2F||target:%20_blank|&#8221;][vc_btn title=&#8221;SOSTENIBILIDAD&#8221; style=&#8221;gradient-custom&#8221; gradient_custom_color_1=&#8221;#21d2e2&#8243; gradient_custom_color_2=&#8221;#7099e8&#8243; align=&#8221;left&#8221; css_animation=&#8221;fadeInDown&#8221; button_block=&#8221;true&#8221; link=&#8221;url:http%3A%2F%2Fciepo.org%2Fweb%2Fproyectos%2Fproyecto-saneamiento-ambiental-3-municipios-independencia%2Fsostenibilidad%2F||target:%20_blank|&#8221;][vc_btn title=&#8221;CRONOGRAMA MENSUAL DEL PROYECTO INDICANDO LAS ACTIVIDADES PROPUESTAS&#8221; style=&#8221;gradient-custom&#8221; gradient_custom_color_1=&#8221;#21d2e2&#8243; gradient_custom_color_2=&#8221;#7099e8&#8243; align=&#8221;left&#8221; css_animation=&#8221;fadeInDown&#8221; button_block=&#8221;true&#8221; link=&#8221;url:http%3A%2F%2Fciepo.org%2Fweb%2Fproyectos%2Fproyecto-saneamiento-ambiental-3-municipios-independencia%2Fcronograma-mensual-del-proyecto-indicando-las-actividades-propuestas%2F||target:%20_blank|&#8221;][\/vc_column][\/vc_row]<\/p>\n","protected":false},"excerpt":{"rendered":"<p>[vc_row][vc_column css=&#8221;.vc_custom_1591623513759{margin-top: -10px !important;}&#8221;][vc_single_image image=&#8221;25072&#8243; img_size=&#8221;full&#8221; alignment=&#8221;center&#8221; css_animation=&#8221;fadeIn&#8221;][\/vc_column][\/vc_row][vc_row][vc_column width=&#8221;2\/3&#8243;][vc_column_text] Resumen Ejecutivo Nombre Oficial de la Organizaci\u00f3n:&nbsp; Centro de Investigaci\u00f3n y Educaci\u00f3n Popular, Inc. (CIEPO) Tipo de Organizaci\u00f3n: Organizaci\u00f3n sin fines de lucro Breve descripci\u00f3n de la organizaci\u00f3n: El Centro de Investigaci\u00f3n y Educaci\u00f3n Popular, Inc. (CIEPO) es una organizaci\u00f3n sin fines de lucro creada en [&hellip;]<\/p>\n","protected":false},"author":2,"featured_media":0,"parent":5,"menu_order":0,"comment_status":"closed","ping_status":"closed","template":"","meta":{"footnotes":""},"_links":{"self":[{"href":"https:\/\/ciepo.org\/web\/wp-json\/wp\/v2\/pages\/24768"}],"collection":[{"href":"https:\/\/ciepo.org\/web\/wp-json\/wp\/v2\/pages"}],"about":[{"href":"https:\/\/ciepo.org\/web\/wp-json\/wp\/v2\/types\/page"}],"author":[{"embeddable":true,"href":"https:\/\/ciepo.org\/web\/wp-json\/wp\/v2\/users\/2"}],"replies":[{"embeddable":true,"href":"https:\/\/ciepo.org\/web\/wp-json\/wp\/v2\/comments?post=24768"}],"version-history":[{"count":28,"href":"https:\/\/ciepo.org\/web\/wp-json\/wp\/v2\/pages\/24768\/revisions"}],"predecessor-version":[{"id":25418,"href":"https:\/\/ciepo.org\/web\/wp-json\/wp\/v2\/pages\/24768\/revisions\/25418"}],"up":[{"embeddable":true,"href":"https:\/\/ciepo.org\/web\/wp-json\/wp\/v2\/pages\/5"}],"wp:attachment":[{"href":"https:\/\/ciepo.org\/web\/wp-json\/wp\/v2\/media?parent=24768"}],"curies":[{"name":"wp","href":"https:\/\/api.w.org\/{rel}","templated":true}]}}