{"id":24712,"date":"2019-10-17T12:10:11","date_gmt":"2019-10-17T16:10:11","guid":{"rendered":"http:\/\/ciepo.org\/web\/?page_id=24712"},"modified":"2021-03-18T09:37:24","modified_gmt":"2021-03-18T13:37:24","slug":"transparencia","status":"publish","type":"page","link":"https:\/\/ciepo.org\/web\/transparencia\/","title":{"rendered":"Transparencia"},"content":{"rendered":"<p>[vc_row][vc_column width=&#8221;1\/2&#8243;][vc_tta_accordion shape=&#8221;square&#8221; color=&#8221;turquoise&#8221; active_section=&#8221;0&#8243; css_animation=&#8221;bottom-to-top&#8221; collapsible_all=&#8221;true&#8221; title=&#8221;Asamblea de miembros&#8221;][vc_tta_section title=&#8221;Acta de Asamblea de Miembros&#8221; tab_id=&#8221;1571328391300-a0daeb95-0f0b&#8221;][vc_column_text]<a href=\"http:\/\/ciepo.org\/web\/wp-content\/uploads\/2019\/10\/CIEPO-Acta-de-Asamblea-de-miembros-2018-2020.pdf\">Acta de Asamblea de miembros 2018-2020<\/a>[\/vc_column_text][\/vc_tta_section][vc_tta_section title=&#8221;Manual de Pol\u00edticas de Personal&#8221; tab_id=&#8221;1571345882372-6b4a2885-e416&#8243;][vc_column_text]<a href=\"http:\/\/ciepo.org\/web\/wp-content\/uploads\/2019\/10\/CIEPO-Manual-de-Politicas-de-Personal.pdf\">Manual de Politicas de Personal<\/a>[\/vc_column_text][\/vc_tta_section][\/vc_tta_accordion][\/vc_column][vc_column width=&#8221;1\/2&#8243;][vc_tta_accordion shape=&#8221;square&#8221; color=&#8221;turquoise&#8221; active_section=&#8221;1&#8243; css_animation=&#8221;bottom-to-top&#8221; collapsible_all=&#8221;true&#8221; title=&#8221;INFORMES&#8221;][vc_tta_section title=&#8221;INFORME DESEMPEN\u0303O DEPARTAMENTO PROVINCIAL 2017-2020&#8243; tab_id=&#8221;1597416564027-fb6566df-a763&#8243;][vc_column_text]<a href=\"http:\/\/ciepo.org\/web\/wp-content\/uploads\/2020\/08\/DEPARAMENTO-PROVINCIAL-DE-INDEPENDENCIA-INFORME-DESEMPEN\u0303O-DEPARTAMENTO-PROVINCIAL-2017-2020.pdf\">DEPARAMENTO PROVINCIAL DE INDEPENDENCIA &#8211; INFORME DESEMPEN\u0303O DEPARTAMENTO PROVINCIAL 2017-2020<\/a><\/p>\n<p><a href=\"http:\/\/ciepo.org\/web\/wp-content\/uploads\/2021\/03\/CIEPO-Registro-de-la-poblaci\u00f3n-beneficiaria-estimada-de-los-servicios-que-se-brindan.pdf\">Registro de la poblaci\u00f3n beneficiaria estimada de los servicios que se brindan<\/a><\/p>\n<p><a href=\"http:\/\/ciepo.org\/web\/wp-content\/uploads\/2021\/03\/CIEPO-Memoria-de-actividades-desarrolladas-a\u00f1o-2020-y-pr\u00f3ximo-a-desarrollar-por-la-instituci\u00f3n-2021.pdf\">Memoria de actividades desarrolladas a\u00f1o 2020 y pr\u00f3ximo a desarrollar por la instituci\u00f3n &#8211; 2021<\/a>[\/vc_column_text][\/vc_tta_section][\/vc_tta_accordion][\/vc_column][\/vc_row][vc_row][vc_column width=&#8221;1\/2&#8243;][vc_tta_accordion shape=&#8221;square&#8221; color=&#8221;turquoise&#8221; active_section=&#8221;0&#8243; css_animation=&#8221;bottom-to-top&#8221; collapsible_all=&#8221;true&#8221; title=&#8221;Declaraci\u00f3n Jurada&#8221;][vc_tta_section title=&#8221;Declaraci\u00f3n Jurada Informativa Anual&#8221; tab_id=&#8221;1571325801122-a168794a-adf9&#8243;][vc_column_text]<a href=\"http:\/\/ciepo.org\/web\/wp-content\/uploads\/2019\/10\/CIEPO-Declaraci\u00f3n-Jurada-Informativa-Anual-DGII.pdf\">Declaraci\u00f3n Jurada &#8211; 2019<\/a>[\/vc_column_text][\/vc_tta_section][\/vc_tta_accordion][\/vc_column][vc_column width=&#8221;1\/2&#8243;][vc_tta_accordion shape=&#8221;square&#8221; color=&#8221;turquoise&#8221; active_section=&#8221;0&#8243; css_animation=&#8221;bottom-to-top&#8221; collapsible_all=&#8221;true&#8221; title=&#8221;Estados Financieros&#8221;][vc_tta_section title=&#8221;Estados Financieros correspondientes al \u00faltimo a\u00f1o fiscal&#8221; tab_id=&#8221;1571328085078-a2226b87-3b8d&#8221;][vc_column_text]<a href=\"http:\/\/ciepo.org\/web\/wp-content\/uploads\/2019\/10\/CIEPO-Estados-Financieros-del-\u00faltimo-a\u00f1o-Fiscal-.pdf\">Estados Financieros del \u00faltimo a\u00f1o Fiscal<\/a><\/p>\n<p><a href=\"http:\/\/ciepo.org\/web\/wp-content\/uploads\/2021\/03\/CIEPO-Estado-financiero-\u00faltimo-a\u00f1o-fiscal-2020.pdf\">Estado financiero \u00faltimo a\u00f1o fiscal &#8211; 2020<\/a>[\/vc_column_text][\/vc_tta_section][\/vc_tta_accordion][\/vc_column][\/vc_row][vc_row][vc_column width=&#8221;1\/2&#8243;][vc_tta_accordion shape=&#8221;square&#8221; color=&#8221;turquoise&#8221; active_section=&#8221;0&#8243; css_animation=&#8221;bottom-to-top&#8221; collapsible_all=&#8221;true&#8221; title=&#8221;Certificados&#8221;][vc_tta_section title=&#8221;Habilitaci\u00f3n&#8221; tab_id=&#8221;1571324339931-b4420871-f5c8&#8243;][vc_column_text]<a href=\"http:\/\/ciepo.org\/web\/wp-content\/uploads\/2019\/10\/CIEPO-Licencia-de-Habilitaci\u00f3n-Sectorial-Medio-Ambiente.pdf\">Certificado de Habilitaci\u00f3n Sectorial (Medio Ambiente)<\/a><\/p>\n<p><a href=\"http:\/\/ciepo.org\/web\/wp-content\/uploads\/2019\/10\/CIEPO-Licencia-de-Habilitacion-Sectorial-en-el-Ministerio-de-Educacion.pdf\">Certificado de Habilitacion Sectorial (Ministerio de Educacion)<\/a>[\/vc_column_text][\/vc_tta_section][vc_tta_section title=&#8221;Registro Nacional de Incorporaci\u00f3n&#8221; tab_id=&#8221;1571327686687-180e234d-bf72&#8243;][vc_column_text]<a href=\"http:\/\/ciepo.org\/web\/wp-content\/uploads\/2019\/10\/CIEPO-Certificado-de-Registro-Nacional-de-Incorporacion-RNI.pdf\">Certificado de Registro Nacional de Incorporacion (RNI)<\/a>[\/vc_column_text][\/vc_tta_section][vc_tta_section title=&#8221;Registro Nacional del Contribuyente&#8221; tab_id=&#8221;1571327886422-1c5990a0-7618&#8243;][vc_column_text]<a href=\"http:\/\/ciepo.org\/web\/wp-content\/uploads\/2019\/10\/CIEPO-Registro-Nacional-de-Contribuyente-RNC.pdf\">Certificado de Registro Nacional de Contribuyente (RNC)<\/a><\/p>\n<p><a href=\"http:\/\/ciepo.org\/web\/wp-content\/uploads\/2021\/03\/CIEPO-Registro-Registro-Nacional-de-Contribuyente-RNC.pdf\">Registro Registro Nacional de Contribuyente (RNC)<\/a><\/p>\n<p><a href=\"http:\/\/ciepo.org\/web\/wp-content\/uploads\/2021\/03\/CIEPO-RNC-Certificaci\u00f3n-de-registro-en-la-DGII.pdf\">RNC &#8211; Certificaci\u00f3n de registro en la DGII<\/a>[\/vc_column_text][\/vc_tta_section][vc_tta_section title=&#8221;Obligaciones Tributarias&#8221; tab_id=&#8221;1571326074935-ffab0594-909c&#8221;][vc_column_text]<a href=\"http:\/\/ciepo.org\/web\/wp-content\/uploads\/2019\/10\/CIEPO-Certificacion-de-la-DGII-de-que-se-encuentra-al-dia-en-el-pago-de-sus-obligaciones-tributarias.pdf\">Certificacion de la DGII &#8211; Obligaciones Tributarias<\/a><\/p>\n<p><a href=\"http:\/\/ciepo.org\/web\/wp-content\/uploads\/2021\/03\/CIEPO-Nombre-comercial-Registro-Mercantil_-RNI_ONAPI.pdf\">Nombre comercial &#8211; Registro Mercantil &#8211; RNI &#8211; ONAPI<\/a><\/p>\n<p><a href=\"http:\/\/ciepo.org\/web\/wp-content\/uploads\/2021\/03\/CIEPO-Certificaci\u00f3n-de-la-DGII-y-de-la-TSS-2021.pdf\">Certificaci\u00f3n de la DGII y de la TSS &#8211; 2021<\/a><\/p>\n<p><a href=\"http:\/\/ciepo.org\/web\/wp-content\/uploads\/2021\/03\/CIEPO-Certificaci\u00f3n-de-la-TSS-FEBRERO-2021.pdf\">Certificaci\u00f3n de la TSS, FEBRERO 2021<\/a>[\/vc_column_text][\/vc_tta_section][\/vc_tta_accordion][\/vc_column][vc_column width=&#8221;1\/2&#8243;][\/vc_column][\/vc_row]<\/p>\n","protected":false},"excerpt":{"rendered":"<p>[vc_row][vc_column width=&#8221;1\/2&#8243;][vc_tta_accordion shape=&#8221;square&#8221; color=&#8221;turquoise&#8221; active_section=&#8221;0&#8243; css_animation=&#8221;bottom-to-top&#8221; collapsible_all=&#8221;true&#8221; title=&#8221;Asamblea de miembros&#8221;][vc_tta_section title=&#8221;Acta de Asamblea de Miembros&#8221; tab_id=&#8221;1571328391300-a0daeb95-0f0b&#8221;][vc_column_text]Acta de Asamblea de miembros 2018-2020[\/vc_column_text][\/vc_tta_section][vc_tta_section title=&#8221;Manual de Pol\u00edticas de Personal&#8221; tab_id=&#8221;1571345882372-6b4a2885-e416&#8243;][vc_column_text]Manual de Politicas de Personal[\/vc_column_text][\/vc_tta_section][\/vc_tta_accordion][\/vc_column][vc_column width=&#8221;1\/2&#8243;][vc_tta_accordion shape=&#8221;square&#8221; color=&#8221;turquoise&#8221; active_section=&#8221;1&#8243; css_animation=&#8221;bottom-to-top&#8221; collapsible_all=&#8221;true&#8221; title=&#8221;INFORMES&#8221;][vc_tta_section title=&#8221;INFORME DESEMPEN\u0303O DEPARTAMENTO PROVINCIAL 2017-2020&#8243; tab_id=&#8221;1597416564027-fb6566df-a763&#8243;][vc_column_text]DEPARAMENTO PROVINCIAL DE INDEPENDENCIA &#8211; INFORME DESEMPEN\u0303O DEPARTAMENTO PROVINCIAL 2017-2020 Registro de [&hellip;]<\/p>\n","protected":false},"author":2,"featured_media":0,"parent":0,"menu_order":0,"comment_status":"closed","ping_status":"closed","template":"","meta":{"footnotes":""},"_links":{"self":[{"href":"https:\/\/ciepo.org\/web\/wp-json\/wp\/v2\/pages\/24712"}],"collection":[{"href":"https:\/\/ciepo.org\/web\/wp-json\/wp\/v2\/pages"}],"about":[{"href":"https:\/\/ciepo.org\/web\/wp-json\/wp\/v2\/types\/page"}],"author":[{"embeddable":true,"href":"https:\/\/ciepo.org\/web\/wp-json\/wp\/v2\/users\/2"}],"replies":[{"embeddable":true,"href":"https:\/\/ciepo.org\/web\/wp-json\/wp\/v2\/comments?post=24712"}],"version-history":[{"count":20,"href":"https:\/\/ciepo.org\/web\/wp-json\/wp\/v2\/pages\/24712\/revisions"}],"predecessor-version":[{"id":25185,"href":"https:\/\/ciepo.org\/web\/wp-json\/wp\/v2\/pages\/24712\/revisions\/25185"}],"wp:attachment":[{"href":"https:\/\/ciepo.org\/web\/wp-json\/wp\/v2\/media?parent=24712"}],"curies":[{"name":"wp","href":"https:\/\/api.w.org\/{rel}","templated":true}]}}