{"id":24617,"date":"2019-09-18T17:06:20","date_gmt":"2019-09-18T21:06:20","guid":{"rendered":"http:\/\/ciepo.org\/web\/?page_id=24617"},"modified":"2019-09-18T17:06:41","modified_gmt":"2019-09-18T21:06:41","slug":"contactanos","status":"publish","type":"page","link":"https:\/\/ciepo.org\/web\/contactanos\/","title":{"rendered":"Contactos"},"content":{"rendered":"<p><strong>Direcci\u00f3n de la Instituci\u00f3n:<br \/><\/strong>Calle Padre Billini No. 4, La Descubierta, Provincia Independencia, Rep\u00fablica Dominicana.<\/p>\n<p><strong>Tel\u00e9fonos:<\/strong><br \/>(809) 775-4514; (809) 374-1618; (809) 996-3096<\/p>\n<p><strong>Escr\u00edbenos:<\/strong><br \/><a href=\"mailto:info@ciepo.org,ciepo@codetel.net.do\">info@ciepo.org<\/a><\/p>\n<p>\t\t\t<iframe frameborder=\"0\" scrolling=\"no\" marginheight=\"0\" marginwidth=\"0\" src=\"https:\/\/maps.google.com\/maps?q=Calle%20Padre%20Billini%2C%20La%20Descubierta%2C%20Independencia&amp;t=m&amp;z=16&amp;output=embed&amp;iwloc=near\" aria-label=\"Calle Padre Billini, La Descubierta, Independencia\"><\/iframe><\/p>\n","protected":false},"excerpt":{"rendered":"<p>Direcci\u00f3n de la Instituci\u00f3n:Calle Padre Billini No. 4, La Descubierta, Provincia Independencia, Rep\u00fablica Dominicana. Tel\u00e9fonos:(809) 775-4514; (809) 374-1618; (809) 996-3096 Escr\u00edbenos:info@ciepo.org<\/p>\n","protected":false},"author":1,"featured_media":0,"parent":0,"menu_order":0,"comment_status":"closed","ping_status":"closed","template":"","meta":{"footnotes":""},"_links":{"self":[{"href":"https:\/\/ciepo.org\/web\/wp-json\/wp\/v2\/pages\/24617"}],"collection":[{"href":"https:\/\/ciepo.org\/web\/wp-json\/wp\/v2\/pages"}],"about":[{"href":"https:\/\/ciepo.org\/web\/wp-json\/wp\/v2\/types\/page"}],"author":[{"embeddable":true,"href":"https:\/\/ciepo.org\/web\/wp-json\/wp\/v2\/users\/1"}],"replies":[{"embeddable":true,"href":"https:\/\/ciepo.org\/web\/wp-json\/wp\/v2\/comments?post=24617"}],"version-history":[{"count":4,"href":"https:\/\/ciepo.org\/web\/wp-json\/wp\/v2\/pages\/24617\/revisions"}],"predecessor-version":[{"id":24621,"href":"https:\/\/ciepo.org\/web\/wp-json\/wp\/v2\/pages\/24617\/revisions\/24621"}],"wp:attachment":[{"href":"https:\/\/ciepo.org\/web\/wp-json\/wp\/v2\/media?parent=24617"}],"curies":[{"name":"wp","href":"https:\/\/api.w.org\/{rel}","templated":true}]}}