{"id":24610,"date":"2019-09-18T11:43:04","date_gmt":"2019-09-18T15:43:04","guid":{"rendered":"http:\/\/ciepo.org\/web\/?page_id=24610"},"modified":"2019-09-18T15:55:18","modified_gmt":"2019-09-18T19:55:18","slug":"region","status":"publish","type":"page","link":"https:\/\/ciepo.org\/web\/region\/","title":{"rendered":"La Regi\u00f3n"},"content":{"rendered":"<p>[vc_row][vc_column][vc_row_inner][vc_column_inner width=&#8221;1\/2&#8243;][vc_column_text css_animation=&#8221;fadeIn&#8221;]<a href=\"http:\/\/ciepo.org\/web\/wp-content\/uploads\/2016\/05\/mapa.png\"><img loading=\"lazy\" decoding=\"async\" class=\"aligncenter size-full wp-image-24476\" src=\"http:\/\/ciepo.org\/web\/wp-content\/uploads\/2016\/05\/mapa.png\" alt=\"\" width=\"484\" height=\"366\" srcset=\"https:\/\/ciepo.org\/web\/wp-content\/uploads\/2016\/05\/mapa.png 484w, https:\/\/ciepo.org\/web\/wp-content\/uploads\/2016\/05\/mapa-300x227.png 300w\" sizes=\"(max-width: 484px) 100vw, 484px\" \/><\/a>[\/vc_column_text][\/vc_column_inner][vc_column_inner width=&#8221;1\/2&#8243;][vc_column_text css_animation=&#8221;fadeIn&#8221;]La Provincia de Independencia est\u00e1 localizada en la Regi\u00f3n Enriquillo, en el Suroeste de la Rep\u00fablica Dominicana. Est\u00e1 conformada por 6 municipios: Jiman\u00ed, Duverg\u00e9, La Descubierta, Postrer R\u00edo, Mella y Crist\u00f3bal. La zona posee caracter\u00edsticas variadas con bosques secos, semi-h\u00famedos. En esa zona se encuentra la mayor cantidad de ecosistemas naturales y diversos, as\u00ed como el mayor n\u00famero de especies amenazadas, la mayor\u00eda de las cuales son end\u00e9micas a nivel regional (caimanes, jicoteas, cotorras, iguanas, etc.) Contiene el lago m\u00e1s grande del Caribe (Enriquillo), un centro de dispersi\u00f3n de especies. La deforestaci\u00f3n de la zona alcanza niveles alarmante del orden del 40%, manifestando diversos efectos negativos como son: las crecidas de los arroyos, los deslizamientos de tierra, etc. Existen conflictos de uso de la tierra, ya que las que tienen vocaci\u00f3n forestal est\u00e1n siendo utilizadas con fines agr\u00edcolas y ganaderos.[\/vc_column_text][\/vc_column_inner][\/vc_row_inner][vc_row_inner][vc_column_inner][vc_column_text css_animation=&#8221;fadeIn&#8221;]Fecha de creaci\u00f3n de la provincia: 1ro. de enero de 1950. La ley que cre\u00f3 esta provincia, del 29 de diciembre de 1948, le asign\u00f3 el nombre de Provincia Jiman\u00ed, nombre que fue cambiado el 28 de enero de 1949 a Provincia Nueva Era, que luego fue cambiado al actual de Independencia el 13 de mayo de 1949.<\/p>\n<p><strong>Geoc\u00f3digo ISO de la provincia:<\/strong>&nbsp;3166-2:DO-10.<\/p>\n<p><strong>Superficie:<\/strong>&nbsp;2006.44 kil\u00f3metros cuadrados.<\/p>\n<p><strong>L\u00edmites:<\/strong>&nbsp;Esta provincia limita por el Norte con las provincias El\u00edas Pi\u00f1as y Bahoruco, por el Este con la provincia Barahona, por el Sur con la provincia Pedernales y por el Oeste con la Rep\u00fablica de Hait\u00ed.<\/p>\n<p><strong>Regi\u00f3n:<\/strong>&nbsp;Forma parte de la Regi\u00f3n VII \u2013 Enriquillo.<\/p>\n<p><strong>Poblaci\u00f3n (2002):<\/strong>&nbsp;50,833 personas: 26,257 hombres y 24,576 mujeres.<\/p>\n<p><strong>Densidad:<\/strong>&nbsp;25 habitantes\/km2.<br \/>\nPorcentaje de poblaci\u00f3n urbana: 62.4%.<br \/>\nCiudades principales:<\/p>\n<p><strong>Municipio cabecera:<\/strong>&nbsp;Jiman\u00ed, con 11,414 habitantes (5,842 urbana y 5,572 rural); coordenadas: 18\u00b0 28\u2032 N \u2013 71\u00b0 51\u2032 W.<\/p>\n<p><strong>Otros municipios:<\/strong>&nbsp;Crist\u00f3bal, Duverg\u00e9, La Descubierta, Mella y Postrer R\u00edo.<\/p>\n<p><strong>Distritos Municipales:<\/strong>&nbsp;El Lim\u00f3n, Vengan a Ver, Colonia Mixta y Guayabal.<\/p>\n<p><strong>Monta\u00f1as:<\/strong>&nbsp;En la porci\u00f3n sur de la provincia se encuentra la Sierra de Bahoruco mientras que en el norte est\u00e1 la Sierra de Neiba.<\/p>\n<p><strong>Hidrolog\u00eda:<\/strong>&nbsp;Los principales r\u00edos, todos de corto recorrido y que desembocan en el Lago Enriquillo, son Bermes\u00ed, Las Damas y Guayabal. La mayor parte del Lago Enriquillo se encuentra en esta provincia. La Laguna Rinc\u00f3n o Cabral se encuentra parcialmente en el l\u00edmite oriental de la provincia, compartida con la provincia Barahona. La Laguna Lim\u00f3n hace ya un tiempo que se ha secado. Adem\u00e1s se encuentran fuentes de r\u00edos resurgentes, llamados \u00abcachones\u00bb o \u00absursas\u00bb (tambi\u00e9n \u00abzurzas\u00bb, del franc\u00e9s sources), algunas de aguas sulfurosas.<\/p>\n<p><strong>Econom\u00eda:<\/strong>&nbsp;La principal actividad de la provincia es la agropecuaria, aunque casi todo es producido en peque\u00f1as propiedades. La \u00fanica producci\u00f3n de importancia es la de tomate para uso industrial y la de caf\u00e9 en la Sierra de Neiba. Tambi\u00e9n es importante el comercio transfronterizo en Jiman\u00ed.<\/p>\n<p><strong>Turismo:<\/strong>&nbsp;El turismo de esta provincia se concentra en el Lago Enriquillo, especialmente en las proximidades de La Descubierta. Tambi\u00e9n hay algunos lugares importantes para el turismo interno como son Las Bar\u00edas, Boca de Cach\u00f3n y La Surza.[\/vc_column_text][\/vc_column_inner][\/vc_row_inner][\/vc_column][\/vc_row]<\/p>\n","protected":false},"excerpt":{"rendered":"<p>[vc_row][vc_column][vc_row_inner][vc_column_inner width=&#8221;1\/2&#8243;][vc_column_text css_animation=&#8221;fadeIn&#8221;][\/vc_column_text][\/vc_column_inner][vc_column_inner width=&#8221;1\/2&#8243;][vc_column_text css_animation=&#8221;fadeIn&#8221;]La Provincia de Independencia est\u00e1 localizada en la Regi\u00f3n Enriquillo, en el Suroeste de la Rep\u00fablica Dominicana. Est\u00e1 conformada por 6 municipios: Jiman\u00ed, Duverg\u00e9, La Descubierta, Postrer R\u00edo, Mella y Crist\u00f3bal. La zona posee caracter\u00edsticas variadas con bosques secos, semi-h\u00famedos. En esa zona se encuentra la mayor cantidad de ecosistemas naturales [&hellip;]<\/p>\n","protected":false},"author":1,"featured_media":0,"parent":0,"menu_order":0,"comment_status":"closed","ping_status":"closed","template":"","meta":{"footnotes":""},"_links":{"self":[{"href":"https:\/\/ciepo.org\/web\/wp-json\/wp\/v2\/pages\/24610"}],"collection":[{"href":"https:\/\/ciepo.org\/web\/wp-json\/wp\/v2\/pages"}],"about":[{"href":"https:\/\/ciepo.org\/web\/wp-json\/wp\/v2\/types\/page"}],"author":[{"embeddable":true,"href":"https:\/\/ciepo.org\/web\/wp-json\/wp\/v2\/users\/1"}],"replies":[{"embeddable":true,"href":"https:\/\/ciepo.org\/web\/wp-json\/wp\/v2\/comments?post=24610"}],"version-history":[{"count":5,"href":"https:\/\/ciepo.org\/web\/wp-json\/wp\/v2\/pages\/24610\/revisions"}],"predecessor-version":[{"id":24612,"href":"https:\/\/ciepo.org\/web\/wp-json\/wp\/v2\/pages\/24610\/revisions\/24612"}],"wp:attachment":[{"href":"https:\/\/ciepo.org\/web\/wp-json\/wp\/v2\/media?parent=24610"}],"curies":[{"name":"wp","href":"https:\/\/api.w.org\/{rel}","templated":true}]}}