{"id":514,"date":"2021-09-30T20:21:12","date_gmt":"2021-09-30T20:21:12","guid":{"rendered":"https:\/\/ciepo.org\/nbsime\/?page_id=514"},"modified":"2021-09-30T20:21:12","modified_gmt":"2021-09-30T20:21:12","slug":"actores-claves-y-alianzas-estrategicas","status":"publish","type":"page","link":"https:\/\/ciepo.org\/nbsime\/proyecto-de-saneamiento-ambiental-de-3-municipios-en-la-provincia-independencia\/actores-claves-y-alianzas-estrategicas\/","title":{"rendered":"ACTORES CLAVES Y ALIANZAS ESTRAT\u00c9GICAS"},"content":{"rendered":"<div class='flex_column av-av_one_full-d846867a37b468541bc8830743d44203 av_one_full  avia-builder-el-0  avia-builder-el-no-sibling  first flex_column_div '   ><p>\n<style type=\"text\/css\" data-created_by=\"avia_inline_auto\" id=\"style-css-av-ku7dfvkm-9220b404b0a01c15ba544cbb63ac000c\">\n#top .av-special-heading.av-ku7dfvkm-9220b404b0a01c15ba544cbb63ac000c{\npadding-bottom:10px;\n}\n<\/style>\n<div  class='av-special-heading av-ku7dfvkm-9220b404b0a01c15ba544cbb63ac000c av-special-heading-h2 blockquote elegant-quote elegant-centered  avia-builder-el-1  el_before_av_hr  avia-builder-el-first  '><h2 class='av-special-heading-tag '  itemprop=\"headline\"  ><span class=\"heading-wrap\">ACTORES CLAVES Y ALIANZAS ESTRAT\u00c9GICAS<\/span><\/h2><div class='special-heading-border'><div class='special-heading-inner-border'><\/div><\/div><\/div><br \/>\n\n<style type=\"text\/css\" data-created_by=\"avia_inline_auto\" id=\"style-css-av-av_hr-af89a52d51412774536fa272e468f7cd\">\n#top .hr.hr-invisible.av-av_hr-af89a52d51412774536fa272e468f7cd{\nheight:30px;\n}\n<\/style>\n<div  class='hr av-av_hr-af89a52d51412774536fa272e468f7cd hr-invisible  avia-builder-el-2  el_after_av_heading  el_before_av_textblock  '><span class='hr-inner '><span class=\"hr-inner-style\"><\/span><\/span><\/div><br \/>\n<section class=\"av_textblock_section \"  itemscope=\"itemscope\" itemtype=\"https:\/\/schema.org\/CreativeWork\" ><div class='avia_textblock  '   itemprop=\"text\" ><p><span style=\"color: #000000;\">Entre los actores clave de la intervenci\u00f3n estar\u00e1n los ayuntamientos municipales de Jiman\u00ed, La Descubierta y Postrer R\u00edo. Gracias a una muy radicada presencia en el territorio, CIEPO puede contar con buenas relaciones con todos estos ayuntamientos lo cual facilitar\u00e1 la colaboraci\u00f3n en el marco del desarrollo de la acci\u00f3n. En particular las colaboraciones previas llevadas a cabo con el ayuntamiento de La Descubierta ser\u00e1n de suma importancia para la implementaci\u00f3n exitosa de las actividades previstas en el resultado 3.<\/span><\/p>\n<p><span style=\"color: #000000;\">Un papel igualmente importante ser\u00e1 jugado por la Direcci\u00f3n Provincial del Ministerio de Medioambiente y Recursos Naturales, que apoyar\u00e1 la realizaci\u00f3n del proyecto, brindando soporte log\u00edstico y poniendo a disposici\u00f3n sus brigadas de voluntarios\/as para las actividades previstas.<\/span><\/p>\n<p><span style=\"color: #000000;\">Finalmente, el distrito educativo de Jiman\u00ed, perteneciente al ministerio de Educaci\u00f3n, jugar\u00e1 un rol importante apoyando el proyecto a trav\u00e9s de la participaci\u00f3n de los centros educativos de la zona que ser\u00e1n involucrados en las actividades del resultado 2.<\/span><\/p>\n<\/div><\/section><\/p><\/div>\n","protected":false},"excerpt":{"rendered":"","protected":false},"author":1,"featured_media":0,"parent":498,"menu_order":0,"comment_status":"closed","ping_status":"closed","template":"","meta":{"footnotes":""},"class_list":["post-514","page","type-page","status-publish","hentry"],"_links":{"self":[{"href":"https:\/\/ciepo.org\/nbsime\/wp-json\/wp\/v2\/pages\/514","targetHints":{"allow":["GET"]}}],"collection":[{"href":"https:\/\/ciepo.org\/nbsime\/wp-json\/wp\/v2\/pages"}],"about":[{"href":"https:\/\/ciepo.org\/nbsime\/wp-json\/wp\/v2\/types\/page"}],"author":[{"embeddable":true,"href":"https:\/\/ciepo.org\/nbsime\/wp-json\/wp\/v2\/users\/1"}],"replies":[{"embeddable":true,"href":"https:\/\/ciepo.org\/nbsime\/wp-json\/wp\/v2\/comments?post=514"}],"version-history":[{"count":1,"href":"https:\/\/ciepo.org\/nbsime\/wp-json\/wp\/v2\/pages\/514\/revisions"}],"predecessor-version":[{"id":515,"href":"https:\/\/ciepo.org\/nbsime\/wp-json\/wp\/v2\/pages\/514\/revisions\/515"}],"up":[{"embeddable":true,"href":"https:\/\/ciepo.org\/nbsime\/wp-json\/wp\/v2\/pages\/498"}],"wp:attachment":[{"href":"https:\/\/ciepo.org\/nbsime\/wp-json\/wp\/v2\/media?parent=514"}],"curies":[{"name":"wp","href":"https:\/\/api.w.org\/{rel}","templated":true}]}}