{"id":498,"date":"2021-09-30T19:20:36","date_gmt":"2021-09-30T19:20:36","guid":{"rendered":"https:\/\/ciepo.org\/nbsime\/?page_id=498"},"modified":"2021-09-30T21:08:10","modified_gmt":"2021-09-30T21:08:10","slug":"proyecto-de-saneamiento-ambiental-de-3-municipios-en-la-provincia-independencia","status":"publish","type":"page","link":"https:\/\/ciepo.org\/nbsime\/proyecto-de-saneamiento-ambiental-de-3-municipios-en-la-provincia-independencia\/","title":{"rendered":"Proyecto de saneamiento ambiental de 3 municipios en la provincia Independencia"},"content":{"rendered":"<div class='flex_column av-mbib6-155ee40c88642238b209d06053a55edc av_one_full  avia-builder-el-0  el_before_av_one_half  avia-builder-el-first  first flex_column_div '   ><p>\n<style type=\"text\/css\" data-created_by=\"avia_inline_auto\" id=\"style-css-av-ku7aqksi-612513f7f75df34f83339e838747e13a\">\n#top .av-special-heading.av-ku7aqksi-612513f7f75df34f83339e838747e13a{\npadding-bottom:10px;\n}\n<\/style>\n<div  class='av-special-heading av-ku7aqksi-612513f7f75df34f83339e838747e13a av-special-heading-h2 blockquote elegant-quote elegant-centered  avia-builder-el-1  el_before_av_image  avia-builder-el-first  '><h2 class='av-special-heading-tag '  itemprop=\"headline\"  ><span class=\"heading-wrap\">Proyecto de saneamiento ambiental de 3 municipios en la provincia Independencia<\/span><\/h2><div class='special-heading-border'><div class='special-heading-inner-border'><\/div><\/div><\/div><br \/>\n\n<style type=\"text\/css\" data-created_by=\"avia_inline_auto\" id=\"style-css-av-ku7arozl-f5d873da82bfb2001b58909fe4017af1\">\n.avia-image-container.av-ku7arozl-f5d873da82bfb2001b58909fe4017af1 .av-image-caption-overlay-center{\ncolor:#ffffff;\n}\n<\/style>\n<div  class='avia-image-container av-ku7arozl-f5d873da82bfb2001b58909fe4017af1 av-styling- avia_animated_image avia_animate_when_almost_visible fade-in avia-align-center  avia-builder-el-2  el_after_av_heading  avia-builder-el-last  '  itemprop=\"image\" itemscope=\"itemscope\" itemtype=\"https:\/\/schema.org\/ImageObject\" ><div class=\"avia-image-container-inner\"><div class=\"avia-image-overlay-wrap\"><img decoding=\"async\" class='wp-image-403 avia-img-lazy-loading-not-403 avia_image' src=\"https:\/\/ciepo.org\/nbsime\/wp-content\/uploads\/2021\/09\/BANNER-FINAL-CIEPO-1536x193-2.jpg\" alt='' title='BANNER-FINAL-CIEPO-1536x193'  height=\"193\" width=\"1536\"  itemprop=\"thumbnailUrl\" srcset=\"https:\/\/ciepo.org\/nbsime\/wp-content\/uploads\/2021\/09\/BANNER-FINAL-CIEPO-1536x193-2.jpg 1536w, https:\/\/ciepo.org\/nbsime\/wp-content\/uploads\/2021\/09\/BANNER-FINAL-CIEPO-1536x193-2-300x38.jpg 300w, https:\/\/ciepo.org\/nbsime\/wp-content\/uploads\/2021\/09\/BANNER-FINAL-CIEPO-1536x193-2-1030x129.jpg 1030w, https:\/\/ciepo.org\/nbsime\/wp-content\/uploads\/2021\/09\/BANNER-FINAL-CIEPO-1536x193-2-768x97.jpg 768w, https:\/\/ciepo.org\/nbsime\/wp-content\/uploads\/2021\/09\/BANNER-FINAL-CIEPO-1536x193-2-1500x188.jpg 1500w, https:\/\/ciepo.org\/nbsime\/wp-content\/uploads\/2021\/09\/BANNER-FINAL-CIEPO-1536x193-2-705x89.jpg 705w\" sizes=\"(max-width: 1536px) 100vw, 1536px\" \/><\/div><\/div><\/div><\/p><\/div>\n<div class='flex_column av-8zs8y-e59befd75fb5f5d668cfe5e2ea14715f av_one_half  avia-builder-el-3  el_after_av_one_full  el_before_av_one_half  first flex_column_div  av-animated-generic fade-in column-top-margin'   ><p>\n<style type=\"text\/css\" data-created_by=\"avia_inline_auto\" id=\"style-css-av-ku7br8tq-135e9ab56398bbc5972fe39fa68588cf\">\n#top .av-special-heading.av-ku7br8tq-135e9ab56398bbc5972fe39fa68588cf{\npadding-bottom:10px;\n}\n<\/style>\n<div  class='av-special-heading av-ku7br8tq-135e9ab56398bbc5972fe39fa68588cf av-special-heading-h3 blockquote elegant-quote elegant-centered  avia-builder-el-4  el_before_av_textblock  avia-builder-el-first  '><h3 class='av-special-heading-tag '  itemprop=\"headline\"  ><span class=\"heading-wrap\">RESUMEN EJECUTIVO<\/span><\/h3><div class='special-heading-border'><div class='special-heading-inner-border'><\/div><\/div><\/div><br \/>\n<section class=\"av_textblock_section \"  itemscope=\"itemscope\" itemtype=\"https:\/\/schema.org\/CreativeWork\" ><div class='avia_textblock  '   itemprop=\"text\" ><h4><\/h4>\n<table>\n<tbody>\n<tr>\n<td colspan=\"2\" width=\"295\"><strong><span style=\"color: #4c90cd;\">Nombre Oficial de la Organizaci\u00f3n:\u00a0<\/span><\/strong><\/p>\n<p><strong><span style=\"color: #4c90cd;\">Centro de Investigaci\u00f3n y Educaci\u00f3n Popular, Inc. (CIEPO)<\/span><\/strong><\/td>\n<td colspan=\"3\" width=\"281\"><strong><span style=\"color: #4c90cd;\">Tipo de Organizaci\u00f3n:<\/span><\/strong><\/p>\n<p><span style=\"color: #000000;\">Organizaci\u00f3n sin fines de lucro<\/span><\/td>\n<\/tr>\n<tr>\n<td colspan=\"5\" width=\"576\"><strong><span style=\"color: #4c90cd;\">Breve descripci\u00f3n de la organizaci\u00f3n: <\/span><\/strong><\/p>\n<p><span style=\"color: #000000;\">El Centro de Investigaci\u00f3n y Educaci\u00f3n Popular, Inc. (CIEPO) es una organizaci\u00f3n sin fines de lucro creada en 1988 en el municipio de La Descubierta, provincia Independencia, con la misi\u00f3n de contribuir a mejorar la calidad de vida de la poblaci\u00f3n provincial ejecutando proyectos para fomentar su desarrollo integral. CIEPO ha gestionado proyectos de donantes cuales la Agencia Espa\u00f1ola de Cooperaci\u00f3n Internacional para el Desarrollo (AECID), el Banco Alem\u00e1n para la Reconstrucci\u00f3n (KFW), el Programa de Naciones Unidas para el Desarrollo (PNUD) y distintos ministerios de la Rep\u00fablica Dominicana, ejecutando acciones en temas de educaci\u00f3n, desarrollo agr\u00edcola, gesti\u00f3n de residuos solidos y acceso a servicios y recursos financieros entre otros.<\/span><\/td>\n<\/tr>\n<tr>\n<td colspan=\"5\" width=\"576\"><span style=\"color: #000000;\"><strong><span style=\"color: #4c90cd;\">Nombre Corto de la Organizaci\u00f3n:<\/span><\/strong> CIEPO<\/span><\/td>\n<\/tr>\n<tr>\n<td colspan=\"5\" width=\"576\"><span style=\"color: #000000;\"><strong><span style=\"color: #4c90cd;\">Persona contacto principal y puesto: <\/span><\/strong>Nelson Cuevas Medina \u2013 Director Ejecutivo<\/span><\/td>\n<\/tr>\n<tr>\n<td colspan=\"5\" width=\"576\"><span style=\"color: #000000;\"><strong><span style=\"color: #4c90cd;\">Email: <\/span><\/strong><a style=\"color: #000000;\" href=\"mailto:ciepo@claro.net.do\">ciepo@claro.net.do<\/a><\/span><\/td>\n<\/tr>\n<tr>\n<td colspan=\"5\" width=\"576\"><span style=\"color: #000000;\">Direcci\u00f3n: Calle Padre Billini No. 4, La Descubierta, Provincia Independencia, Rep\u00fablica Dominicana<\/span><\/td>\n<\/tr>\n<tr>\n<td colspan=\"5\" width=\"576\"><span style=\"color: #000000;\"><strong><span style=\"color: #4c90cd;\">N\u00famero de tel\u00e9fono:<\/span><\/strong>809-996-3096<\/span><\/td>\n<\/tr>\n<tr>\n<td colspan=\"5\" width=\"576\"><span style=\"color: #000000;\"><strong><span style=\"color: #4c90cd;\">Sitio web:<\/span><\/strong> <a style=\"color: #000000;\" href=\"http:\/\/ciepo.org\/web\/\">http:\/\/ciepo.org\/web\/<\/a><\/span><\/td>\n<\/tr>\n<tr>\n<td colspan=\"5\" width=\"576\"><span style=\"color: #000000;\"><strong><span style=\"color: #4c90cd;\">Redes sociales:<\/span><\/strong> (Facebook: ciepo Provincia Independencia Twitter: @CIEPO1 etc.):<\/span><\/td>\n<\/tr>\n<tr>\n<td colspan=\"5\" width=\"576\"><span style=\"color: #000000;\">Nombre del Proyecto propuesto: <strong><span style=\"color: #4c90cd;\">\u201cContribuir al saneamiento ambiental de 3 municipios aleda\u00f1os al Lago Enriquillo en la provincia Independencia, Rep\u00fablica Dominicana\u201d.<\/span><\/strong><\/span><\/td>\n<\/tr>\n<tr>\n<td colspan=\"5\" width=\"576\"><strong><span style=\"color: #4c90cd;\">Prop\u00f3sito del Proyecto y Resultados esperados: <\/span><\/strong><\/p>\n<p><span style=\"color: #000000;\"><strong>\u00a0<\/strong><\/span><\/p>\n<p><span style=\"color: #000000;\"><strong><span style=\"color: #99cc00;\">Prop\u00f3sito: <\/span><\/strong>Mejorar las capacidades de las instituciones gubernamentales y de la poblaci\u00f3n para reducir el impacto ambiental de los desechos s\u00f3lidos en tres municipios de la provincia Independencia, Republica Dominicana.<\/span><\/p>\n<p><span style=\"color: #000000;\"><strong><span style=\"color: #99cc00;\">Resultado 1:<\/span><\/strong> Fortalecidas las capacidades institucionales y t\u00e9cnicas de 3 municipios de la Provincia Independencia para la gesti\u00f3n de los residuos s\u00f3lidos.<\/span><\/p>\n<p><span style=\"color: #000000;\"><strong><span style=\"color: #99cc00;\">Resultado 2:<\/span><\/strong> Mejorado el conocimiento de la poblaci\u00f3n de 3 municipios de la provincia sobre el impacto ambiental causado por los desechos s\u00f3lidos.<\/span><\/p>\n<p><span style=\"color: #000000;\"><strong><span style=\"color: #99cc00;\">Resultado 3:<\/span><\/strong> Creado un sistema piloto para la recolecci\u00f3n, reutilizaci\u00f3n y reciclaje de residuos solidos en el municipio de La Descubierta<\/span><\/td>\n<\/tr>\n<tr>\n<td colspan=\"5\" width=\"576\"><strong><span style=\"color: #4c90cd;\">Poblaci\u00f3n Objetivo: <\/span><\/strong><\/p>\n<p><span style=\"color: #000000;\">&#8211;\u00a0\u00a0\u00a0\u00a0\u00a0\u00a0\u00a0\u00a0\u00a0 60 funcionarios (al menos 50% mujeres) de los 3 ayuntamientos involucrados<\/span><\/p>\n<p><span style=\"color: #000000;\">&#8211;\u00a0\u00a0\u00a0\u00a0\u00a0\u00a0\u00a0\u00a0\u00a0 30.488 pobladores de los 3 municipios de inter\u00e9s beneficiados por la campa\u00f1a de sensibilizaci\u00f3n, y el piloto sobre reciclaje (municipio de La Descubierta).<\/span><\/p>\n<p><span style=\"color: #000000;\">&#8211;\u00a0\u00a0\u00a0\u00a0\u00a0\u00a0\u00a0\u00a0\u00a0 650 estudiantes (50% mujeres) beneficiados por los encuentros de sensibilizaci\u00f3n ambiental<\/span><\/p>\n<p><span style=\"color: #000000;\">&#8211;\u00a0\u00a0\u00a0\u00a0\u00a0\u00a0\u00a0\u00a0\u00a0 180 pobladores del municipio de La Descubierta, capacitados sobre el proceso de reciclaje de desechos solidos.<\/span><\/td>\n<\/tr>\n<tr>\n<td width=\"196\"><strong><span style=\"color: #4c90cd;\">Monto Total Proyecto (US$):<\/span><\/strong><\/p>\n<p><span style=\"color: #000000;\">56.583.33<\/span><\/td>\n<td colspan=\"3\" width=\"198\"><strong><span style=\"color: #4c90cd;\">Monto Solicitado Donaci\u00f3n (US$):<\/span><\/strong><\/p>\n<p><span style=\"color: #000000;\">47.840<\/span><\/td>\n<td width=\"182\"><strong><span style=\"color: #4c90cd;\">Monto Contrapartida (US$):<\/span><\/strong><\/p>\n<p><span style=\"color: #000000;\">8.743.33<\/span><\/td>\n<\/tr>\n<tr>\n<td colspan=\"3\" width=\"310\"><span style=\"color: #000000;\">\u00c1reas geogr\u00e1ficas de intervenci\u00f3n: Municipios de La Descubierta, Postrer Rio y su distrito de Guayabal y Jiman\u00ed y sus distritos de Boca de Cach\u00f3n y El Lim\u00f3n.<\/span><\/td>\n<td colspan=\"2\" width=\"267\"><strong><span style=\"color: #4c90cd;\">Duraci\u00f3n del Proyecto (En Meses):<\/span><\/strong><\/p>\n<p><span style=\"color: #000000;\">12 Meses<\/span><\/td>\n<\/tr>\n<\/tbody>\n<\/table>\n<\/div><\/section><\/p><\/div>\n<div class='flex_column av-ku7d0ht1-8ac3345b34e25f3ba30f3c8198d0483f av_one_half  avia-builder-el-6  el_after_av_one_half  avia-builder-el-last  flex_column_div  av-animated-generic right-to-left column-top-margin'   ><p>\n<style type=\"text\/css\" data-created_by=\"avia_inline_auto\" id=\"style-css-av-ku7bsgb1-fae6ccdeb11c4772fe530151939151fb\">\n#top .av-special-heading.av-ku7bsgb1-fae6ccdeb11c4772fe530151939151fb{\npadding-bottom:10px;\n}\n<\/style>\n<div  class='av-special-heading av-ku7bsgb1-fae6ccdeb11c4772fe530151939151fb av-special-heading-h3 blockquote elegant-quote elegant-centered  avia-builder-el-7  el_before_av_button_big  avia-builder-el-no-sibling  '><h3 class='av-special-heading-tag '  itemprop=\"headline\"  ><span class=\"heading-wrap\">PROPUESTA NARRATIVA<\/span><\/h3><div class='special-heading-border'><div class='special-heading-inner-border'><\/div><\/div><\/div><br \/>\n<div  class='avia-button-wrap avia-button-center  avia-builder-el-8  el_after_av_heading  el_before_av_hr ' >\n<style type=\"text\/css\" data-created_by=\"avia_inline_auto\" id=\"style-css-av-ku7c0n4p-95680298d9da889824008f9fea12944a\">\n#top #wrap_all .avia-button.av-ku7c0n4p-95680298d9da889824008f9fea12944a:hover{\ncolor:white;\ntransition:all 0.4s ease-in-out;\n-webkit-transition:all 0.4s ease-in-out;\n-moz-transition:all 0.4s ease-in-out;\n-ms-transition:all 0.4s ease-in-out;\n-o-transition:all 0.4s ease-in-out;\n}\n<\/style>\n<a href='https:\/\/ciepo.org\/nbsime\/proyecto-de-saneamiento-ambiental-de-3-municipios-en-la-provincia-independencia\/justificacion-del-proyecto\/' class='avia-color-green avia-font-color-theme-color avia-button avia-button-fullwidth av-ku7c0n4p-95680298d9da889824008f9fea12944a avia-icon_select-no avia-color-green ' ><span class='avia_iconbox_title' >Justificaci\u00f3n del proyecto<\/span><span class='avia_button_background avia-button avia-button-fullwidth avia-color-theme-color-highlight'><\/span><\/a><\/div><br \/>\n<div  class='hr av-av_hr-91d7ccd583a503147498e120fee2ff9b hr-default  avia-builder-el-9  el_after_av_button_big  el_before_av_button_big  avia-builder-el-no-sibling  '><span class='hr-inner '><span class=\"hr-inner-style\"><\/span><\/span><\/div><br \/>\n<div  class='avia-button-wrap avia-button-center  avia-builder-el-10  el_after_av_hr  el_before_av_hr ' >\n<style type=\"text\/css\" data-created_by=\"avia_inline_auto\" id=\"style-css-av-ku7clfh5-b817713da0ec3f5e256ac81310daa995\">\n#top #wrap_all .avia-button.av-ku7clfh5-b817713da0ec3f5e256ac81310daa995:hover{\ncolor:white;\ntransition:all 0.4s ease-in-out;\n-webkit-transition:all 0.4s ease-in-out;\n-moz-transition:all 0.4s ease-in-out;\n-ms-transition:all 0.4s ease-in-out;\n-o-transition:all 0.4s ease-in-out;\n}\n<\/style>\n<a href='https:\/\/ciepo.org\/nbsime\/proyecto-de-saneamiento-ambiental-de-3-municipios-en-la-provincia-independencia\/objetivos-especificos-del-proyecto-y-resultados-esperados\/' class='avia-color-green avia-font-color-theme-color avia-button avia-button-fullwidth av-ku7clfh5-b817713da0ec3f5e256ac81310daa995 avia-icon_select-no avia-color-green ' ><span class='avia_iconbox_title' >Objetivo(s) Espec\u00edfico(s) del Proyecto y Resultados Esperados<\/span><span class='avia_button_background avia-button avia-button-fullwidth avia-color-theme-color-highlight'><\/span><\/a><\/div><br \/>\n<div  class='hr av-19z94a-c5badb1963b22d009ac18c70c4b40aa3 hr-default  avia-builder-el-11  el_after_av_button_big  el_before_av_button_big  avia-builder-el-no-sibling  '><span class='hr-inner '><span class=\"hr-inner-style\"><\/span><\/span><\/div><br \/>\n<div  class='avia-button-wrap avia-button-center  avia-builder-el-12  el_after_av_hr  el_before_av_hr ' >\n<style type=\"text\/css\" data-created_by=\"avia_inline_auto\" id=\"style-css-av-ku7d61k2-197266806722bd6d445ae7b358841085\">\n#top #wrap_all .avia-button.av-ku7d61k2-197266806722bd6d445ae7b358841085:hover{\ncolor:white;\ntransition:all 0.4s ease-in-out;\n-webkit-transition:all 0.4s ease-in-out;\n-moz-transition:all 0.4s ease-in-out;\n-ms-transition:all 0.4s ease-in-out;\n-o-transition:all 0.4s ease-in-out;\n}\n<\/style>\n<a href='https:\/\/ciepo.org\/nbsime\/proyecto-de-saneamiento-ambiental-de-3-municipios-en-la-provincia-independencia\/estrategia-de-intervencion\/' class='avia-color-green avia-font-color-theme-color avia-button avia-button-fullwidth av-ku7d61k2-197266806722bd6d445ae7b358841085 avia-icon_select-no avia-color-green ' ><span class='avia_iconbox_title' >Estrategia de intervenci\u00f3n<\/span><span class='avia_button_background avia-button avia-button-fullwidth avia-color-theme-color-highlight'><\/span><\/a><\/div><br \/>\n<div  class='hr av-133qmi-fc5409afc0c5c9076ac3e116c34a55bb hr-default  avia-builder-el-13  el_after_av_button_big  el_before_av_button_big  avia-builder-el-no-sibling  '><span class='hr-inner '><span class=\"hr-inner-style\"><\/span><\/span><\/div><br \/>\n<div  class='avia-button-wrap avia-button-center  avia-builder-el-14  el_after_av_hr  el_before_av_hr ' >\n<style type=\"text\/css\" data-created_by=\"avia_inline_auto\" id=\"style-css-av-ku7dd4iv-887f9a9a7f4b9392032d540d8871f3a6\">\n#top #wrap_all .avia-button.av-ku7dd4iv-887f9a9a7f4b9392032d540d8871f3a6:hover{\ncolor:white;\ntransition:all 0.4s ease-in-out;\n-webkit-transition:all 0.4s ease-in-out;\n-moz-transition:all 0.4s ease-in-out;\n-ms-transition:all 0.4s ease-in-out;\n-o-transition:all 0.4s ease-in-out;\n}\n<\/style>\n<a href='https:\/\/ciepo.org\/nbsime\/proyecto-de-saneamiento-ambiental-de-3-municipios-en-la-provincia-independencia\/participacion-equitativa-e-inclusion-social\/' class='avia-color-green avia-font-color-theme-color avia-button avia-button-fullwidth av-ku7dd4iv-887f9a9a7f4b9392032d540d8871f3a6 avia-icon_select-no avia-color-green ' ><span class='avia_iconbox_title' >Participaci\u00f3n equitativa e inclusi\u00f3n social<\/span><span class='avia_button_background avia-button avia-button-fullwidth avia-color-theme-color-highlight'><\/span><\/a><\/div><br \/>\n<div  class='hr av-xh7qa-6c510c6ff190b57b620187d8af3e1d2c hr-default  avia-builder-el-15  el_after_av_button_big  el_before_av_button_big  avia-builder-el-no-sibling  '><span class='hr-inner '><span class=\"hr-inner-style\"><\/span><\/span><\/div><br \/>\n<div  class='avia-button-wrap avia-button-center  avia-builder-el-16  el_after_av_hr  el_before_av_hr ' >\n<style type=\"text\/css\" data-created_by=\"avia_inline_auto\" id=\"style-css-av-ku7df5bj-8955aa600edefce16a1255c9dc86fd99\">\n#top #wrap_all .avia-button.av-ku7df5bj-8955aa600edefce16a1255c9dc86fd99:hover{\ncolor:white;\ntransition:all 0.4s ease-in-out;\n-webkit-transition:all 0.4s ease-in-out;\n-moz-transition:all 0.4s ease-in-out;\n-ms-transition:all 0.4s ease-in-out;\n-o-transition:all 0.4s ease-in-out;\n}\n<\/style>\n<a href='https:\/\/ciepo.org\/nbsime\/proyecto-de-saneamiento-ambiental-de-3-municipios-en-la-provincia-independencia\/actores-claves-y-alianzas-estrategicas\/' class='avia-color-green avia-font-color-theme-color avia-button avia-button-fullwidth av-ku7df5bj-8955aa600edefce16a1255c9dc86fd99 avia-icon_select-no avia-color-green ' ><span class='avia_iconbox_title' >Actores claves y alianzas estrat\u00e9gicas<\/span><span class='avia_button_background avia-button avia-button-fullwidth avia-color-theme-color-highlight'><\/span><\/a><\/div><br \/>\n<div  class='hr av-pdki2-2021047add8f4e314a8237225f77df31 hr-default  avia-builder-el-17  el_after_av_button_big  el_before_av_button_big  avia-builder-el-no-sibling  '><span class='hr-inner '><span class=\"hr-inner-style\"><\/span><\/span><\/div><br \/>\n<div  class='avia-button-wrap avia-button-center  avia-builder-el-18  el_after_av_hr  el_before_av_hr ' >\n<style type=\"text\/css\" data-created_by=\"avia_inline_auto\" id=\"style-css-av-ku7dllek-6e9609adde914aa37c46047c8fa2492e\">\n#top #wrap_all .avia-button.av-ku7dllek-6e9609adde914aa37c46047c8fa2492e:hover{\ncolor:white;\ntransition:all 0.4s ease-in-out;\n-webkit-transition:all 0.4s ease-in-out;\n-moz-transition:all 0.4s ease-in-out;\n-ms-transition:all 0.4s ease-in-out;\n-o-transition:all 0.4s ease-in-out;\n}\n<\/style>\n<a href='https:\/\/ciepo.org\/nbsime\/proyecto-de-saneamiento-ambiental-de-3-municipios-en-la-provincia-independencia\/papel-y-responsabilidades-del-personal-principal-propuesto\/' class='avia-color-green avia-font-color-theme-color avia-button avia-button-fullwidth av-ku7dllek-6e9609adde914aa37c46047c8fa2492e avia-icon_select-no avia-color-green ' ><span class='avia_iconbox_title' >Papel y responsabilidades del personal principal propuesto<\/span><span class='avia_button_background avia-button avia-button-fullwidth avia-color-theme-color-highlight'><\/span><\/a><\/div><br \/>\n<div  class='hr av-j6n1e-8b61335d94b7d17b6d98a96441c22740 hr-default  avia-builder-el-19  el_after_av_button_big  el_before_av_button_big  avia-builder-el-no-sibling  '><span class='hr-inner '><span class=\"hr-inner-style\"><\/span><\/span><\/div><br \/>\n<div  class='avia-button-wrap avia-button-center  avia-builder-el-20  el_after_av_hr  el_before_av_hr ' >\n<style type=\"text\/css\" data-created_by=\"avia_inline_auto\" id=\"style-css-av-ku7dov9m-472118d31c0c6c4e415f107a4fb02626\">\n#top #wrap_all .avia-button.av-ku7dov9m-472118d31c0c6c4e415f107a4fb02626:hover{\ncolor:white;\ntransition:all 0.4s ease-in-out;\n-webkit-transition:all 0.4s ease-in-out;\n-moz-transition:all 0.4s ease-in-out;\n-ms-transition:all 0.4s ease-in-out;\n-o-transition:all 0.4s ease-in-out;\n}\n<\/style>\n<a href='https:\/\/ciepo.org\/nbsime\/proyecto-de-saneamiento-ambiental-de-3-municipios-en-la-provincia-independencia\/plan-de-monitoreo-y-seguimiento\/' class='avia-color-green avia-font-color-theme-color avia-button avia-button-fullwidth av-ku7dov9m-472118d31c0c6c4e415f107a4fb02626 avia-icon_select-no avia-color-green ' ><span class='avia_iconbox_title' >Plan de monitoreo y de seguimiento<\/span><span class='avia_button_background avia-button avia-button-fullwidth avia-color-theme-color-highlight'><\/span><\/a><\/div><br \/>\n<div  class='hr av-gg042-f2c25b081d0a3e614659836b347459c2 hr-default  avia-builder-el-21  el_after_av_button_big  el_before_av_button_big  avia-builder-el-no-sibling  '><span class='hr-inner '><span class=\"hr-inner-style\"><\/span><\/span><\/div><br \/>\n<div  class='avia-button-wrap avia-button-center  avia-builder-el-22  el_after_av_hr  el_before_av_hr ' >\n<style type=\"text\/css\" data-created_by=\"avia_inline_auto\" id=\"style-css-av-ku7drh2x-93129e01250cff7e147e2df5763b262e\">\n#top #wrap_all .avia-button.av-ku7drh2x-93129e01250cff7e147e2df5763b262e:hover{\ncolor:white;\ntransition:all 0.4s ease-in-out;\n-webkit-transition:all 0.4s ease-in-out;\n-moz-transition:all 0.4s ease-in-out;\n-ms-transition:all 0.4s ease-in-out;\n-o-transition:all 0.4s ease-in-out;\n}\n<\/style>\n<a href='https:\/\/ciepo.org\/nbsime\/proyecto-de-saneamiento-ambiental-de-3-municipios-en-la-provincia-independencia\/sostenibilidad\/' class='avia-color-green avia-font-color-theme-color avia-button avia-button-fullwidth av-ku7drh2x-93129e01250cff7e147e2df5763b262e avia-icon_select-no avia-color-green ' ><span class='avia_iconbox_title' >Sostenibilidad<\/span><span class='avia_button_background avia-button avia-button-fullwidth avia-color-theme-color-highlight'><\/span><\/a><\/div><br \/>\n<div  class='hr av-a9b4y-a5a23e46049792149630c6ed9a64b76b hr-default  avia-builder-el-23  el_after_av_button_big  el_before_av_button_big  avia-builder-el-no-sibling  '><span class='hr-inner '><span class=\"hr-inner-style\"><\/span><\/span><\/div><br \/>\n<div  class='avia-button-wrap avia-button-center  avia-builder-el-24  el_after_av_hr  avia-builder-el-last ' >\n<style type=\"text\/css\" data-created_by=\"avia_inline_auto\" id=\"style-css-av-ku7e0yrz-2dbfc4c0d0d7d5240330dee280ff24e2\">\n#top #wrap_all .avia-button.av-ku7e0yrz-2dbfc4c0d0d7d5240330dee280ff24e2:hover{\ncolor:white;\ntransition:all 0.4s ease-in-out;\n-webkit-transition:all 0.4s ease-in-out;\n-moz-transition:all 0.4s ease-in-out;\n-ms-transition:all 0.4s ease-in-out;\n-o-transition:all 0.4s ease-in-out;\n}\n<\/style>\n<a href='https:\/\/ciepo.org\/nbsime\/proyecto-de-saneamiento-ambiental-de-3-municipios-en-la-provincia-independencia\/cronograma-mensual-del-proyecto-indicando-las-actividades-propuestas\/' class='avia-color-green avia-font-color-theme-color avia-button avia-button-fullwidth av-ku7e0yrz-2dbfc4c0d0d7d5240330dee280ff24e2 avia-icon_select-no avia-color-green ' ><span class='avia_iconbox_title' >Cronograma mensual del proyecto indicando las actividades propuestas<\/span><span class='avia_button_background avia-button avia-button-fullwidth avia-color-theme-color-highlight'><\/span><\/a><\/div><\/p><\/div>\n","protected":false},"excerpt":{"rendered":"","protected":false},"author":1,"featured_media":0,"parent":0,"menu_order":0,"comment_status":"closed","ping_status":"closed","template":"","meta":{"footnotes":""},"class_list":["post-498","page","type-page","status-publish","hentry"],"_links":{"self":[{"href":"https:\/\/ciepo.org\/nbsime\/wp-json\/wp\/v2\/pages\/498","targetHints":{"allow":["GET"]}}],"collection":[{"href":"https:\/\/ciepo.org\/nbsime\/wp-json\/wp\/v2\/pages"}],"about":[{"href":"https:\/\/ciepo.org\/nbsime\/wp-json\/wp\/v2\/types\/page"}],"author":[{"embeddable":true,"href":"https:\/\/ciepo.org\/nbsime\/wp-json\/wp\/v2\/users\/1"}],"replies":[{"embeddable":true,"href":"https:\/\/ciepo.org\/nbsime\/wp-json\/wp\/v2\/comments?post=498"}],"version-history":[{"count":6,"href":"https:\/\/ciepo.org\/nbsime\/wp-json\/wp\/v2\/pages\/498\/revisions"}],"predecessor-version":[{"id":526,"href":"https:\/\/ciepo.org\/nbsime\/wp-json\/wp\/v2\/pages\/498\/revisions\/526"}],"wp:attachment":[{"href":"https:\/\/ciepo.org\/nbsime\/wp-json\/wp\/v2\/media?parent=498"}],"curies":[{"name":"wp","href":"https:\/\/api.w.org\/{rel}","templated":true}]}}