{"id":400,"date":"2021-09-29T20:24:17","date_gmt":"2021-09-29T20:24:17","guid":{"rendered":"https:\/\/ciepo.org\/nbsime\/?page_id=400"},"modified":"2021-09-29T20:24:17","modified_gmt":"2021-09-29T20:24:17","slug":"licitaciones","status":"publish","type":"page","link":"https:\/\/ciepo.org\/nbsime\/licitaciones\/","title":{"rendered":"LICITACIONES"},"content":{"rendered":"<div class='flex_column av-ku5ygmp2-183a0bcbe2686f452ca708a9d7c978b1 av_one_full  avia-builder-el-0  el_before_av_one_half  avia-builder-el-first  first flex_column_div  av-animated-generic fade-in '   ><p>\n<style type=\"text\/css\" data-created_by=\"avia_inline_auto\" id=\"style-css-av-ku5lo6lg-3cb936e0320edf6beca5bad438631ea4\">\n.avia-image-container.av-ku5lo6lg-3cb936e0320edf6beca5bad438631ea4 .av-image-caption-overlay-center{\ncolor:#ffffff;\n}\n<\/style>\n<div  class='avia-image-container av-ku5lo6lg-3cb936e0320edf6beca5bad438631ea4 av-styling- avia_animated_image avia_animate_when_almost_visible fade-in avia-align-center  avia-builder-el-1  el_before_av_heading  avia-builder-el-first  '  itemprop=\"image\" itemscope=\"itemscope\" itemtype=\"https:\/\/schema.org\/ImageObject\" ><div class=\"avia-image-container-inner\"><div class=\"avia-image-overlay-wrap\"><img decoding=\"async\" class='wp-image-403 avia-img-lazy-loading-not-403 avia_image' src=\"https:\/\/ciepo.org\/nbsime\/wp-content\/uploads\/2021\/09\/BANNER-FINAL-CIEPO-1536x193-2.jpg\" alt='' title='BANNER-FINAL-CIEPO-1536x193'  height=\"193\" width=\"1536\"  itemprop=\"thumbnailUrl\" srcset=\"https:\/\/ciepo.org\/nbsime\/wp-content\/uploads\/2021\/09\/BANNER-FINAL-CIEPO-1536x193-2.jpg 1536w, https:\/\/ciepo.org\/nbsime\/wp-content\/uploads\/2021\/09\/BANNER-FINAL-CIEPO-1536x193-2-300x38.jpg 300w, https:\/\/ciepo.org\/nbsime\/wp-content\/uploads\/2021\/09\/BANNER-FINAL-CIEPO-1536x193-2-1030x129.jpg 1030w, https:\/\/ciepo.org\/nbsime\/wp-content\/uploads\/2021\/09\/BANNER-FINAL-CIEPO-1536x193-2-768x97.jpg 768w, https:\/\/ciepo.org\/nbsime\/wp-content\/uploads\/2021\/09\/BANNER-FINAL-CIEPO-1536x193-2-1500x188.jpg 1500w, https:\/\/ciepo.org\/nbsime\/wp-content\/uploads\/2021\/09\/BANNER-FINAL-CIEPO-1536x193-2-705x89.jpg 705w\" sizes=\"(max-width: 1536px) 100vw, 1536px\" \/><\/div><\/div><\/div><br \/>\n\n<style type=\"text\/css\" data-created_by=\"avia_inline_auto\" id=\"style-css-av-ku5kj10k-f646bacafabfa6e5fd52c8c220d8284d\">\n#top .av-special-heading.av-ku5kj10k-f646bacafabfa6e5fd52c8c220d8284d{\npadding-bottom:10px;\n}\n<\/style>\n<div  class='av-special-heading av-ku5kj10k-f646bacafabfa6e5fd52c8c220d8284d av-special-heading-h2 blockquote elegant-quote elegant-centered  avia-builder-el-2  el_after_av_image  avia-builder-el-last  '><h2 class='av-special-heading-tag '  itemprop=\"headline\"  ><span class=\"heading-wrap\">Licitaciones<\/span><\/h2><div class='special-heading-border'><div class='special-heading-inner-border'><\/div><\/div><\/div><\/p><\/div><div class='flex_column av-ku5xkbxa-89bdd83d9d96ad989081d4e76c84d471 av_one_half  avia-builder-el-3  el_after_av_one_full  el_before_av_one_half  first flex_column_div  av-animated-generic fade-in column-top-margin'   ><div  class='av_promobox av-ku5wxcx9-bb06ce3a6342bafb6292fc6f0e8c2420 avia-button-yes  avia-builder-el-4  avia-builder-el-no-sibling  '><div class='avia-promocontent'><p>\n<strong><span style=\"color: #000000;\">Contrataci\u00f3n Especialista Revisi\u00f3n de Diagn\u00f3stico (Febrero 2020)<\/span><\/strong><\/p>\n<\/div><div  class='avia-button-wrap avia-button-right ' >\n<style type=\"text\/css\" data-created_by=\"avia_inline_auto\" id=\"style-css-av-ku5wxcx9-e19bd6d06650209dfc0e540b3a1a7cfd\">\n#top #wrap_all .avia-button.av-ku5wxcx9-e19bd6d06650209dfc0e540b3a1a7cfd{\nbackground-color:#39a2e4;\nborder-color:#39a2e4;\ncolor:#ffffff;\ntransition:all 0.4s ease-in-out;\n-webkit-transition:all 0.4s ease-in-out;\n-moz-transition:all 0.4s ease-in-out;\n-ms-transition:all 0.4s ease-in-out;\n-o-transition:all 0.4s ease-in-out;\n}\n<\/style>\n<a href='https:\/\/ciepo.org\/nbsime\/wp-content\/uploads\/2021\/09\/1-Contratacion-Especialista-Revision-de-Diagnostico-Febrero-2020.pdf'  class='avia-button av-ku5wxcx9-e19bd6d06650209dfc0e540b3a1a7cfd avia-icon_select-yes-left-icon avia-size-large avia-position-right '  target=\"_blank\"  rel=\"noopener noreferrer\"><span class='avia_button_icon avia_button_icon_left' aria-hidden='true' data-av_icon='\ue84b' data-av_iconfont='entypo-fontello'><\/span><span class='avia_iconbox_title' >Leer descargable<\/span><\/a><\/div><\/div><\/div><div class='flex_column av-av_one_half-f193036af371c3396197478cfd1a5855 av_one_half  avia-builder-el-5  el_after_av_one_half  el_before_av_one_half  flex_column_div  av-animated-generic fade-in column-top-margin'   ><div  class='av_promobox av-ku5xlkh2-2fd8767eed94c8e0bc779783cb3a5078 avia-button-yes  avia-builder-el-6  avia-builder-el-no-sibling  '><div class='avia-promocontent'><p>\n<strong><span style=\"color: #000000;\">Planes Municipales de Gesti\u00f3n de Residuos S\u00f3lidos (Febrero 2020)<\/span><\/strong><\/p>\n<\/div><div  class='avia-button-wrap avia-button-right ' >\n<style type=\"text\/css\" data-created_by=\"avia_inline_auto\" id=\"style-css-av-ku5xlkh2-447519172b57aafa59f2758d80279005\">\n#top #wrap_all .avia-button.av-ku5xlkh2-447519172b57aafa59f2758d80279005{\nbackground-color:#39a2e4;\nborder-color:#39a2e4;\ncolor:#ffffff;\ntransition:all 0.4s ease-in-out;\n-webkit-transition:all 0.4s ease-in-out;\n-moz-transition:all 0.4s ease-in-out;\n-ms-transition:all 0.4s ease-in-out;\n-o-transition:all 0.4s ease-in-out;\n}\n<\/style>\n<a href='https:\/\/ciepo.org\/nbsime\/wp-content\/uploads\/2021\/09\/2-Planes-Municipales-de-Gestion-de-Residuos-Solidos-Febrero-2020.pdf'  class='avia-button av-ku5xlkh2-447519172b57aafa59f2758d80279005 avia-icon_select-yes-left-icon avia-size-large avia-position-right '  target=\"_blank\"  rel=\"noopener noreferrer\"><span class='avia_button_icon avia_button_icon_left' aria-hidden='true' data-av_icon='\ue84b' data-av_iconfont='entypo-fontello'><\/span><span class='avia_iconbox_title' >Leer descargable<\/span><\/a><\/div><\/div><\/div><div class='flex_column av-av_one_half-e9585d971f5835a39908e6306af51de5 av_one_half  avia-builder-el-7  el_after_av_one_half  el_before_av_one_half  first flex_column_div  av-animated-generic fade-in column-top-margin'   ><div  class='av_promobox av-ku5xrqjz-221e168eef47cff049d8dcb97e9e9c4c avia-button-yes  avia-builder-el-8  avia-builder-el-no-sibling  '><div class='avia-promocontent'><p>\n<strong><span style=\"color: #000000;\">Talleres sobre Residuos S\u00f3lidos (Junio 2020)<\/span><\/strong><\/p>\n<\/div><div  class='avia-button-wrap avia-button-right ' >\n<style type=\"text\/css\" data-created_by=\"avia_inline_auto\" id=\"style-css-av-ku5xrqjz-b5830d36767efffd4a7ff52c6d463259\">\n#top #wrap_all .avia-button.av-ku5xrqjz-b5830d36767efffd4a7ff52c6d463259{\nbackground-color:#39a2e4;\nborder-color:#39a2e4;\ncolor:#ffffff;\ntransition:all 0.4s ease-in-out;\n-webkit-transition:all 0.4s ease-in-out;\n-moz-transition:all 0.4s ease-in-out;\n-ms-transition:all 0.4s ease-in-out;\n-o-transition:all 0.4s ease-in-out;\n}\n<\/style>\n<a href='https:\/\/ciepo.org\/nbsime\/wp-content\/uploads\/2021\/09\/3-Talleres-sobre-Residuos-Solidos-Junio-2020.pdf'  class='avia-button av-ku5xrqjz-b5830d36767efffd4a7ff52c6d463259 avia-icon_select-yes-left-icon avia-size-large avia-position-right '  target=\"_blank\"  rel=\"noopener noreferrer\"><span class='avia_button_icon avia_button_icon_left' aria-hidden='true' data-av_icon='\ue84b' data-av_iconfont='entypo-fontello'><\/span><span class='avia_iconbox_title' >Leer descargable<\/span><\/a><\/div><\/div><\/div><div class='flex_column av-av_one_half-f193036af371c3396197478cfd1a5855 av_one_half  avia-builder-el-9  el_after_av_one_half  el_before_av_one_half  flex_column_div  av-animated-generic fade-in column-top-margin'   ><div  class='av_promobox av-ku5y181e-ed55b6be168af250f714ac50889812cd avia-button-yes  avia-builder-el-10  avia-builder-el-no-sibling  '><div class='avia-promocontent'><p>\n<strong><span style=\"color: #000000;\">Planes Municipales de Gesti\u00f3n de Residuos S\u00f3lidos (Junio 2020)<\/span><\/strong><\/p>\n<\/div><div  class='avia-button-wrap avia-button-right ' >\n<style type=\"text\/css\" data-created_by=\"avia_inline_auto\" id=\"style-css-av-ku5y181e-1cba4bfb081409c9364f6dc16ff3703b\">\n#top #wrap_all .avia-button.av-ku5y181e-1cba4bfb081409c9364f6dc16ff3703b{\nbackground-color:#39a2e4;\nborder-color:#39a2e4;\ncolor:#ffffff;\ntransition:all 0.4s ease-in-out;\n-webkit-transition:all 0.4s ease-in-out;\n-moz-transition:all 0.4s ease-in-out;\n-ms-transition:all 0.4s ease-in-out;\n-o-transition:all 0.4s ease-in-out;\n}\n<\/style>\n<a href='https:\/\/ciepo.org\/nbsime\/wp-content\/uploads\/2021\/09\/4-Planes-Municipales-de-Gestion-de-Residuos-Solidos-Junio-2020.pdf'  class='avia-button av-ku5y181e-1cba4bfb081409c9364f6dc16ff3703b avia-icon_select-yes-left-icon avia-size-large avia-position-right '  target=\"_blank\"  rel=\"noopener noreferrer\"><span class='avia_button_icon avia_button_icon_left' aria-hidden='true' data-av_icon='\ue84b' data-av_iconfont='entypo-fontello'><\/span><span class='avia_iconbox_title' >Leer descargable<\/span><\/a><\/div><\/div><\/div><div class='flex_column av-av_one_half-e9585d971f5835a39908e6306af51de5 av_one_half  avia-builder-el-11  el_after_av_one_half  el_before_av_one_half  first flex_column_div  av-animated-generic fade-in column-top-margin'   ><div  class='av_promobox av-ku5y27xf-ada4659ccd61194203eefd9dba726784 avia-button-yes  avia-builder-el-12  avia-builder-el-no-sibling  '><div class='avia-promocontent'><p>\n<strong><span style=\"color: #000000;\">Contrataci\u00f3n Consultor Experto sobre Recogimiento de Residuos (Julio 2020)<\/span><\/strong><\/p>\n<\/div><div  class='avia-button-wrap avia-button-right ' >\n<style type=\"text\/css\" data-created_by=\"avia_inline_auto\" id=\"style-css-av-ku5y27xf-bcc1d91eef996dd53ca0bfee6840cc40\">\n#top #wrap_all .avia-button.av-ku5y27xf-bcc1d91eef996dd53ca0bfee6840cc40{\nbackground-color:#39a2e4;\nborder-color:#39a2e4;\ncolor:#ffffff;\ntransition:all 0.4s ease-in-out;\n-webkit-transition:all 0.4s ease-in-out;\n-moz-transition:all 0.4s ease-in-out;\n-ms-transition:all 0.4s ease-in-out;\n-o-transition:all 0.4s ease-in-out;\n}\n<\/style>\n<a href='https:\/\/ciepo.org\/nbsime\/wp-content\/uploads\/2021\/09\/5-Contratacion-Consultor-Experto-sobre-Recogimiento-de-Residuos-Julio-2020.pdf'  class='avia-button av-ku5y27xf-bcc1d91eef996dd53ca0bfee6840cc40 avia-icon_select-yes-left-icon avia-size-large avia-position-right '  target=\"_blank\"  rel=\"noopener noreferrer\"><span class='avia_button_icon avia_button_icon_left' aria-hidden='true' data-av_icon='\ue84b' data-av_iconfont='entypo-fontello'><\/span><span class='avia_iconbox_title' >Leer descargable<\/span><\/a><\/div><\/div><\/div><div class='flex_column av-av_one_half-f193036af371c3396197478cfd1a5855 av_one_half  avia-builder-el-13  el_after_av_one_half  el_before_av_one_half  flex_column_div  av-animated-generic fade-in column-top-margin'   ><div  class='av_promobox av-ku5y2y23-829821c4f93fcab06b8c55fc2f939730 avia-button-yes  avia-builder-el-14  avia-builder-el-no-sibling  '><div class='avia-promocontent'><p>\n<strong><span style=\"color: #000000;\">Contrataci\u00f3n para adquirir 90 Zafacones o Tanques de pl\u00e1sticos (Septiembre 2020)<\/span><\/strong><\/p>\n<\/div><div  class='avia-button-wrap avia-button-right ' >\n<style type=\"text\/css\" data-created_by=\"avia_inline_auto\" id=\"style-css-av-ku5y2y23-417ebc8fcc974a40246de94faf746cd7\">\n#top #wrap_all .avia-button.av-ku5y2y23-417ebc8fcc974a40246de94faf746cd7{\nbackground-color:#39a2e4;\nborder-color:#39a2e4;\ncolor:#ffffff;\ntransition:all 0.4s ease-in-out;\n-webkit-transition:all 0.4s ease-in-out;\n-moz-transition:all 0.4s ease-in-out;\n-ms-transition:all 0.4s ease-in-out;\n-o-transition:all 0.4s ease-in-out;\n}\n<\/style>\n<a href='https:\/\/ciepo.org\/nbsime\/wp-content\/uploads\/2021\/09\/6-Contratacion-para-adquirir-90-Zafacones-o-Tanques-de-plasticos-Septiembre-2020.pdf'  class='avia-button av-ku5y2y23-417ebc8fcc974a40246de94faf746cd7 avia-icon_select-yes-left-icon avia-size-large avia-position-right '  target=\"_blank\"  rel=\"noopener noreferrer\"><span class='avia_button_icon avia_button_icon_left' aria-hidden='true' data-av_icon='\ue84b' data-av_iconfont='entypo-fontello'><\/span><span class='avia_iconbox_title' >Leer descargable<\/span><\/a><\/div><\/div><\/div><div class='flex_column av-av_one_half-e9585d971f5835a39908e6306af51de5 av_one_half  avia-builder-el-15  el_after_av_one_half  el_before_av_one_half  first flex_column_div  av-animated-generic fade-in column-top-margin'   ><div  class='av_promobox av-ku5y3s54-448f47e970fd70df5b0cce0006539e5f avia-button-yes  avia-builder-el-16  avia-builder-el-no-sibling  '><div class='avia-promocontent'><p>\n<strong><span style=\"color: #000000;\">T\u00e9rminos de Referencias Diagn\u00f3stico sobre el potencial del ecoturismo en la Provincia Independencia (Noviembre 2020)<\/span><\/strong><\/p>\n<\/div><div  class='avia-button-wrap avia-button-right ' >\n<style type=\"text\/css\" data-created_by=\"avia_inline_auto\" id=\"style-css-av-ku5y3s54-0ce913e13072d003d72b8eff2d6b6b27\">\n#top #wrap_all .avia-button.av-ku5y3s54-0ce913e13072d003d72b8eff2d6b6b27{\nbackground-color:#39a2e4;\nborder-color:#39a2e4;\ncolor:#ffffff;\ntransition:all 0.4s ease-in-out;\n-webkit-transition:all 0.4s ease-in-out;\n-moz-transition:all 0.4s ease-in-out;\n-ms-transition:all 0.4s ease-in-out;\n-o-transition:all 0.4s ease-in-out;\n}\n<\/style>\n<a href='https:\/\/ciepo.org\/nbsime\/wp-content\/uploads\/2021\/09\/7-Terminos-de-Referencias-Diagnostico-sobre-el-potencial-del-ecoturismo-en-la-Provincia-Independencia-Noviembre-2020.pdf'  class='avia-button av-ku5y3s54-0ce913e13072d003d72b8eff2d6b6b27 avia-icon_select-yes-left-icon avia-size-large avia-position-right '  target=\"_blank\"  rel=\"noopener noreferrer\"><span class='avia_button_icon avia_button_icon_left' aria-hidden='true' data-av_icon='\ue84b' data-av_iconfont='entypo-fontello'><\/span><span class='avia_iconbox_title' >Leer descargable<\/span><\/a><\/div><\/div><\/div><div class='flex_column av-av_one_half-f193036af371c3396197478cfd1a5855 av_one_half  avia-builder-el-17  el_after_av_one_half  el_before_av_one_half  flex_column_div  av-animated-generic fade-in column-top-margin'   ><div  class='av_promobox av-ku5y7d2v-87a40d4709663d6d45ed7f5bd75fc214 avia-button-yes  avia-builder-el-18  avia-builder-el-no-sibling  '><div class='avia-promocontent'><p>\n<strong><span style=\"color: #000000;\">\u00a0Entrevista a alcaldes municipales Jiman\u00ed, La descubierta y Postrer R\u00edo &#8211; CIEPO<\/span><\/strong><\/p>\n<\/div><div  class='avia-button-wrap avia-button-right ' >\n<style type=\"text\/css\" data-created_by=\"avia_inline_auto\" id=\"style-css-av-ku5y7d2v-f068e9901218fd2032f983db16359b81\">\n#top #wrap_all .avia-button.av-ku5y7d2v-f068e9901218fd2032f983db16359b81{\nbackground-color:#39a2e4;\nborder-color:#39a2e4;\ncolor:#ffffff;\ntransition:all 0.4s ease-in-out;\n-webkit-transition:all 0.4s ease-in-out;\n-moz-transition:all 0.4s ease-in-out;\n-ms-transition:all 0.4s ease-in-out;\n-o-transition:all 0.4s ease-in-out;\n}\n<\/style>\n<a href='https:\/\/ciepo.org\/nbsime\/wp-content\/uploads\/2021\/09\/8-ENTREVISTA-A-ALCALDES-MUNICIPALES-JIMANI-.-LA-DESCUBIERTA-Y-POSTRER-RIO-CIEPO.pdf'  class='avia-button av-ku5y7d2v-f068e9901218fd2032f983db16359b81 avia-icon_select-yes-left-icon avia-size-large avia-position-right '  target=\"_blank\"  rel=\"noopener noreferrer\"><span class='avia_button_icon avia_button_icon_left' aria-hidden='true' data-av_icon='\ue84b' data-av_iconfont='entypo-fontello'><\/span><span class='avia_iconbox_title' >Leer descargable<\/span><\/a><\/div><\/div><\/div><div class='flex_column av-av_one_half-e9585d971f5835a39908e6306af51de5 av_one_half  avia-builder-el-19  el_after_av_one_half  el_before_av_one_half  first flex_column_div  av-animated-generic fade-in column-top-margin'   ><div  class='av_promobox av-ku5y9o25-92772f362c91595f6f29786795167c9b avia-button-yes  avia-builder-el-20  avia-builder-el-no-sibling  '><div class='avia-promocontent'><p>\n<strong><span style=\"color: #000000;\">\u00a0Entrevista a emprendimientos y organizaciones ecotur\u00edsticas\u00a0&#8211; CIEPO<\/span><\/strong><\/p>\n<\/div><div  class='avia-button-wrap avia-button-right ' >\n<style type=\"text\/css\" data-created_by=\"avia_inline_auto\" id=\"style-css-av-ku5y9o25-c80dd7821a57a9d3cdd4b3565d89c119\">\n#top #wrap_all .avia-button.av-ku5y9o25-c80dd7821a57a9d3cdd4b3565d89c119{\nbackground-color:#39a2e4;\nborder-color:#39a2e4;\ncolor:#ffffff;\ntransition:all 0.4s ease-in-out;\n-webkit-transition:all 0.4s ease-in-out;\n-moz-transition:all 0.4s ease-in-out;\n-ms-transition:all 0.4s ease-in-out;\n-o-transition:all 0.4s ease-in-out;\n}\n<\/style>\n<a href='https:\/\/ciepo.org\/nbsime\/wp-content\/uploads\/2021\/09\/9-ENTREVISTA-A-EMPRENDIMIENTOS-Y-ORGANIZACIONES-ECOTURISTICAS-CIEPO.pdf'  class='avia-button av-ku5y9o25-c80dd7821a57a9d3cdd4b3565d89c119 avia-icon_select-yes-left-icon avia-size-large avia-position-right '  target=\"_blank\"  rel=\"noopener noreferrer\"><span class='avia_button_icon avia_button_icon_left' aria-hidden='true' data-av_icon='\ue84b' data-av_iconfont='entypo-fontello'><\/span><span class='avia_iconbox_title' >Leer descargable<\/span><\/a><\/div><\/div><\/div><div class='flex_column av-av_one_half-f193036af371c3396197478cfd1a5855 av_one_half  avia-builder-el-21  el_after_av_one_half  el_before_av_one_half  flex_column_div  av-animated-generic fade-in column-top-margin'   ><div  class='av_promobox av-ku5ycifq-80dc7f3ed760b9b76005085e75c91c27 avia-button-yes  avia-builder-el-22  avia-builder-el-no-sibling  '><div class='avia-promocontent'><p>\n<strong><span style=\"color: #000000;\">\u00a0Entrevista a instituciones y entidades p\u00fablicas de Independencia &#8211; CIEPO<\/span><\/strong><\/p>\n<\/div><div  class='avia-button-wrap avia-button-right ' >\n<style type=\"text\/css\" data-created_by=\"avia_inline_auto\" id=\"style-css-av-ku5ycifq-c927a9e72d34dad71ba79fc691dafa04\">\n#top #wrap_all .avia-button.av-ku5ycifq-c927a9e72d34dad71ba79fc691dafa04{\nbackground-color:#39a2e4;\nborder-color:#39a2e4;\ncolor:#ffffff;\ntransition:all 0.4s ease-in-out;\n-webkit-transition:all 0.4s ease-in-out;\n-moz-transition:all 0.4s ease-in-out;\n-ms-transition:all 0.4s ease-in-out;\n-o-transition:all 0.4s ease-in-out;\n}\n<\/style>\n<a href='https:\/\/ciepo.org\/nbsime\/wp-content\/uploads\/2021\/09\/10-ENTREVISTA-A-INSTITUCIONES-Y-ENTIDADES-PUBLICAS-DE-INDEPENDENCIA-CIEPO.pdf'  class='avia-button av-ku5ycifq-c927a9e72d34dad71ba79fc691dafa04 avia-icon_select-yes-left-icon avia-size-large avia-position-right '  target=\"_blank\"  rel=\"noopener noreferrer\"><span class='avia_button_icon avia_button_icon_left' aria-hidden='true' data-av_icon='\ue84b' data-av_iconfont='entypo-fontello'><\/span><span class='avia_iconbox_title' >Leer descargable<\/span><\/a><\/div><\/div><\/div><div class='flex_column av-av_one_half-e9585d971f5835a39908e6306af51de5 av_one_half  avia-builder-el-23  el_after_av_one_half  el_before_av_one_half  first flex_column_div  av-animated-generic fade-in column-top-margin'   ><div  class='av_promobox av-ku5yer2g-1b4e829758713e8b1611eedb0028de23 avia-button-yes  avia-builder-el-24  avia-builder-el-no-sibling  '><div class='avia-promocontent'><p>\n<strong><span style=\"color: #000000;\">\u00a0Entrevista a visitantes de atractivos ecotur\u00edsticos &#8211; CIEPO<\/span><\/strong><\/p>\n<\/div><div  class='avia-button-wrap avia-button-right ' >\n<style type=\"text\/css\" data-created_by=\"avia_inline_auto\" id=\"style-css-av-ku5yer2g-3fdac0af293f7caff57f33c5e0e0d5d5\">\n#top #wrap_all .avia-button.av-ku5yer2g-3fdac0af293f7caff57f33c5e0e0d5d5{\nbackground-color:#39a2e4;\nborder-color:#39a2e4;\ncolor:#ffffff;\ntransition:all 0.4s ease-in-out;\n-webkit-transition:all 0.4s ease-in-out;\n-moz-transition:all 0.4s ease-in-out;\n-ms-transition:all 0.4s ease-in-out;\n-o-transition:all 0.4s ease-in-out;\n}\n<\/style>\n<a href='https:\/\/ciepo.org\/nbsime\/wp-content\/uploads\/2021\/09\/11-ENTREVISTA-A-VISITANTES-DE-ATRACTIVOS-ECOTURISTICOS-CIEPO.pdf'  class='avia-button av-ku5yer2g-3fdac0af293f7caff57f33c5e0e0d5d5 avia-icon_select-yes-left-icon avia-size-large avia-position-right '  target=\"_blank\"  rel=\"noopener noreferrer\"><span class='avia_button_icon avia_button_icon_left' aria-hidden='true' data-av_icon='\ue84b' data-av_iconfont='entypo-fontello'><\/span><span class='avia_iconbox_title' >Leer descargable<\/span><\/a><\/div><\/div><\/div><div class='flex_column av-av_one_half-f193036af371c3396197478cfd1a5855 av_one_half  avia-builder-el-25  el_after_av_one_half  avia-builder-el-last  flex_column_div  av-animated-generic fade-in column-top-margin'   ><div  class='av_promobox av-ku5yfp99-90c8b7481bbc050e4d82b98068749a34 avia-button-yes  avia-builder-el-26  avia-builder-el-no-sibling  '><div class='avia-promocontent'><p>\n<strong><span style=\"color: #000000;\">Informe final &#8211; Diagn\u00f3stico sobre el potencial del ecoturismo en la Provincia Independencia<\/span><\/strong><\/p>\n<\/div><div  class='avia-button-wrap avia-button-right ' >\n<style type=\"text\/css\" data-created_by=\"avia_inline_auto\" id=\"style-css-av-ku5yfp99-94dec671e94d9610fe93a99607a86cff\">\n#top #wrap_all .avia-button.av-ku5yfp99-94dec671e94d9610fe93a99607a86cff{\nbackground-color:#39a2e4;\nborder-color:#39a2e4;\ncolor:#ffffff;\ntransition:all 0.4s ease-in-out;\n-webkit-transition:all 0.4s ease-in-out;\n-moz-transition:all 0.4s ease-in-out;\n-ms-transition:all 0.4s ease-in-out;\n-o-transition:all 0.4s ease-in-out;\n}\n<\/style>\n<a href='https:\/\/ciepo.org\/nbsime\/wp-content\/uploads\/2021\/09\/12-Informe-final-Diagnostico-sobre-el-potencial-del-ecoturismo-en-la-Provincia-Independencia.pdf'  class='avia-button av-ku5yfp99-94dec671e94d9610fe93a99607a86cff avia-icon_select-yes-left-icon avia-size-large avia-position-right '  target=\"_blank\"  rel=\"noopener noreferrer\"><span class='avia_button_icon avia_button_icon_left' aria-hidden='true' data-av_icon='\ue84b' data-av_iconfont='entypo-fontello'><\/span><span class='avia_iconbox_title' >Leer descargable<\/span><\/a><\/div><\/div><\/div><\/p>\n","protected":false},"excerpt":{"rendered":"","protected":false},"author":1,"featured_media":0,"parent":0,"menu_order":0,"comment_status":"closed","ping_status":"closed","template":"","meta":{"footnotes":""},"class_list":["post-400","page","type-page","status-publish","hentry"],"_links":{"self":[{"href":"https:\/\/ciepo.org\/nbsime\/wp-json\/wp\/v2\/pages\/400","targetHints":{"allow":["GET"]}}],"collection":[{"href":"https:\/\/ciepo.org\/nbsime\/wp-json\/wp\/v2\/pages"}],"about":[{"href":"https:\/\/ciepo.org\/nbsime\/wp-json\/wp\/v2\/types\/page"}],"author":[{"embeddable":true,"href":"https:\/\/ciepo.org\/nbsime\/wp-json\/wp\/v2\/users\/1"}],"replies":[{"embeddable":true,"href":"https:\/\/ciepo.org\/nbsime\/wp-json\/wp\/v2\/comments?post=400"}],"version-history":[{"count":13,"href":"https:\/\/ciepo.org\/nbsime\/wp-json\/wp\/v2\/pages\/400\/revisions"}],"predecessor-version":[{"id":429,"href":"https:\/\/ciepo.org\/nbsime\/wp-json\/wp\/v2\/pages\/400\/revisions\/429"}],"wp:attachment":[{"href":"https:\/\/ciepo.org\/nbsime\/wp-json\/wp\/v2\/media?parent=400"}],"curies":[{"name":"wp","href":"https:\/\/api.w.org\/{rel}","templated":true}]}}