{"id":370,"date":"2021-09-28T16:19:07","date_gmt":"2021-09-28T16:19:07","guid":{"rendered":"https:\/\/ciepo.org\/nbsime\/?page_id=370"},"modified":"2021-10-08T16:58:02","modified_gmt":"2021-10-08T16:58:02","slug":"noticias","status":"publish","type":"page","link":"https:\/\/ciepo.org\/nbsime\/noticias\/","title":{"rendered":"NOTICIAS"},"content":{"rendered":"<div class='flex_column av-pycuy-d6c3ed0f893182eea78153a10704b14a av_one_full  avia-builder-el-0  avia-builder-el-no-sibling  first flex_column_div '   ><p>\n<style type=\"text\/css\" data-created_by=\"avia_inline_auto\" id=\"style-css-av-ku49t28x-a036844060e99f16a5f0fbf1c9b8bc11\">\n#top .av-special-heading.av-ku49t28x-a036844060e99f16a5f0fbf1c9b8bc11{\npadding-bottom:10px;\n}\n<\/style>\n<div  class='av-special-heading av-ku49t28x-a036844060e99f16a5f0fbf1c9b8bc11 av-special-heading-h2 blockquote elegant-quote elegant-centered  avia-builder-el-1  el_before_av_hr  avia-builder-el-first  '><h2 class='av-special-heading-tag '  itemprop=\"headline\"  ><span class=\"heading-wrap\">Noticias<\/span><\/h2><div class='special-heading-border'><div class='special-heading-inner-border'><\/div><\/div><\/div><br \/>\n\n<style type=\"text\/css\" data-created_by=\"avia_inline_auto\" id=\"style-css-av-k0voa-f93ab5a5bac214dfaeb723cb3b9c0b26\">\n#top .hr.hr-invisible.av-k0voa-f93ab5a5bac214dfaeb723cb3b9c0b26{\nheight:30px;\n}\n<\/style>\n<div  class='hr av-k0voa-f93ab5a5bac214dfaeb723cb3b9c0b26 hr-invisible  avia-builder-el-2  el_after_av_heading  el_before_av_magazine  '><span class='hr-inner '><span class=\"hr-inner-style\"><\/span><\/span><\/div><br \/>\n<div  id=\"1\"  class='av-magazine   avia-builder-el-3  el_after_av_hr  avia-builder-el-last   ' ><div class='av-magazine-group sort_all'><article class='av-magazine-entry av-magazine-entry-id-640 av-magazine-format-standard av-magazine-type-post av-magazine-entry-1 av-magazine-entry-small '  itemscope=\"itemscope\" itemtype=\"https:\/\/schema.org\/CreativeWork\" ><div class='av-magazine-thumbnail'><a href='https:\/\/ciepo.org\/nbsime\/2021\/10\/05\/ciepo-concerta-alianza-con-el-pnud-para-ejecutar-proyecto-en-paisajes-de-montana-amenazados-y-fortalecer-medios-de-vida-sostenibles\/' title='Enlace a: CIEPO CONCERTA ALIANZA CON EL PNUD PARA EJECUTAR PROYECTO EN PAISAJES DE MONTA\u00d1A AMENAZADOS Y FORTALECER MEDIOS DE VIDA SOSTENIBLES' class='av-magazine-thumbnail-link '><img loading=\"lazy\" decoding=\"async\" width=\"80\" height=\"80\" src=\"https:\/\/ciepo.org\/nbsime\/wp-content\/uploads\/2021\/10\/244573220_4587123741308217_4755779425752891583_n-80x80.jpg\" class=\"wp-image-641 avia-img-lazy-loading-641 attachment-thumbnail size-thumbnail wp-post-image\" alt=\"\" srcset=\"https:\/\/ciepo.org\/nbsime\/wp-content\/uploads\/2021\/10\/244573220_4587123741308217_4755779425752891583_n-80x80.jpg 80w, https:\/\/ciepo.org\/nbsime\/wp-content\/uploads\/2021\/10\/244573220_4587123741308217_4755779425752891583_n-36x36.jpg 36w, https:\/\/ciepo.org\/nbsime\/wp-content\/uploads\/2021\/10\/244573220_4587123741308217_4755779425752891583_n-180x180.jpg 180w\" sizes=\"auto, (max-width: 80px) 100vw, 80px\" \/><\/a><\/div><div class='av-magazine-content-wrap'><header class='entry-content-header'><time class='av-magazine-time updated'  itemprop=\"datePublished\" datetime=\"2021-10-05T16:48:36+00:00\" >octubre 5, 2021<\/time><h3 class='av-magazine-title entry-title '  itemprop=\"headline\" ><a href='https:\/\/ciepo.org\/nbsime\/2021\/10\/05\/ciepo-concerta-alianza-con-el-pnud-para-ejecutar-proyecto-en-paisajes-de-montana-amenazados-y-fortalecer-medios-de-vida-sostenibles\/' title='Enlace a: CIEPO CONCERTA ALIANZA CON EL PNUD PARA EJECUTAR PROYECTO EN PAISAJES DE MONTA\u00d1A AMENAZADOS Y FORTALECER MEDIOS DE VIDA SOSTENIBLES'>CIEPO CONCERTA ALIANZA CON EL PNUD PARA EJECUTAR PROYECTO EN PAISAJES DE MONTA\u00d1A AMENAZADOS Y FORTALECER MEDIOS DE VIDA SOSTENIBLES<\/a><\/h3><\/header><\/div><footer class='entry-footer'><\/footer><\/article><article class='av-magazine-entry av-magazine-entry-id-637 av-magazine-format-standard av-magazine-type-post av-magazine-entry-2 av-magazine-entry-small '  itemscope=\"itemscope\" itemtype=\"https:\/\/schema.org\/CreativeWork\" ><div class='av-magazine-thumbnail'><a href='https:\/\/ciepo.org\/nbsime\/2021\/10\/05\/ciepo-se-prepara-para-iniciar-viajes-famtrips-para-promover-los-potenciales-ecoturismo-de-la-provincia-independencia\/' title='Enlace a: CIEPO SE PREPARA PARA INICIAR VIAJES FAMTRIPS PARA PROMOVER LOS POTENCIALES ECOTURISMO DE LA PROVINCIA INDEPENDENCIA' class='av-magazine-thumbnail-link '><img loading=\"lazy\" decoding=\"async\" width=\"80\" height=\"80\" src=\"https:\/\/ciepo.org\/nbsime\/wp-content\/uploads\/2021\/10\/244611210_4587000454653879_1991269502892749422_n-80x80.jpg\" class=\"wp-image-638 avia-img-lazy-loading-638 attachment-thumbnail size-thumbnail wp-post-image\" alt=\"\" srcset=\"https:\/\/ciepo.org\/nbsime\/wp-content\/uploads\/2021\/10\/244611210_4587000454653879_1991269502892749422_n-80x80.jpg 80w, https:\/\/ciepo.org\/nbsime\/wp-content\/uploads\/2021\/10\/244611210_4587000454653879_1991269502892749422_n-36x36.jpg 36w, https:\/\/ciepo.org\/nbsime\/wp-content\/uploads\/2021\/10\/244611210_4587000454653879_1991269502892749422_n-180x180.jpg 180w\" sizes=\"auto, (max-width: 80px) 100vw, 80px\" \/><\/a><\/div><div class='av-magazine-content-wrap'><header class='entry-content-header'><time class='av-magazine-time updated'  itemprop=\"datePublished\" datetime=\"2021-10-05T15:47:38+00:00\" >octubre 5, 2021<\/time><h3 class='av-magazine-title entry-title '  itemprop=\"headline\" ><a href='https:\/\/ciepo.org\/nbsime\/2021\/10\/05\/ciepo-se-prepara-para-iniciar-viajes-famtrips-para-promover-los-potenciales-ecoturismo-de-la-provincia-independencia\/' title='Enlace a: CIEPO SE PREPARA PARA INICIAR VIAJES FAMTRIPS PARA PROMOVER LOS POTENCIALES ECOTURISMO DE LA PROVINCIA INDEPENDENCIA'>CIEPO SE PREPARA PARA INICIAR VIAJES FAMTRIPS PARA PROMOVER LOS POTENCIALES ECOTURISMO DE LA PROVINCIA INDEPENDENCIA<\/a><\/h3><\/header><\/div><footer class='entry-footer'><\/footer><\/article><article class='av-magazine-entry av-magazine-entry-id-634 av-magazine-format-standard av-magazine-type-post av-magazine-entry-3 av-magazine-entry-small '  itemscope=\"itemscope\" itemtype=\"https:\/\/schema.org\/CreativeWork\" ><div class='av-magazine-thumbnail'><a href='https:\/\/ciepo.org\/nbsime\/2021\/09\/22\/ciepo-y-comite-gestor-de-la-cultura-preparan-tercer-festival-intermunicipal-de-la-cultura-popular\/' title='Enlace a: CIEPO Y COMITE GESTOR DE LA CULTURA PREPARAN TERCER FESTIVAL INTERMUNICIPAL DE LA CULTURA POPULAR' class='av-magazine-thumbnail-link '><img loading=\"lazy\" decoding=\"async\" width=\"80\" height=\"80\" src=\"https:\/\/ciepo.org\/nbsime\/wp-content\/uploads\/2021\/10\/242758415_4546892361998022_5322115764257127187_n-80x80.jpg\" class=\"wp-image-635 avia-img-lazy-loading-635 attachment-thumbnail size-thumbnail wp-post-image\" alt=\"\" srcset=\"https:\/\/ciepo.org\/nbsime\/wp-content\/uploads\/2021\/10\/242758415_4546892361998022_5322115764257127187_n-80x80.jpg 80w, https:\/\/ciepo.org\/nbsime\/wp-content\/uploads\/2021\/10\/242758415_4546892361998022_5322115764257127187_n-36x36.jpg 36w, https:\/\/ciepo.org\/nbsime\/wp-content\/uploads\/2021\/10\/242758415_4546892361998022_5322115764257127187_n-180x180.jpg 180w\" sizes=\"auto, (max-width: 80px) 100vw, 80px\" \/><\/a><\/div><div class='av-magazine-content-wrap'><header class='entry-content-header'><time class='av-magazine-time updated'  itemprop=\"datePublished\" datetime=\"2021-09-22T15:46:41+00:00\" >septiembre 22, 2021<\/time><h3 class='av-magazine-title entry-title '  itemprop=\"headline\" ><a href='https:\/\/ciepo.org\/nbsime\/2021\/09\/22\/ciepo-y-comite-gestor-de-la-cultura-preparan-tercer-festival-intermunicipal-de-la-cultura-popular\/' title='Enlace a: CIEPO Y COMITE GESTOR DE LA CULTURA PREPARAN TERCER FESTIVAL INTERMUNICIPAL DE LA CULTURA POPULAR'>CIEPO Y COMITE GESTOR DE LA CULTURA PREPARAN TERCER FESTIVAL INTERMUNICIPAL DE LA CULTURA POPULAR<\/a><\/h3><\/header><\/div><footer class='entry-footer'><\/footer><\/article><article class='av-magazine-entry av-magazine-entry-id-631 av-magazine-format-standard av-magazine-type-post av-magazine-entry-4 av-magazine-entry-small '  itemscope=\"itemscope\" itemtype=\"https:\/\/schema.org\/CreativeWork\" ><div class='av-magazine-thumbnail'><a href='https:\/\/ciepo.org\/nbsime\/2021\/09\/16\/ciepo-sembrando-esperanzas\/' title='Enlace a: CIEPO: SEMBRANDO ESPERANZAS' class='av-magazine-thumbnail-link '><img loading=\"lazy\" decoding=\"async\" width=\"80\" height=\"80\" src=\"https:\/\/ciepo.org\/nbsime\/wp-content\/uploads\/2021\/10\/242147659_4527273913959867_4154601873187496234_n-80x80.jpg\" class=\"wp-image-632 avia-img-lazy-loading-632 attachment-thumbnail size-thumbnail wp-post-image\" alt=\"\" srcset=\"https:\/\/ciepo.org\/nbsime\/wp-content\/uploads\/2021\/10\/242147659_4527273913959867_4154601873187496234_n-80x80.jpg 80w, https:\/\/ciepo.org\/nbsime\/wp-content\/uploads\/2021\/10\/242147659_4527273913959867_4154601873187496234_n-36x36.jpg 36w, https:\/\/ciepo.org\/nbsime\/wp-content\/uploads\/2021\/10\/242147659_4527273913959867_4154601873187496234_n-180x180.jpg 180w\" sizes=\"auto, (max-width: 80px) 100vw, 80px\" \/><\/a><\/div><div class='av-magazine-content-wrap'><header class='entry-content-header'><time class='av-magazine-time updated'  itemprop=\"datePublished\" datetime=\"2021-09-16T15:42:52+00:00\" >septiembre 16, 2021<\/time><h3 class='av-magazine-title entry-title '  itemprop=\"headline\" ><a href='https:\/\/ciepo.org\/nbsime\/2021\/09\/16\/ciepo-sembrando-esperanzas\/' title='Enlace a: CIEPO: SEMBRANDO ESPERANZAS'>CIEPO: SEMBRANDO ESPERANZAS<\/a><\/h3><\/header><\/div><footer class='entry-footer'><\/footer><\/article><article class='av-magazine-entry av-magazine-entry-id-628 av-magazine-format-standard av-magazine-type-post av-magazine-entry-5 av-magazine-entry-small '  itemscope=\"itemscope\" itemtype=\"https:\/\/schema.org\/CreativeWork\" ><div class='av-magazine-thumbnail'><a href='https:\/\/ciepo.org\/nbsime\/2021\/08\/31\/ciepo-vendera-a-independencia-como-destino-turistico-sinigual\/' title='Enlace a: CIEPO VENDERA A INDEPENDENCIA COMO DESTINO TURISTICO SINIGUAL' class='av-magazine-thumbnail-link '><img loading=\"lazy\" decoding=\"async\" width=\"80\" height=\"80\" src=\"https:\/\/ciepo.org\/nbsime\/wp-content\/uploads\/2021\/10\/240472184_4477158985638027_7201090952282463206_n-80x80.jpg\" class=\"wp-image-629 avia-img-lazy-loading-629 attachment-thumbnail size-thumbnail wp-post-image\" alt=\"\" srcset=\"https:\/\/ciepo.org\/nbsime\/wp-content\/uploads\/2021\/10\/240472184_4477158985638027_7201090952282463206_n-80x80.jpg 80w, https:\/\/ciepo.org\/nbsime\/wp-content\/uploads\/2021\/10\/240472184_4477158985638027_7201090952282463206_n-36x36.jpg 36w, https:\/\/ciepo.org\/nbsime\/wp-content\/uploads\/2021\/10\/240472184_4477158985638027_7201090952282463206_n-180x180.jpg 180w\" sizes=\"auto, (max-width: 80px) 100vw, 80px\" \/><\/a><\/div><div class='av-magazine-content-wrap'><header class='entry-content-header'><time class='av-magazine-time updated'  itemprop=\"datePublished\" datetime=\"2021-08-31T15:42:03+00:00\" >agosto 31, 2021<\/time><h3 class='av-magazine-title entry-title '  itemprop=\"headline\" ><a href='https:\/\/ciepo.org\/nbsime\/2021\/08\/31\/ciepo-vendera-a-independencia-como-destino-turistico-sinigual\/' title='Enlace a: CIEPO VENDERA A INDEPENDENCIA COMO DESTINO TURISTICO SINIGUAL'>CIEPO VENDERA A INDEPENDENCIA COMO DESTINO TURISTICO SINIGUAL<\/a><\/h3><\/header><\/div><footer class='entry-footer'><\/footer><\/article><article class='av-magazine-entry av-magazine-entry-id-625 av-magazine-format-standard av-magazine-type-post av-magazine-entry-6 av-magazine-entry-small '  itemscope=\"itemscope\" itemtype=\"https:\/\/schema.org\/CreativeWork\" ><div class='av-magazine-thumbnail'><a href='https:\/\/ciepo.org\/nbsime\/2021\/08\/31\/ciepo-entrega-utileria-deportiva-a-grupo-infantil-de-volibol-en-la-descubierta\/' title='Enlace a: CIEPO ENTREGA UTILERIA DEPORTIVA A GRUPO INFANTIL DE VOLIBOL EN LA DESCUBIERTA.' class='av-magazine-thumbnail-link '><img loading=\"lazy\" decoding=\"async\" width=\"80\" height=\"80\" src=\"https:\/\/ciepo.org\/nbsime\/wp-content\/uploads\/2021\/10\/241002741_4476650359022223_7537071471499124618_n-80x80.jpg\" class=\"wp-image-626 avia-img-lazy-loading-626 attachment-thumbnail size-thumbnail wp-post-image\" alt=\"\" srcset=\"https:\/\/ciepo.org\/nbsime\/wp-content\/uploads\/2021\/10\/241002741_4476650359022223_7537071471499124618_n-80x80.jpg 80w, https:\/\/ciepo.org\/nbsime\/wp-content\/uploads\/2021\/10\/241002741_4476650359022223_7537071471499124618_n-36x36.jpg 36w, https:\/\/ciepo.org\/nbsime\/wp-content\/uploads\/2021\/10\/241002741_4476650359022223_7537071471499124618_n-180x180.jpg 180w\" sizes=\"auto, (max-width: 80px) 100vw, 80px\" \/><\/a><\/div><div class='av-magazine-content-wrap'><header class='entry-content-header'><time class='av-magazine-time updated'  itemprop=\"datePublished\" datetime=\"2021-08-31T15:25:27+00:00\" >agosto 31, 2021<\/time><h3 class='av-magazine-title entry-title '  itemprop=\"headline\" ><a href='https:\/\/ciepo.org\/nbsime\/2021\/08\/31\/ciepo-entrega-utileria-deportiva-a-grupo-infantil-de-volibol-en-la-descubierta\/' title='Enlace a: CIEPO ENTREGA UTILERIA DEPORTIVA A GRUPO INFANTIL DE VOLIBOL EN LA DESCUBIERTA.'>CIEPO ENTREGA UTILERIA DEPORTIVA A GRUPO INFANTIL DE VOLIBOL EN LA DESCUBIERTA.<\/a><\/h3><\/header><\/div><footer class='entry-footer'><\/footer><\/article><article class='av-magazine-entry av-magazine-entry-id-621 av-magazine-format-standard av-magazine-type-post av-magazine-entry-7 av-magazine-entry-small '  itemscope=\"itemscope\" itemtype=\"https:\/\/schema.org\/CreativeWork\" ><div class='av-magazine-thumbnail'><a href='https:\/\/ciepo.org\/nbsime\/2021\/08\/02\/continuan-las-acciones-de-ciepo-en-favor-de-los-productores-y-productoras-en-la-provincia-independencia\/' title='Enlace a: CONTINUAN LAS ACCIONES DE CIEPO EN FAVOR DE LOS PRODUCTORES Y PRODUCTORAS EN LA PROVINCIA INDEPENDENCIA.' class='av-magazine-thumbnail-link '><img loading=\"lazy\" decoding=\"async\" width=\"80\" height=\"80\" src=\"https:\/\/ciepo.org\/nbsime\/wp-content\/uploads\/2021\/10\/229104553_4388027724551154_4828783475889796651_n-80x80.jpg\" class=\"wp-image-622 avia-img-lazy-loading-622 attachment-thumbnail size-thumbnail wp-post-image\" alt=\"\" srcset=\"https:\/\/ciepo.org\/nbsime\/wp-content\/uploads\/2021\/10\/229104553_4388027724551154_4828783475889796651_n-80x80.jpg 80w, https:\/\/ciepo.org\/nbsime\/wp-content\/uploads\/2021\/10\/229104553_4388027724551154_4828783475889796651_n-36x36.jpg 36w, https:\/\/ciepo.org\/nbsime\/wp-content\/uploads\/2021\/10\/229104553_4388027724551154_4828783475889796651_n-180x180.jpg 180w\" sizes=\"auto, (max-width: 80px) 100vw, 80px\" \/><\/a><\/div><div class='av-magazine-content-wrap'><header class='entry-content-header'><time class='av-magazine-time updated'  itemprop=\"datePublished\" datetime=\"2021-08-02T15:19:54+00:00\" >agosto 2, 2021<\/time><h3 class='av-magazine-title entry-title '  itemprop=\"headline\" ><a href='https:\/\/ciepo.org\/nbsime\/2021\/08\/02\/continuan-las-acciones-de-ciepo-en-favor-de-los-productores-y-productoras-en-la-provincia-independencia\/' title='Enlace a: CONTINUAN LAS ACCIONES DE CIEPO EN FAVOR DE LOS PRODUCTORES Y PRODUCTORAS EN LA PROVINCIA INDEPENDENCIA.'>CONTINUAN LAS ACCIONES DE CIEPO EN FAVOR DE LOS PRODUCTORES Y PRODUCTORAS EN LA PROVINCIA INDEPENDENCIA.<\/a><\/h3><\/header><\/div><footer class='entry-footer'><\/footer><\/article><article class='av-magazine-entry av-magazine-entry-id-551 av-magazine-format-standard av-magazine-type-post av-magazine-entry-8 av-magazine-entry-small '  itemscope=\"itemscope\" itemtype=\"https:\/\/schema.org\/CreativeWork\" ><div class='av-magazine-thumbnail'><a href='https:\/\/ciepo.org\/nbsime\/2021\/05\/05\/formulario-para-ayuda-estudiantil\/' title='Enlace a: FORMULARIO PARA AYUDA ESTUDIANTIL' class='av-magazine-thumbnail-link '><img loading=\"lazy\" decoding=\"async\" width=\"80\" height=\"80\" src=\"https:\/\/ciepo.org\/nbsime\/wp-content\/uploads\/2021\/05\/consejos-para-estudiar-1-80x80.jpg\" class=\"wp-image-557 avia-img-lazy-loading-557 attachment-thumbnail size-thumbnail wp-post-image\" alt=\"\" srcset=\"https:\/\/ciepo.org\/nbsime\/wp-content\/uploads\/2021\/05\/consejos-para-estudiar-1-80x80.jpg 80w, https:\/\/ciepo.org\/nbsime\/wp-content\/uploads\/2021\/05\/consejos-para-estudiar-1-36x36.jpg 36w, https:\/\/ciepo.org\/nbsime\/wp-content\/uploads\/2021\/05\/consejos-para-estudiar-1-180x180.jpg 180w\" sizes=\"auto, (max-width: 80px) 100vw, 80px\" \/><\/a><\/div><div class='av-magazine-content-wrap'><header class='entry-content-header'><time class='av-magazine-time updated'  itemprop=\"datePublished\" datetime=\"2021-05-05T03:13:34+00:00\" >mayo 5, 2021<\/time><h3 class='av-magazine-title entry-title '  itemprop=\"headline\" ><a href='https:\/\/ciepo.org\/nbsime\/2021\/05\/05\/formulario-para-ayuda-estudiantil\/' title='Enlace a: FORMULARIO PARA AYUDA ESTUDIANTIL'>FORMULARIO PARA AYUDA ESTUDIANTIL<\/a><\/h3><\/header><\/div><footer class='entry-footer'><\/footer><\/article><article class='av-magazine-entry av-magazine-entry-id-291 av-magazine-format-standard av-magazine-type-post av-magazine-entry-9 av-magazine-entry-small '  itemscope=\"itemscope\" itemtype=\"https:\/\/schema.org\/CreativeWork\" ><div class='av-magazine-thumbnail'><a href='https:\/\/ciepo.org\/nbsime\/2020\/08\/14\/director-de-medioambiente-en-independencia-desmiente-este-talando-arboles\/' title='Enlace a: DIRECTOR DE MEDIOAMBIENTE EN INDEPENDENCIA DESMIENTE EST\u00c9 TALANDO \u00c1RBOLES' class='av-magazine-thumbnail-link '><img loading=\"lazy\" decoding=\"async\" width=\"80\" height=\"80\" src=\"https:\/\/ciepo.org\/nbsime\/wp-content\/uploads\/2021\/09\/Nelson-Cuevas-80x80.jpg\" class=\"wp-image-292 avia-img-lazy-loading-292 attachment-thumbnail size-thumbnail wp-post-image\" alt=\"\" srcset=\"https:\/\/ciepo.org\/nbsime\/wp-content\/uploads\/2021\/09\/Nelson-Cuevas-80x80.jpg 80w, https:\/\/ciepo.org\/nbsime\/wp-content\/uploads\/2021\/09\/Nelson-Cuevas-36x36.jpg 36w, https:\/\/ciepo.org\/nbsime\/wp-content\/uploads\/2021\/09\/Nelson-Cuevas-180x180.jpg 180w\" sizes=\"auto, (max-width: 80px) 100vw, 80px\" \/><\/a><\/div><div class='av-magazine-content-wrap'><header class='entry-content-header'><time class='av-magazine-time updated'  itemprop=\"datePublished\" datetime=\"2020-08-14T16:55:12+00:00\" >agosto 14, 2020<\/time><h3 class='av-magazine-title entry-title '  itemprop=\"headline\" ><a href='https:\/\/ciepo.org\/nbsime\/2020\/08\/14\/director-de-medioambiente-en-independencia-desmiente-este-talando-arboles\/' title='Enlace a: DIRECTOR DE MEDIOAMBIENTE EN INDEPENDENCIA DESMIENTE EST\u00c9 TALANDO \u00c1RBOLES'>DIRECTOR DE MEDIOAMBIENTE EN INDEPENDENCIA DESMIENTE EST\u00c9 TALANDO \u00c1RBOLES<\/a><\/h3><\/header><\/div><footer class='entry-footer'><\/footer><\/article><article class='av-magazine-entry av-magazine-entry-id-315 av-magazine-format-standard av-magazine-type-post av-magazine-entry-10 av-magazine-entry-small '  itemscope=\"itemscope\" itemtype=\"https:\/\/schema.org\/CreativeWork\" ><div class='av-magazine-thumbnail'><a href='https:\/\/ciepo.org\/nbsime\/2020\/05\/21\/ciepo-la-ong-de-la-descubierta\/' title='Enlace a: CIEPO, LA ONG DE LA DESCUBIERTA' class='av-magazine-thumbnail-link '><img loading=\"lazy\" decoding=\"async\" width=\"80\" height=\"80\" src=\"https:\/\/ciepo.org\/nbsime\/wp-content\/uploads\/2021\/09\/ciepo-la-ong-de-la-descubierta-80x80.jpeg\" class=\"wp-image-316 avia-img-lazy-loading-316 attachment-thumbnail size-thumbnail wp-post-image\" alt=\"\" srcset=\"https:\/\/ciepo.org\/nbsime\/wp-content\/uploads\/2021\/09\/ciepo-la-ong-de-la-descubierta-80x80.jpeg 80w, https:\/\/ciepo.org\/nbsime\/wp-content\/uploads\/2021\/09\/ciepo-la-ong-de-la-descubierta-36x36.jpeg 36w, https:\/\/ciepo.org\/nbsime\/wp-content\/uploads\/2021\/09\/ciepo-la-ong-de-la-descubierta-180x180.jpeg 180w\" sizes=\"auto, (max-width: 80px) 100vw, 80px\" \/><\/a><\/div><div class='av-magazine-content-wrap'><header class='entry-content-header'><time class='av-magazine-time updated'  itemprop=\"datePublished\" datetime=\"2020-05-21T20:08:14+00:00\" >mayo 21, 2020<\/time><h3 class='av-magazine-title entry-title '  itemprop=\"headline\" ><a href='https:\/\/ciepo.org\/nbsime\/2020\/05\/21\/ciepo-la-ong-de-la-descubierta\/' title='Enlace a: CIEPO, LA ONG DE LA DESCUBIERTA'>CIEPO, LA ONG DE LA DESCUBIERTA<\/a><\/h3><\/header><\/div><footer class='entry-footer'><\/footer><\/article><\/div><\/div><\/p><\/div>\n","protected":false},"excerpt":{"rendered":"","protected":false},"author":1,"featured_media":0,"parent":0,"menu_order":0,"comment_status":"closed","ping_status":"closed","template":"","meta":{"footnotes":""},"class_list":["post-370","page","type-page","status-publish","hentry"],"_links":{"self":[{"href":"https:\/\/ciepo.org\/nbsime\/wp-json\/wp\/v2\/pages\/370","targetHints":{"allow":["GET"]}}],"collection":[{"href":"https:\/\/ciepo.org\/nbsime\/wp-json\/wp\/v2\/pages"}],"about":[{"href":"https:\/\/ciepo.org\/nbsime\/wp-json\/wp\/v2\/types\/page"}],"author":[{"embeddable":true,"href":"https:\/\/ciepo.org\/nbsime\/wp-json\/wp\/v2\/users\/1"}],"replies":[{"embeddable":true,"href":"https:\/\/ciepo.org\/nbsime\/wp-json\/wp\/v2\/comments?post=370"}],"version-history":[{"count":8,"href":"https:\/\/ciepo.org\/nbsime\/wp-json\/wp\/v2\/pages\/370\/revisions"}],"predecessor-version":[{"id":643,"href":"https:\/\/ciepo.org\/nbsime\/wp-json\/wp\/v2\/pages\/370\/revisions\/643"}],"wp:attachment":[{"href":"https:\/\/ciepo.org\/nbsime\/wp-json\/wp\/v2\/media?parent=370"}],"curies":[{"name":"wp","href":"https:\/\/api.w.org\/{rel}","templated":true}]}}