{"id":366,"date":"2021-09-28T15:59:42","date_gmt":"2021-09-28T15:59:42","guid":{"rendered":"https:\/\/ciepo.org\/nbsime\/?page_id=366"},"modified":"2021-09-28T15:59:42","modified_gmt":"2021-09-28T15:59:42","slug":"la-region","status":"publish","type":"page","link":"https:\/\/ciepo.org\/nbsime\/la-region\/","title":{"rendered":"LA REGI\u00d3N"},"content":{"rendered":"<div class='flex_column av-av_one_full-d846867a37b468541bc8830743d44203 av_one_full  avia-builder-el-0  avia-builder-el-no-sibling  first flex_column_div '   ><p>\n<style type=\"text\/css\" data-created_by=\"avia_inline_auto\" id=\"style-css-av-ku49fd3b-98b3e03da6609adebb3d0ada1f95262a\">\n#top .av-special-heading.av-ku49fd3b-98b3e03da6609adebb3d0ada1f95262a{\npadding-bottom:10px;\n}\n<\/style>\n<div  class='av-special-heading av-ku49fd3b-98b3e03da6609adebb3d0ada1f95262a av-special-heading-h2 blockquote elegant-quote elegant-centered  avia-builder-el-1  el_before_av_hr  avia-builder-el-first  '><h2 class='av-special-heading-tag '  itemprop=\"headline\"  ><span class=\"heading-wrap\">La regi\u00f3n<\/span><\/h2><div class='special-heading-border'><div class='special-heading-inner-border'><\/div><\/div><\/div><br \/>\n\n<style type=\"text\/css\" data-created_by=\"avia_inline_auto\" id=\"style-css-av-av_hr-af89a52d51412774536fa272e468f7cd\">\n#top .hr.hr-invisible.av-av_hr-af89a52d51412774536fa272e468f7cd{\nheight:30px;\n}\n<\/style>\n<div  class='hr av-av_hr-af89a52d51412774536fa272e468f7cd hr-invisible  avia-builder-el-2  el_after_av_heading  el_before_av_textblock  '><span class='hr-inner '><span class=\"hr-inner-style\"><\/span><\/span><\/div><br \/>\n<section class=\"av_textblock_section \"  itemscope=\"itemscope\" itemtype=\"https:\/\/schema.org\/CreativeWork\" ><div class='avia_textblock  '   itemprop=\"text\" ><div class=\"vc_row wpb_row vc_inner vc_row-fluid\">\n<div class=\"wpb_column vc_column_container vc_col-sm-6\">\n<div class=\"vc_column-inner \">\n<div class=\"wpb_wrapper\">\n<div class=\"wpb_text_column wpb_content_element wpb_animate_when_almost_visible wpb_fadeIn fadeIn wpb_start_animation animated\">\n<div class=\"wpb_wrapper\">\n<p><span style=\"color: #000000;\"><img loading=\"lazy\" decoding=\"async\" class=\"size-full wp-image-270 alignright\" src=\"https:\/\/ciepo.org\/nbsime\/wp-content\/uploads\/2021\/09\/mapa.png\" alt=\"\" width=\"484\" height=\"366\" srcset=\"https:\/\/ciepo.org\/nbsime\/wp-content\/uploads\/2021\/09\/mapa.png 484w, https:\/\/ciepo.org\/nbsime\/wp-content\/uploads\/2021\/09\/mapa-300x227.png 300w\" sizes=\"auto, (max-width: 484px) 100vw, 484px\" \/>La Provincia de Independencia est\u00e1 localizada en la Regi\u00f3n Enriquillo, en el Suroeste de la Rep\u00fablica Dominicana. Est\u00e1 conformada por 6 municipios: Jiman\u00ed, Duverg\u00e9, La Descubierta, Postrer R\u00edo, Mella y Crist\u00f3bal. La zona posee caracter\u00edsticas variadas con bosques secos, semi-h\u00famedos. En esa zona se encuentra la mayor cantidad de ecosistemas naturales y diversos, as\u00ed como el mayor n\u00famero de especies amenazadas, la mayor\u00eda de las cuales son end\u00e9micas a nivel regional (caimanes, jicoteas, cotorras, iguanas, etc.) Contiene el lago m\u00e1s grande del Caribe (Enriquillo), un centro de dispersi\u00f3n de especies. La deforestaci\u00f3n de la zona alcanza niveles alarmante del orden del 40%, manifestando diversos efectos negativos como son: las crecidas de los arroyos, los deslizamientos de tierra, etc. Existen conflictos de uso de la tierra, ya que las que tienen vocaci\u00f3n forestal est\u00e1n siendo utilizadas con fines agr\u00edcolas y ganaderos.<\/span><\/p>\n<\/div>\n<\/div>\n<\/div>\n<\/div>\n<\/div>\n<\/div>\n<div class=\"vc_row wpb_row vc_inner vc_row-fluid\">\n<div class=\"wpb_column vc_column_container vc_col-sm-12\">\n<div class=\"vc_column-inner \">\n<div class=\"wpb_wrapper\">\n<div class=\"wpb_text_column wpb_content_element wpb_animate_when_almost_visible wpb_fadeIn fadeIn wpb_start_animation animated\">\n<div class=\"wpb_wrapper\">\n<p><span style=\"color: #000000;\">Fecha de creaci\u00f3n de la provincia: 1ro. de enero de 1950. La ley que cre\u00f3 esta provincia, del 29 de diciembre de 1948, le asign\u00f3 el nombre de Provincia Jiman\u00ed, nombre que fue cambiado el 28 de enero de 1949 a Provincia Nueva Era, que luego fue cambiado al actual de Independencia el 13 de mayo de 1949.<\/span><\/p>\n<p><span style=\"color: #000000;\"><span style=\"color: #99cc00;\"><strong><span style=\"color: #4c90cd;\">Geoc\u00f3digo ISO de la provincia:<\/span><\/strong>\u00a0<\/span>3166-2:DO-10.<\/span><\/p>\n<p><span style=\"color: #000000;\"><strong><span style=\"color: #4c90cd;\">Superficie:<\/span><\/strong>\u00a02006.44 kil\u00f3metros cuadrados.<\/span><\/p>\n<p><span style=\"color: #000000;\"><strong><span style=\"color: #4c90cd;\">L\u00edmites:<\/span><\/strong>\u00a0Esta provincia limita por el Norte con las provincias El\u00edas Pi\u00f1as y Bahoruco, por el Este con la provincia Barahona, por el Sur con la provincia Pedernales y por el Oeste con la Rep\u00fablica de Hait\u00ed.<\/span><\/p>\n<p><span style=\"color: #000000;\"><strong><span style=\"color: #4c90cd;\">Regi\u00f3n:<\/span><\/strong>\u00a0Forma parte de la Regi\u00f3n VII \u2013 Enriquillo.<\/span><\/p>\n<p><span style=\"color: #000000;\"><strong><span style=\"color: #4c90cd;\">Poblaci\u00f3n (2002):<\/span><\/strong>\u00a050,833 personas: 26,257 hombres y 24,576 mujeres.<\/span><\/p>\n<p><span style=\"color: #000000;\"><strong><span style=\"color: #4c90cd;\">Densidad:<\/span><\/strong>\u00a025 habitantes\/km2.<\/span><br \/>\n<span style=\"color: #000000;\">Porcentaje de poblaci\u00f3n urbana: 62.4%.<\/span><br \/>\n<span style=\"color: #000000;\">Ciudades principales:<\/span><\/p>\n<p><span style=\"color: #000000;\"><strong><span style=\"color: #4c90cd;\">Municipio cabecera:<\/span><\/strong>\u00a0Jiman\u00ed, con 11,414 habitantes (5,842 urbana y 5,572 rural); coordenadas: 18\u00b0 28\u2032 N \u2013 71\u00b0 51\u2032 W.<\/span><\/p>\n<p><span style=\"color: #000000;\"><strong><span style=\"color: #4c90cd;\">Otros municipios:<\/span><\/strong>\u00a0Crist\u00f3bal, Duverg\u00e9, La Descubierta, Mella y Postrer R\u00edo.<\/span><\/p>\n<p><span style=\"color: #000000;\"><strong><span style=\"color: #4c90cd;\">Distritos Municipales:<\/span><\/strong>\u00a0El Lim\u00f3n, Vengan a Ver, Colonia Mixta y Guayabal.<\/span><\/p>\n<p><span style=\"color: #000000;\"><strong><span style=\"color: #4c90cd;\">Monta\u00f1as:<\/span><\/strong>\u00a0En la porci\u00f3n sur de la provincia se encuentra la Sierra de Bahoruco mientras que en el norte est\u00e1 la Sierra de Neiba.<\/span><\/p>\n<p><span style=\"color: #000000;\"><strong><span style=\"color: #4c90cd;\">Hidrolog\u00eda:<\/span><\/strong>\u00a0Los principales r\u00edos, todos de corto recorrido y que desembocan en el Lago Enriquillo, son Bermes\u00ed, Las Damas y Guayabal. La mayor parte del Lago Enriquillo se encuentra en esta provincia. La Laguna Rinc\u00f3n o Cabral se encuentra parcialmente en el l\u00edmite oriental de la provincia, compartida con la provincia Barahona. La Laguna Lim\u00f3n hace ya un tiempo que se ha secado. Adem\u00e1s se encuentran fuentes de r\u00edos resurgentes, llamados \u00abcachones\u00bb o \u00absursas\u00bb (tambi\u00e9n \u00abzurzas\u00bb, del franc\u00e9s sources), algunas de aguas sulfurosas.<\/span><\/p>\n<p><span style=\"color: #000000;\"><strong><span style=\"color: #4c90cd;\">Econom\u00eda:<\/span><\/strong>\u00a0La principal actividad de la provincia es la agropecuaria, aunque casi todo es producido en peque\u00f1as propiedades. La \u00fanica producci\u00f3n de importancia es la de tomate para uso industrial y la de caf\u00e9 en la Sierra de Neiba. Tambi\u00e9n es importante el comercio transfronterizo en Jiman\u00ed.<\/span><\/p>\n<p><span style=\"color: #000000;\"><strong><span style=\"color: #4c90cd;\">Turismo:<\/span><\/strong>\u00a0El turismo de esta provincia se concentra en el Lago Enriquillo, especialmente en las proximidades de La Descubierta. Tambi\u00e9n hay algunos lugares importantes para el turismo interno como son Las Bar\u00edas, Boca de Cach\u00f3n y La Surza.<\/span><\/p>\n<\/div>\n<\/div>\n<\/div>\n<\/div>\n<\/div>\n<\/div>\n<\/div><\/section><\/p><\/div>\n","protected":false},"excerpt":{"rendered":"","protected":false},"author":1,"featured_media":0,"parent":0,"menu_order":0,"comment_status":"closed","ping_status":"closed","template":"","meta":{"footnotes":""},"class_list":["post-366","page","type-page","status-publish","hentry"],"_links":{"self":[{"href":"https:\/\/ciepo.org\/nbsime\/wp-json\/wp\/v2\/pages\/366","targetHints":{"allow":["GET"]}}],"collection":[{"href":"https:\/\/ciepo.org\/nbsime\/wp-json\/wp\/v2\/pages"}],"about":[{"href":"https:\/\/ciepo.org\/nbsime\/wp-json\/wp\/v2\/types\/page"}],"author":[{"embeddable":true,"href":"https:\/\/ciepo.org\/nbsime\/wp-json\/wp\/v2\/users\/1"}],"replies":[{"embeddable":true,"href":"https:\/\/ciepo.org\/nbsime\/wp-json\/wp\/v2\/comments?post=366"}],"version-history":[{"count":2,"href":"https:\/\/ciepo.org\/nbsime\/wp-json\/wp\/v2\/pages\/366\/revisions"}],"predecessor-version":[{"id":605,"href":"https:\/\/ciepo.org\/nbsime\/wp-json\/wp\/v2\/pages\/366\/revisions\/605"}],"wp:attachment":[{"href":"https:\/\/ciepo.org\/nbsime\/wp-json\/wp\/v2\/media?parent=366"}],"curies":[{"name":"wp","href":"https:\/\/api.w.org\/{rel}","templated":true}]}}