{"id":344,"date":"2021-09-28T15:23:38","date_gmt":"2021-09-28T15:23:38","guid":{"rendered":"https:\/\/ciepo.org\/nbsime\/?page_id=344"},"modified":"2021-10-05T14:04:42","modified_gmt":"2021-10-05T14:04:42","slug":"donde-trabaja-ciepo","status":"publish","type":"page","link":"https:\/\/ciepo.org\/nbsime\/donde-trabaja-ciepo\/","title":{"rendered":"\u00bfD\u00d3NDE TRABAJA CIEPO?"},"content":{"rendered":"<div class='flex_column av-dhchk-f4f0d2f08542d1187a98c84062908c3d av_one_full  avia-builder-el-0  el_before_av_one_fourth  avia-builder-el-first  first flex_column_div '   ><p>\n<style type=\"text\/css\" data-created_by=\"avia_inline_auto\" id=\"style-css-av-ku48bg3e-12e2e9b88a52dc99e91896a4ca74f5d1\">\n#top .av-special-heading.av-ku48bg3e-12e2e9b88a52dc99e91896a4ca74f5d1{\npadding-bottom:10px;\n}\n<\/style>\n<div  class='av-special-heading av-ku48bg3e-12e2e9b88a52dc99e91896a4ca74f5d1 av-special-heading-h2 blockquote elegant-quote elegant-centered  avia-builder-el-1  el_before_av_hr  avia-builder-el-first  '><h2 class='av-special-heading-tag '  itemprop=\"headline\"  ><span class=\"heading-wrap\">\u00bfD\u00f3nde trabaja CIEPO?<\/span><\/h2><div class='special-heading-border'><div class='special-heading-inner-border'><\/div><\/div><\/div><br \/>\n\n<style type=\"text\/css\" data-created_by=\"avia_inline_auto\" id=\"style-css-av-7dglc-7b57f5cbbcdc6725f4683f9acdf0cacd\">\n#top .hr.hr-invisible.av-7dglc-7b57f5cbbcdc6725f4683f9acdf0cacd{\nheight:30px;\n}\n<\/style>\n<div  class='hr av-7dglc-7b57f5cbbcdc6725f4683f9acdf0cacd hr-invisible  avia-builder-el-2  el_after_av_heading  avia-builder-el-last  '><span class='hr-inner '><span class=\"hr-inner-style\"><\/span><\/span><\/div><\/p><\/div><div class='flex_column av-av_one_fourth-d846867a37b468541bc8830743d44203 av_one_fourth  avia-builder-el-3  el_after_av_one_full  el_before_av_three_fourth  first flex_column_div column-top-margin'   ><div  class='avia-builder-widget-area clearfix  avia-builder-el-4  avia-builder-el-no-sibling '><section id=\"nav_menu-2\" class=\"widget clearfix widget_nav_menu\"><div class=\"menu-lateral-quienes-somos-container\"><ul id=\"menu-lateral-quienes-somos\" class=\"menu\"><li id=\"menu-item-561\" class=\"menu-item menu-item-type-post_type menu-item-object-page menu-item-561\"><a href=\"https:\/\/ciepo.org\/nbsime\/quienes-somos\/\">\u00bfQUI\u00c9NES SOMOS?<\/a><\/li>\n<li id=\"menu-item-562\" class=\"menu-item menu-item-type-post_type menu-item-object-page menu-item-562\"><a href=\"https:\/\/ciepo.org\/nbsime\/evolucion\/\">EVOLUCI\u00d3N<\/a><\/li>\n<li id=\"menu-item-563\" class=\"menu-item menu-item-type-post_type menu-item-object-page menu-item-563\"><a href=\"https:\/\/ciepo.org\/nbsime\/estrategia\/\">ESTRATEGIA<\/a><\/li>\n<li id=\"menu-item-565\" class=\"menu-item menu-item-type-post_type menu-item-object-page menu-item-565\"><a href=\"https:\/\/ciepo.org\/nbsime\/donde-trabaja-ciepo\/\">\u00bfD\u00d3NDE TRABAJA CIEPO?<\/a><\/li>\n<li id=\"menu-item-564\" class=\"menu-item menu-item-type-post_type menu-item-object-page menu-item-564\"><a href=\"https:\/\/ciepo.org\/nbsime\/lineas-de-trabajo\/\">L\u00cdNEAS DE TRABAJO<\/a><\/li>\n<li id=\"menu-item-566\" class=\"menu-item menu-item-type-post_type menu-item-object-page menu-item-566\"><a href=\"https:\/\/ciepo.org\/nbsime\/programas-ciepo\/\">PROGRAMAS CIEPO<\/a><\/li>\n<li id=\"menu-item-567\" class=\"menu-item menu-item-type-post_type menu-item-object-page menu-item-567\"><a href=\"https:\/\/ciepo.org\/nbsime\/usuarios-as-de-ciepo\/\">USUARIOS\/AS DE CIEPO<\/a><\/li>\n<li id=\"menu-item-568\" class=\"menu-item menu-item-type-post_type menu-item-object-page menu-item-568\"><a href=\"https:\/\/ciepo.org\/nbsime\/programas-de-desarrollo\/\">PROGRAMAS DE DESARROLLO<\/a><\/li>\n<li id=\"menu-item-604\" class=\"menu-item menu-item-type-post_type menu-item-object-page menu-item-604\"><a href=\"https:\/\/ciepo.org\/nbsime\/la-region\/\">LA REGI\u00d3N<\/a><\/li>\n<\/ul><\/div><span class=\"seperator extralight-border\"><\/span><\/section><\/div><\/div><div class='flex_column av-av_three_fourth-337486787960716147ecfb4074cb91c6 av_three_fourth  avia-builder-el-5  el_after_av_one_fourth  avia-builder-el-last  flex_column_div column-top-margin'   ><section class=\"av_textblock_section \"  itemscope=\"itemscope\" itemtype=\"https:\/\/schema.org\/CreativeWork\" ><div class='avia_textblock  '   itemprop=\"text\" ><p><span style=\"color: #000000;\">El trabajo de acompa\u00f1amiento de CIEPO se concentra espec\u00edficamente en varias comunidades de la Provincia Independencia, zona fronteriza del pa\u00eds con Hait\u00ed.\u00a0 En este momento trabajamos en los siguientes municipios: La Descubierta, Postrer R\u00edo, y Jiman\u00ed, y sus respectivos secciones y parajes.<\/span><\/p>\n<p><span style=\"color: #000000;\">Pero se proyecta en el corto y mediano plazo ampliarnos a trabajar en toda la Provincia Independencia y en sus alrededores como: los bateyes No. 7, 8, 9 y 10, Duverge, Vengan a Ver, Puerto Escondido, Las Baitoas, Crist\u00f3bal, Mella, y El Lim\u00f3n.<\/span><\/p>\n<p><span style=\"color: #000000;\">En la Provincia de Bahoruco realizamos trabajos puntuales de intermediaci\u00f3n y acompa\u00f1amiento, espec\u00edficamente en las comunidades rurales de los municipios de Los R\u00edos y Villa Jaragua.<\/span><\/p>\n<\/div><\/section><\/div><\/p>\n","protected":false},"excerpt":{"rendered":"","protected":false},"author":1,"featured_media":0,"parent":0,"menu_order":0,"comment_status":"closed","ping_status":"closed","template":"","meta":{"footnotes":""},"class_list":["post-344","page","type-page","status-publish","hentry"],"_links":{"self":[{"href":"https:\/\/ciepo.org\/nbsime\/wp-json\/wp\/v2\/pages\/344","targetHints":{"allow":["GET"]}}],"collection":[{"href":"https:\/\/ciepo.org\/nbsime\/wp-json\/wp\/v2\/pages"}],"about":[{"href":"https:\/\/ciepo.org\/nbsime\/wp-json\/wp\/v2\/types\/page"}],"author":[{"embeddable":true,"href":"https:\/\/ciepo.org\/nbsime\/wp-json\/wp\/v2\/users\/1"}],"replies":[{"embeddable":true,"href":"https:\/\/ciepo.org\/nbsime\/wp-json\/wp\/v2\/comments?post=344"}],"version-history":[{"count":2,"href":"https:\/\/ciepo.org\/nbsime\/wp-json\/wp\/v2\/pages\/344\/revisions"}],"predecessor-version":[{"id":575,"href":"https:\/\/ciepo.org\/nbsime\/wp-json\/wp\/v2\/pages\/344\/revisions\/575"}],"wp:attachment":[{"href":"https:\/\/ciepo.org\/nbsime\/wp-json\/wp\/v2\/media?parent=344"}],"curies":[{"name":"wp","href":"https:\/\/api.w.org\/{rel}","templated":true}]}}