{"id":340,"date":"2021-09-28T15:17:43","date_gmt":"2021-09-28T15:17:43","guid":{"rendered":"https:\/\/ciepo.org\/nbsime\/?page_id=340"},"modified":"2021-10-05T14:07:04","modified_gmt":"2021-10-05T14:07:04","slug":"estrategia","status":"publish","type":"page","link":"https:\/\/ciepo.org\/nbsime\/estrategia\/","title":{"rendered":"ESTRATEGIA"},"content":{"rendered":"<div class='flex_column av-hilng-e910217455c449812f50436e973b8792 av_one_full  avia-builder-el-0  el_before_av_section  avia-builder-el-no-sibling  first flex_column_div '   ><p>\n<style type=\"text\/css\" data-created_by=\"avia_inline_auto\" id=\"style-css-av-ku482w26-d5728eb4c33c581d2f58bea860e289f2\">\n#top .av-special-heading.av-ku482w26-d5728eb4c33c581d2f58bea860e289f2{\npadding-bottom:10px;\n}\n<\/style>\n<div  class='av-special-heading av-ku482w26-d5728eb4c33c581d2f58bea860e289f2 av-special-heading-h2 blockquote elegant-quote elegant-centered  avia-builder-el-1  el_before_av_hr  avia-builder-el-first  '><h2 class='av-special-heading-tag '  itemprop=\"headline\"  ><span class=\"heading-wrap\">Estrategia para lograr su misi\u00f3n institucional<\/span><\/h2><div class='special-heading-border'><div class='special-heading-inner-border'><\/div><\/div><\/div><br \/>\n\n<style type=\"text\/css\" data-created_by=\"avia_inline_auto\" id=\"style-css-av-80ack-c510fee433e4a4dce0396fce912f0050\">\n#top .hr.hr-invisible.av-80ack-c510fee433e4a4dce0396fce912f0050{\nheight:30px;\n}\n<\/style>\n<div  class='hr av-80ack-c510fee433e4a4dce0396fce912f0050 hr-invisible  avia-builder-el-2  el_after_av_heading  avia-builder-el-last  '><span class='hr-inner '><span class=\"hr-inner-style\"><\/span><\/span><\/div><\/p><\/div><\/div><\/div><\/div><!-- close content main div --><\/div><\/div><div id='av_section_1'  class='avia-section av-av_section-33a9d2291b82d61b6f805bbb74b4477c main_color avia-section-large avia-no-border-styling  avia-builder-el-3  el_after_av_one_full  avia-builder-el-last  avia-bg-style-scroll  container_wrap sidebar_right'  ><div class='container av-section-cont-open' ><div class='template-page content  av-content-small alpha units'><div class='post-entry post-entry-type-page post-entry-340'><div class='entry-content-wrapper clearfix'>\n\n<style type=\"text\/css\" data-created_by=\"avia_inline_auto\" id=\"style-css-av-av_one_fourth-43099820475611fbbfa5180d953d86ba\">\n.flex_column.av-av_one_fourth-43099820475611fbbfa5180d953d86ba{\nborder-radius:0px 0px 0px 0px;\n-webkit-border-radius:0px 0px 0px 0px;\n-moz-border-radius:0px 0px 0px 0px;\n}\n<\/style>\n<div class='flex_column av-av_one_fourth-43099820475611fbbfa5180d953d86ba av_one_fourth  avia-builder-el-4  el_before_av_one_fourth  avia-builder-el-first  first flex_column_div  av-animated-generic bottom-to-top av-zero-column-padding '   ><div  class='avia-builder-widget-area clearfix  avia-builder-el-5  avia-builder-el-no-sibling '><section id=\"nav_menu-2\" class=\"widget clearfix widget_nav_menu\"><div class=\"menu-lateral-quienes-somos-container\"><ul id=\"menu-lateral-quienes-somos\" class=\"menu\"><li id=\"menu-item-561\" class=\"menu-item menu-item-type-post_type menu-item-object-page menu-item-561\"><a href=\"https:\/\/ciepo.org\/nbsime\/quienes-somos\/\">\u00bfQUI\u00c9NES SOMOS?<\/a><\/li>\n<li id=\"menu-item-562\" class=\"menu-item menu-item-type-post_type menu-item-object-page menu-item-562\"><a href=\"https:\/\/ciepo.org\/nbsime\/evolucion\/\">EVOLUCI\u00d3N<\/a><\/li>\n<li id=\"menu-item-563\" class=\"menu-item menu-item-type-post_type menu-item-object-page menu-item-563\"><a href=\"https:\/\/ciepo.org\/nbsime\/estrategia\/\">ESTRATEGIA<\/a><\/li>\n<li id=\"menu-item-565\" class=\"menu-item menu-item-type-post_type menu-item-object-page menu-item-565\"><a href=\"https:\/\/ciepo.org\/nbsime\/donde-trabaja-ciepo\/\">\u00bfD\u00d3NDE TRABAJA CIEPO?<\/a><\/li>\n<li id=\"menu-item-564\" class=\"menu-item menu-item-type-post_type menu-item-object-page menu-item-564\"><a href=\"https:\/\/ciepo.org\/nbsime\/lineas-de-trabajo\/\">L\u00cdNEAS DE TRABAJO<\/a><\/li>\n<li id=\"menu-item-566\" class=\"menu-item menu-item-type-post_type menu-item-object-page menu-item-566\"><a href=\"https:\/\/ciepo.org\/nbsime\/programas-ciepo\/\">PROGRAMAS CIEPO<\/a><\/li>\n<li id=\"menu-item-567\" class=\"menu-item menu-item-type-post_type menu-item-object-page menu-item-567\"><a href=\"https:\/\/ciepo.org\/nbsime\/usuarios-as-de-ciepo\/\">USUARIOS\/AS DE CIEPO<\/a><\/li>\n<li id=\"menu-item-568\" class=\"menu-item menu-item-type-post_type menu-item-object-page menu-item-568\"><a href=\"https:\/\/ciepo.org\/nbsime\/programas-de-desarrollo\/\">PROGRAMAS DE DESARROLLO<\/a><\/li>\n<li id=\"menu-item-604\" class=\"menu-item menu-item-type-post_type menu-item-object-page menu-item-604\"><a href=\"https:\/\/ciepo.org\/nbsime\/la-region\/\">LA REGI\u00d3N<\/a><\/li>\n<\/ul><\/div><span class=\"seperator extralight-border\"><\/span><\/section><\/div><\/div>\n<style type=\"text\/css\" data-created_by=\"avia_inline_auto\" id=\"style-css-av-av_one_fourth-334f9af36cea173305c45a30c585176c\">\n.flex_column.av-av_one_fourth-334f9af36cea173305c45a30c585176c{\nborder-radius:0px 0px 0px 0px;\n-webkit-border-radius:0px 0px 0px 0px;\n-moz-border-radius:0px 0px 0px 0px;\n}\n<\/style>\n<div class='flex_column av-av_one_fourth-334f9af36cea173305c45a30c585176c av_one_fourth  avia-builder-el-6  el_after_av_one_fourth  el_before_av_one_fourth  flex_column_div  av-animated-generic bottom-to-top av-zero-column-padding '   ><p>\n<style type=\"text\/css\" data-created_by=\"avia_inline_auto\" id=\"style-css-av-av_heading-1b3f7db2fcd8671266433f41c374de7c\">\n#top .av-special-heading.av-av_heading-1b3f7db2fcd8671266433f41c374de7c{\npadding-bottom:0px;\n}\nbody .av-special-heading.av-av_heading-1b3f7db2fcd8671266433f41c374de7c .av-special-heading-tag .heading-char{\nfont-size:25px;\npadding-bottom:10px;\n}\n<\/style>\n<div  class='av-special-heading av-av_heading-1b3f7db2fcd8671266433f41c374de7c av-special-heading-h3 blockquote elegant-quote elegant-centered  avia-builder-el-7  el_before_av_hr  avia-builder-el-first  av-icon '><h3 class='av-special-heading-tag '  itemprop=\"headline\"  ><span class='heading-char avia-font-entypo-fontello ' aria-hidden='true' data-av_icon='\ue82a' data-av_iconfont='entypo-fontello'><\/span><span class=\"heading-wrap\">Misi\u00f3n<\/span><\/h3><div class='special-heading-border'><div class='special-heading-inner-border'><\/div><\/div><\/div><br \/>\n\n<style type=\"text\/css\" data-created_by=\"avia_inline_auto\" id=\"style-css-av-av_hr-388459746f43995366c1da7cebad4377\">\n#top .hr.av-av_hr-388459746f43995366c1da7cebad4377{\nmargin-top:10px;\nmargin-bottom:10px;\n}\n.hr.av-av_hr-388459746f43995366c1da7cebad4377 .hr-inner{\nwidth:50px;\nborder-color:#a2ba23;\n}\n<\/style>\n<div  class='hr av-av_hr-388459746f43995366c1da7cebad4377 hr-custom  avia-builder-el-8  el_after_av_heading  el_before_av_textblock  hr-center hr-icon-no '><span class='hr-inner inner-border-av-border-fat'><span class=\"hr-inner-style\"><\/span><\/span><\/div><br \/>\n<section class=\"av_textblock_section \"  itemscope=\"itemscope\" itemtype=\"https:\/\/schema.org\/CreativeWork\" ><div class='avia_textblock  '   itemprop=\"text\" ><p><span style=\"color: #000000;\">CIEPO es una instituci\u00f3n reconocida por sus proyectos con los cuales contribuye al desarrollo sostenible, al bienestar y a la autogesti\u00f3n de las comunidades mas vulnerables de la provincia Independencia.<\/span><\/p>\n<\/div><\/section><\/p><\/div>\n<style type=\"text\/css\" data-created_by=\"avia_inline_auto\" id=\"style-css-av-av_one_fourth-334f9af36cea173305c45a30c585176c\">\n.flex_column.av-av_one_fourth-334f9af36cea173305c45a30c585176c{\nborder-radius:0px 0px 0px 0px;\n-webkit-border-radius:0px 0px 0px 0px;\n-moz-border-radius:0px 0px 0px 0px;\n}\n<\/style>\n<div class='flex_column av-av_one_fourth-334f9af36cea173305c45a30c585176c av_one_fourth  avia-builder-el-10  el_after_av_one_fourth  el_before_av_one_fourth  flex_column_div  av-animated-generic bottom-to-top av-zero-column-padding '   ><p>\n<style type=\"text\/css\" data-created_by=\"avia_inline_auto\" id=\"style-css-av-av_heading-5728b87185851fde8b8bfddce41ca7d9\">\n#top .av-special-heading.av-av_heading-5728b87185851fde8b8bfddce41ca7d9{\npadding-bottom:0px;\n}\nbody .av-special-heading.av-av_heading-5728b87185851fde8b8bfddce41ca7d9 .av-special-heading-tag .heading-char{\nfont-size:25px;\npadding-bottom:10px;\n}\n<\/style>\n<div  class='av-special-heading av-av_heading-5728b87185851fde8b8bfddce41ca7d9 av-special-heading-h3 blockquote elegant-quote elegant-centered  avia-builder-el-11  el_before_av_hr  avia-builder-el-first  av-icon '><h3 class='av-special-heading-tag '  itemprop=\"headline\"  ><span class='heading-char avia-font-entypo-fontello ' aria-hidden='true' data-av_icon='\ue8a8' data-av_iconfont='entypo-fontello'><\/span><span class=\"heading-wrap\">Visi\u00f3n<\/span><\/h3><div class='special-heading-border'><div class='special-heading-inner-border'><\/div><\/div><\/div><br \/>\n\n<style type=\"text\/css\" data-created_by=\"avia_inline_auto\" id=\"style-css-av-av_hr-388459746f43995366c1da7cebad4377\">\n#top .hr.av-av_hr-388459746f43995366c1da7cebad4377{\nmargin-top:10px;\nmargin-bottom:10px;\n}\n.hr.av-av_hr-388459746f43995366c1da7cebad4377 .hr-inner{\nwidth:50px;\nborder-color:#a2ba23;\n}\n<\/style>\n<div  class='hr av-av_hr-388459746f43995366c1da7cebad4377 hr-custom  avia-builder-el-12  el_after_av_heading  el_before_av_textblock  hr-center hr-icon-no '><span class='hr-inner inner-border-av-border-fat'><span class=\"hr-inner-style\"><\/span><\/span><\/div><br \/>\n<section class=\"av_textblock_section \"  itemscope=\"itemscope\" itemtype=\"https:\/\/schema.org\/CreativeWork\" ><div class='avia_textblock  '   itemprop=\"text\" ><p><span style=\"color: #000000;\">Contribuir a elevar la calidad de vida de la poblaci\u00f3n mediante la ejecuci\u00f3n de proyectos que empoderan grupos de base, aseguran servicios financieros, protegen el medio ambiente y fomentan las peque\u00f1as empresas.<\/span><\/p>\n<\/div><\/section><\/p><\/div>\n<style type=\"text\/css\" data-created_by=\"avia_inline_auto\" id=\"style-css-av-av_one_fourth-334f9af36cea173305c45a30c585176c\">\n.flex_column.av-av_one_fourth-334f9af36cea173305c45a30c585176c{\nborder-radius:0px 0px 0px 0px;\n-webkit-border-radius:0px 0px 0px 0px;\n-moz-border-radius:0px 0px 0px 0px;\n}\n<\/style>\n<div class='flex_column av-av_one_fourth-334f9af36cea173305c45a30c585176c av_one_fourth  avia-builder-el-14  el_after_av_one_fourth  avia-builder-el-last  flex_column_div  av-animated-generic bottom-to-top av-zero-column-padding '   ><p>\n<style type=\"text\/css\" data-created_by=\"avia_inline_auto\" id=\"style-css-av-av_heading-d7aa291306f052dc20b11388998a82de\">\n#top .av-special-heading.av-av_heading-d7aa291306f052dc20b11388998a82de{\npadding-bottom:0px;\n}\nbody .av-special-heading.av-av_heading-d7aa291306f052dc20b11388998a82de .av-special-heading-tag .heading-char{\nfont-size:25px;\npadding-bottom:10px;\n}\n<\/style>\n<div  class='av-special-heading av-av_heading-d7aa291306f052dc20b11388998a82de av-special-heading-h3 blockquote elegant-quote elegant-centered  avia-builder-el-15  el_before_av_hr  avia-builder-el-first  av-icon '><h3 class='av-special-heading-tag '  itemprop=\"headline\"  ><span class='heading-char avia-font-entypo-fontello ' aria-hidden='true' data-av_icon='\ue850' data-av_iconfont='entypo-fontello'><\/span><span class=\"heading-wrap\">Proyectos<\/span><\/h3><div class='special-heading-border'><div class='special-heading-inner-border'><\/div><\/div><\/div><br \/>\n\n<style type=\"text\/css\" data-created_by=\"avia_inline_auto\" id=\"style-css-av-av_hr-388459746f43995366c1da7cebad4377\">\n#top .hr.av-av_hr-388459746f43995366c1da7cebad4377{\nmargin-top:10px;\nmargin-bottom:10px;\n}\n.hr.av-av_hr-388459746f43995366c1da7cebad4377 .hr-inner{\nwidth:50px;\nborder-color:#a2ba23;\n}\n<\/style>\n<div  class='hr av-av_hr-388459746f43995366c1da7cebad4377 hr-custom  avia-builder-el-16  el_after_av_heading  el_before_av_textblock  hr-center hr-icon-no '><span class='hr-inner inner-border-av-border-fat'><span class=\"hr-inner-style\"><\/span><\/span><\/div><br \/>\n<section class=\"av_textblock_section \"  itemscope=\"itemscope\" itemtype=\"https:\/\/schema.org\/CreativeWork\" ><div class='avia_textblock  '   itemprop=\"text\" ><div class=\"wpb_column vc_column_container vc_col-sm-4 thegem-custom-614b7266410748748\">\n<div class=\"vc_column-inner \">\n<div class=\"wpb_wrapper\">\n<div class=\"wpb_text_column wpb_content_element \">\n<div class=\"wpb_wrapper\">\n<p><span style=\"color: #000000;\">CIEPO es una organizaci\u00f3n sin fines de lucro con asiento institucional en La Descubierta y su principal \u00e1rea de acci\u00f3n es la provincia Independencia. En los \u00faltimos a\u00f1os el Centro se ha consolidado como la ONG m\u00e1s importante e influyente de la zona.<\/span><\/p>\n<\/div>\n<\/div>\n<div class=\"clearboth\"><\/div>\n<div class=\"gem-divider gem-divider-style-5\"><\/div>\n<\/div>\n<\/div>\n<\/div>\n<div class=\"wpb_column vc_column_container vc_col-sm-12 thegem-custom-614b72664154a8713\">\n<div class=\"vc_column-inner \">\n<div class=\"wpb_wrapper\">\n<div class=\"clearboth\"><\/div>\n<\/div>\n<\/div>\n<\/div>\n<\/div><\/section><\/p><\/div><\/div><\/div><\/div><!-- close content main div --><\/div><\/div><div id='after_section_1'  class='main_color av_default_container_wrap container_wrap sidebar_right'  ><div class='container av-section-cont-open' ><div class='template-page content  av-content-small alpha units'><div class='post-entry post-entry-type-page post-entry-340'><div class='entry-content-wrapper clearfix'><\/p>\n","protected":false},"excerpt":{"rendered":"","protected":false},"author":1,"featured_media":0,"parent":0,"menu_order":0,"comment_status":"closed","ping_status":"closed","template":"","meta":{"footnotes":""},"class_list":["post-340","page","type-page","status-publish","hentry"],"_links":{"self":[{"href":"https:\/\/ciepo.org\/nbsime\/wp-json\/wp\/v2\/pages\/340","targetHints":{"allow":["GET"]}}],"collection":[{"href":"https:\/\/ciepo.org\/nbsime\/wp-json\/wp\/v2\/pages"}],"about":[{"href":"https:\/\/ciepo.org\/nbsime\/wp-json\/wp\/v2\/types\/page"}],"author":[{"embeddable":true,"href":"https:\/\/ciepo.org\/nbsime\/wp-json\/wp\/v2\/users\/1"}],"replies":[{"embeddable":true,"href":"https:\/\/ciepo.org\/nbsime\/wp-json\/wp\/v2\/comments?post=340"}],"version-history":[{"count":3,"href":"https:\/\/ciepo.org\/nbsime\/wp-json\/wp\/v2\/pages\/340\/revisions"}],"predecessor-version":[{"id":576,"href":"https:\/\/ciepo.org\/nbsime\/wp-json\/wp\/v2\/pages\/340\/revisions\/576"}],"wp:attachment":[{"href":"https:\/\/ciepo.org\/nbsime\/wp-json\/wp\/v2\/media?parent=340"}],"curies":[{"name":"wp","href":"https:\/\/api.w.org\/{rel}","templated":true}]}}